{"id":23758,"date":"2017-01-09T19:10:54","date_gmt":"2017-01-09T18:10:54","guid":{"rendered":"https:\/\/www.solanaibiza.com\/solana\/"},"modified":"2025-03-14T12:44:05","modified_gmt":"2025-03-14T11:44:05","slug":"solana","status":"publish","type":"page","link":"https:\/\/www.solanaibiza.com\/fr\/solana\/","title":{"rendered":"\u00c0 propos de nous"},"content":{"rendered":"\t\t<div data-elementor-type=\"wp-page\" data-elementor-id=\"23758\" class=\"elementor elementor-23758 elementor-688\" data-elementor-post-type=\"page\">\n\t\t\t\t<div class=\"elementor-element elementor-element-c9640ff e-con-full e-flex e-con e-parent\" data-id=\"c9640ff\" data-element_type=\"container\" data-e-type=\"container\" data-settings=\"{&quot;background_background&quot;:&quot;slideshow&quot;,&quot;background_slideshow_gallery&quot;:[{&quot;id&quot;:21553,&quot;url&quot;:&quot;https:\\\/\\\/www.solanaibiza.com\\\/wp-content\\\/uploads\\\/2023\\\/04\\\/terrazas-065.jpg&quot;},{&quot;id&quot;:22185,&quot;url&quot;:&quot;https:\\\/\\\/www.solanaibiza.com\\\/wp-content\\\/uploads\\\/2023\\\/05\\\/sa-carroca-club-de-campo-008.jpg&quot;},{&quot;id&quot;:23127,&quot;url&quot;:&quot;https:\\\/\\\/www.solanaibiza.com\\\/wp-content\\\/uploads\\\/2023\\\/07\\\/can-misses-edif-albors-012.jpg&quot;},{&quot;id&quot;:22582,&quot;url&quot;:&quot;https:\\\/\\\/www.solanaibiza.com\\\/wp-content\\\/uploads\\\/2023\\\/06\\\/piso-av-santa-eulalia-020.jpg&quot;},{&quot;id&quot;:22158,&quot;url&quot;:&quot;https:\\\/\\\/www.solanaibiza.com\\\/wp-content\\\/uploads\\\/2023\\\/05\\\/venda-des-coloms-029-1.jpg&quot;},{&quot;id&quot;:22019,&quot;url&quot;:&quot;https:\\\/\\\/www.solanaibiza.com\\\/wp-content\\\/uploads\\\/2023\\\/05\\\/imagen10-2.jpg&quot;},{&quot;id&quot;:19352,&quot;url&quot;:&quot;https:\\\/\\\/www.solanaibiza.com\\\/wp-content\\\/uploads\\\/2023\\\/01\\\/es-canar-003.jpg&quot;},{&quot;id&quot;:23189,&quot;url&quot;:&quot;https:\\\/\\\/www.solanaibiza.com\\\/wp-content\\\/uploads\\\/2022\\\/09\\\/corallisa-hr-011.jpg&quot;}],&quot;background_slideshow_loop&quot;:&quot;yes&quot;,&quot;background_slideshow_slide_duration&quot;:5000,&quot;background_slideshow_slide_transition&quot;:&quot;fade&quot;,&quot;background_slideshow_transition_duration&quot;:500}\">\n\t\t<div class=\"elementor-element elementor-element-34c18c0 e-flex e-con-boxed e-con e-child\" data-id=\"34c18c0\" data-element_type=\"container\" data-e-type=\"container\">\n\t\t\t\t\t<div class=\"e-con-inner\">\n\t\t\t\t<div class=\"elementor-element elementor-element-3d1c938 elementor-widget elementor-widget-heading\" data-id=\"3d1c938\" data-element_type=\"widget\" data-e-type=\"widget\" data-widget_type=\"heading.default\">\n\t\t\t\t<div class=\"elementor-widget-container\">\n\t\t\t\t\t<div class=\"elementor-heading-title elementor-size-default\">RECHERCHE SIMPLE<\/div>\t\t\t\t<\/div>\n\t\t\t\t<\/div>\n\t\t\t\t<div class=\"elementor-element elementor-element-a8417b4 search elementor-widget elementor-widget-shortcode\" data-id=\"a8417b4\" data-element_type=\"widget\" data-e-type=\"widget\" data-widget_type=\"shortcode.default\">\n\t\t\t\t<div class=\"elementor-widget-container\">\n\t\t\t\t\t\t\t<div class=\"elementor-shortcode\">    \n    <form method=\"get\" action=\"\/property-search\/\" enctype=\"application\/x-www-form-urlencoded\">\n\n\t\t<div class=\"row\">\n\t\t\t<div class=\"col-md-2\">\n\t\t\t\t<input type=\"text\" name=\"keyword\" class=\"search-home\" placeholder=\"Recherche\">\n\t\t\t<\/div>\n\t\t\t\t\t\t\t<div class=\"col-md-2\">\n\t\t\t\t\t<select name=\"type\">\n\t\t\t\t\t\t<option value=\"0\">Type<\/option>\n\t\t\t\t\t\t<option class=\"level-0\" value=\"appartements\" >Appartements<\/option>\n\t\t\t\t\t\t<option class=\"level-0\" value=\"comercial\" >Comercial<\/option>\n\t\t\t\t\t\t<option class=\"level-0\" value=\"maisons\" >Maisons<\/option>\n\t\t\t\t\t\t<option class=\"level-0\" value=\"maisons-luxe\" >Maisons luxe<\/option>\n\t\t\t\t\t\t<option class=\"level-0\" value=\"rural-houses-fr\" >Rural Houses<\/option>\n\t\t\t\t\t<\/select>\n\t\t\t\t<\/div>\n\t\t\t\n\t\t\t<div class=\"col-md-2\">\n\t\t\t\t<select name=\"areas\">\n\t\t\t\t\t<option value=\"0\">Surface<\/option>\n\t\t\t\t\t<option class=\"level-0\" value=\"formentera\" >Formentera<\/option>\n\t\t\t\t\t<option class=\"level-0\" value=\"ibiza\" >Ibiza<\/option>\n\t\t\t\t\t<option class=\"level-0\" value=\"san-antonio\" >San Antonio<\/option>\n\t\t\t\t\t<option class=\"level-0\" value=\"san-carlos\" >San Carlos<\/option>\n\t\t\t\t\t<option class=\"level-0\" value=\"san-jose\" >San Jose<\/option>\n\t\t\t\t\t<option class=\"level-0\" value=\"san-juan\" >San Juan<\/option>\n\t\t\t\t\t<option class=\"level-0\" value=\"san-lorenzo\" >San Lorenzo<\/option>\n\t\t\t\t\t<option class=\"level-0\" value=\"san-miguel\" >San Miguel<\/option>\n\t\t\t\t\t<option class=\"level-0\" value=\"san-rafael\" >San Rafael<\/option>\n\t\t\t\t\t<option class=\"level-0\" value=\"san-vicente\" >San Vicente<\/option>\n\t\t\t\t\t<option class=\"level-0\" value=\"santa-eulalia\" >Santa Eulalia<\/option>\n\t\t\t\t\t<option class=\"level-0\" value=\"santa-gertrudis\" >Santa Gertrudis<\/option>\n\t\t\t\t<\/select>\n\t\t\t<\/div>\n\n\t\t\t<div class=\"col-md-2\">\n\n\t\t\t\t<select name=\"pricerange\">\n\t\t\t\t\t<option value=\"0\">Prix<\/option>\n\t\t\t\t\t<option class=\"level-0\" value=\"under-500000\" > moins de \u20ac 500.000<\/option>\n\t\t\t\t\t<option class=\"level-0\" value=\"500000-1000000\" >&euro; 500.000 - &euro; 1.000.000<\/option>\n\t\t\t\t\t<option class=\"level-0\" value=\"1000000-2000000\" >&euro; 1.000.000 - &euro; 2.000.000<\/option>\n\t\t\t\t\t<option class=\"level-0\" value=\"2000000-3000000\" >&euro; 2.000.000 - &euro; 3.000.000<\/option>\n\t\t\t\t\t<option class=\"level-0\" value=\"3000000-5999999\" >&euro; 3.000.000 - &euro; 6.000.000<\/option>\n\t\t\t\t\t<option class=\"level-0\" value=\"6000000-higher\" >&euro; 6.000.000 plus <\/option>\n\t\t\t\t<\/select>\n\n\t\t\t<\/div>\n\n\t\t\t<div class=\"col-md-4\" style=\"padding: 0;\">\n\n\t\t\t\t<div class=\"row\">\n\t\t\t\t\t<div class=\"col-md-5\">\n\t\t\t\t\t\t<select name=\"spacerequirements\">\n\t\t\t\t\t\t\t<option value=\"0\">Chambres<\/option>\n\n\t\t\t\t\t\t\t<option class=\"level-0\" value=\"1-bedrooms\" >1 Chambres<\/option>\n\n\t\t\t\t\t\t\t<option class=\"level-0\" value=\"2-bedrooms\" >2 Chambres<\/option>\n\n\t\t\t\t\t\t\t<option class=\"level-0\" value=\"3-bedrooms\" >3 Chambres<\/option>\n\n\t\t\t\t\t\t\t<option class=\"level-0\" value=\"4-bedrooms\" >4 Chambres<\/option>\n\n\t\t\t\t\t\t\t<option class=\"level-0\" value=\"5-bedrooms\" >5 Chambres<\/option>\n\n\t\t\t\t\t\t\t<option class=\"level-0\" value=\"larger\" >6+<\/option>\n\t\t\t\t\t\t<\/select>\n\t\t\t\t\t<\/div>\n\n\t\t\t\t\t<div class=\"col-md-7 clearfix\">\n\n\t\t\t\t\t\t<div style=\"width:67%; float:left; padding-right: 4px;\">\n\t\t\t\t\t\t\t<input type=\"submit\" onclick=\"javascript: jQuery('#loader').show();\" value=\"GO\">\n\t\t\t\t\t\t<\/div>\n\t\t\t\t\t<\/div>\n\t\t\t\t<\/div>\n\n\t\t\t<\/div>\n\t\t<\/div>\n\n\t<\/form>\n    \n    <\/div>\n\t\t\t\t\t\t<\/div>\n\t\t\t\t<\/div>\n\t\t\t\t<div class=\"elementor-element elementor-element-93dc120 elementor-widget-divider--view-line elementor-widget elementor-widget-divider\" data-id=\"93dc120\" data-element_type=\"widget\" data-e-type=\"widget\" data-widget_type=\"divider.default\">\n\t\t\t\t<div class=\"elementor-widget-container\">\n\t\t\t\t\t\t\t<div class=\"elementor-divider\">\n\t\t\t<span class=\"elementor-divider-separator\">\n\t\t\t\t\t\t<\/span>\n\t\t<\/div>\n\t\t\t\t\t\t<\/div>\n\t\t\t\t<\/div>\n\t\t\t\t\t<\/div>\n\t\t\t\t<\/div>\n\t\t\t\t<\/div>\n\t\t<div class=\"elementor-element elementor-element-ec0a1a8 e-flex e-con-boxed e-con e-parent\" data-id=\"ec0a1a8\" data-element_type=\"container\" data-e-type=\"container\">\n\t\t\t\t\t<div class=\"e-con-inner\">\n\t\t\t\t<div class=\"elementor-element elementor-element-987d075 elementor-widget elementor-widget-heading\" data-id=\"987d075\" data-element_type=\"widget\" data-e-type=\"widget\" data-widget_type=\"heading.default\">\n\t\t\t\t<div class=\"elementor-widget-container\">\n\t\t\t\t\t<h1 class=\"elementor-heading-title elementor-size-default\">\u00c0 PROPOS DE NOUS<\/h1>\t\t\t\t<\/div>\n\t\t\t\t<\/div>\n\t\t\t\t\t<\/div>\n\t\t\t\t<\/div>\n\t\t<div class=\"elementor-element elementor-element-123b40b e-flex e-con-boxed e-con e-parent\" data-id=\"123b40b\" data-element_type=\"container\" data-e-type=\"container\">\n\t\t\t\t\t<div class=\"e-con-inner\">\n\t\t\t\t<div class=\"elementor-element elementor-element-0eb97b4 elementor-widget elementor-widget-image\" data-id=\"0eb97b4\" data-element_type=\"widget\" data-e-type=\"widget\" data-widget_type=\"image.default\">\n\t\t\t\t<div class=\"elementor-widget-container\">\n\t\t\t\t\t\t\t\t\t\t\t\t\t\t\t<img decoding=\"async\" src=\"https:\/\/www.solanaibiza.com\/wp-content\/uploads\/elementor\/thumbs\/solana-ibiza-office-window-1-r7e58bgk7ehwnhuepvhjsopkic2dslttx59ihxopjy.jpg\" title=\"Solana Ibiza Office Window\" alt=\"Solana Ibiza Office Window\" loading=\"lazy\" \/>\t\t\t\t\t\t\t\t\t\t\t\t\t\t\t<\/div>\n\t\t\t\t<\/div>\n\t\t\t\t<div class=\"elementor-element elementor-element-b016714 elementor-widget elementor-widget-image\" data-id=\"b016714\" data-element_type=\"widget\" data-e-type=\"widget\" data-widget_type=\"image.default\">\n\t\t\t\t<div class=\"elementor-widget-container\">\n\t\t\t\t\t\t\t\t\t\t\t\t\t\t\t<img decoding=\"async\" src=\"https:\/\/www.solanaibiza.com\/wp-content\/uploads\/elementor\/thumbs\/new-logo-grey-orange-sun-since-r7e5806hxe2gs6asjqm0yrk1dplz88l1vlfoqm5fr2.jpg\" title=\"NEW LOGO GREY ORANGE SUN SINCE\" alt=\"NEW LOGO GREY ORANGE SUN SINCE\" loading=\"lazy\" \/>\t\t\t\t\t\t\t\t\t\t\t\t\t\t\t<\/div>\n\t\t\t\t<\/div>\n\t\t\t\t<div class=\"elementor-element elementor-element-a766f13 elementor-widget elementor-widget-image\" data-id=\"a766f13\" data-element_type=\"widget\" data-e-type=\"widget\" data-widget_type=\"image.default\">\n\t\t\t\t<div class=\"elementor-widget-container\">\n\t\t\t\t\t\t\t\t\t\t\t\t\t\t\t<img decoding=\"async\" src=\"https:\/\/www.solanaibiza.com\/wp-content\/uploads\/elementor\/thumbs\/saskiabauerphotography-8opt-r7e57rpy7vqvvon2x4ydubow18roayngufkbf4hz8a.jpg\" title=\"Solana Ibiza Real Estate Agency &#8211; best properties for sale and rent in Ibiza\" alt=\"Solana Ibiza Real Estate Agency - best properties for sale and rent in Ibiza\" loading=\"lazy\" \/>\t\t\t\t\t\t\t\t\t\t\t\t\t\t\t<\/div>\n\t\t\t\t<\/div>\n\t\t\t\t\t<\/div>\n\t\t\t\t<\/div>\n\t\t<div class=\"elementor-element elementor-element-f1344f9 e-flex e-con-boxed e-con e-parent\" data-id=\"f1344f9\" data-element_type=\"container\" data-e-type=\"container\">\n\t\t\t\t\t<div class=\"e-con-inner\">\n\t\t<div class=\"elementor-element elementor-element-4bb39a5 e-con-full e-flex e-con e-child\" data-id=\"4bb39a5\" data-element_type=\"container\" data-e-type=\"container\">\n\t\t\t\t<div class=\"elementor-element elementor-element-54b013d elementor-widget elementor-widget-text-editor\" data-id=\"54b013d\" data-element_type=\"widget\" data-e-type=\"widget\" data-widget_type=\"text-editor.default\">\n\t\t\t\t<div class=\"elementor-widget-container\">\n\t\t\t\t\t\t\t\t\t<p>&nbsp;<\/p>\n<p><a href=\"https:\/\/www.solanaibiza.com\/wp-content\/uploads\/2023\/03\/pepa.jpg\"><img fetchpriority=\"high\" decoding=\"async\" class=\"wp-image-21311 size-medium aligncenter\" src=\"https:\/\/www.solanaibiza.com\/wp-content\/uploads\/2023\/03\/pepa-300x239.jpg\" alt=\"Pepa\" width=\"300\" height=\"239\"><\/a><\/p>\n<p>&nbsp;<\/p>\n<p>PEPA<\/p>\n<p>&nbsp;<\/p>\n<p>Cela fait 22 ans que je dirige mon entreprise, mais cela fait surtout 22 ans que je fais en sorte que mes clients r\u00e9alisent leurs r\u00eaves, que ce soit en trouvant la propri\u00e9t\u00e9 qui leur convient le mieux ou en vendant celle pour laquelle ils ont investi tant d\u2019efforts et d\u2019amour.<\/p>\n<p>G\u00e9rer une entreprise comme Solana Gesti\u00f3n Inmobiliaria \/ Real Estate, cela veut dire travailler \u00e0 une infinit\u00e9 de niveaux. De la recherche de nouvelles propri\u00e9t\u00e9s \u00e0 la prise en compte de tous les d\u00e9tails, pour que les clients se sentent \u00e0 l\u2019aise, accompagn\u00e9s \u00e0 toutes les \u00e9tapes de chaque transaction.<\/p>\n<p>Outre les comp\u00e9tences que l\u2019on attend de moi \u00e0 mon poste, notamment une connaissance approfondie de la l\u00e9gislation en mati\u00e8re d\u2019urbanisme et de fiscalit\u00e9, et la capacit\u00e9 de parler 5 langues pour pouvoir servir des clients issus des quatre coins du monde, j\u2019ai appliqu\u00e9 \u00e0 mon travail ma personnalit\u00e9 avenante et amicale et ma volont\u00e9 de r\u00e9soudre tous les probl\u00e8mes qui se pr\u00e9sentent, car je crois fermement qu\u2019il y a toujours une solution.<\/p>\n<p>Ce m\u00e9lange de comp\u00e9tences que j\u2019ai essay\u00e9 d\u2019imprimer au caract\u00e8re de notre entreprise a forg\u00e9 notre r\u00e9putation de fa\u00e7on organique et naturelle. Sur l\u2019\u00eele, nous sommes une r\u00e9f\u00e9rence quand il s\u2019agit de s\u00e9rieux, de savoir-faire et de transparence. Nous sommes synonymes d\u2019informations fiables et objectives, ce qui est notre plus grande r\u00e9ussite.<\/p>\n<p>Nos clients savent qu\u2019ils peuvent nous faire confiance et nous recommandent sans h\u00e9siter. Beaucoup d\u2019entre eux finissent m\u00eame par devenir des amis que nous conservons au fil des ans. Tel est mon objectif en tant que professionnelle : que mes clients me voient comme quelqu\u2019un qui va jusqu\u2019au bout pour r\u00e9soudre leurs probl\u00e8mes, soit par mes propres moyens, soit en d\u00e9l\u00e9guant de fa\u00e7on intelligente.<\/p>\n<p>&nbsp;<\/p>\n<p>&nbsp;<\/p>\n<p>&nbsp;<\/p>\n<p>&nbsp;<\/p>\n<p><a href=\"https:\/\/www.solanaibiza.com\/wp-content\/uploads\/2023\/03\/andrea.jpg\"><img decoding=\"async\" class=\"size-medium wp-image-21310 aligncenter\" src=\"https:\/\/www.solanaibiza.com\/wp-content\/uploads\/2023\/03\/andrea-300x239.jpg\" alt=\"Andrea\" width=\"300\" height=\"239\"><\/a><\/p>\n<p>&nbsp;<\/p>\n<p>ANDREA<\/p>\n<p>&nbsp;<\/p>\n<p>Je traite chaque client comme si c\u2019\u00e9tait mon seul client et je l\u2019accompagne longtemps apr\u00e8s la vente.<\/p>\n<p>S\u2019il y a une chose que mon exp\u00e9rience dans le secteur de l\u2019immobilier et en tant que directrice des op\u00e9rations \u00e0 Londres, Leeds et Manchester m\u2019a appris, c\u2019est qu\u2019en faisant les choses avec patience, transparence et sans rien laisser au hasard, je me sens \u00e0 l\u2019aise dans ma relation avec mes clients, ce qui les s\u00e9curise.<\/p>\n<p>Mais ce n\u2019est pas uniquement une question d\u2019exp\u00e9rience. Sur le plan acad\u00e9mique, je peux dire que j\u2019ai suivi des \u00e9tudes universitaires (Business Management) en Angleterre, j\u2019ai \u00e9tudi\u00e9 le commerce et le marketing \u00e0 Madrid et je termine actuellement mes \u00e9tudes pour devenir agent immobilier agr\u00e9\u00e9.<\/p>\n<p>Ma plus grande ambition, c\u2019est de me sentir r\u00e9alis\u00e9e en tant que professionnelle. Pouvoir fournir aux clients un service si personnalis\u00e9e qu\u2019ils n\u2019ont pas l\u2019impression d\u2019\u00eatre un simple \u00e9l\u00e9ment d\u2019une transaction quelconque. Pour ce faire, j\u2019aborde chaque t\u00e2che, aussi petite soit-elle, comme un d\u00e9fi sur lequel je dois concentrer tous mes efforts. \u00c0 mon avis, c\u2019est cette attitude partag\u00e9e avec le reste de l\u2019entreprise qui nous distingue des autres et qui explique pourquoi nos clients nous recommandent.<\/p>\t\t\t\t\t\t\t\t<\/div>\n\t\t\t\t<\/div>\n\t\t\t\t<\/div>\n\t\t\t\t\t<\/div>\n\t\t\t\t<\/div>\n\t\t<div class=\"elementor-element elementor-element-21ec1d3 e-con-full e-flex e-con e-parent\" data-id=\"21ec1d3\" data-element_type=\"container\" data-e-type=\"container\">\n\t\t<div class=\"elementor-element elementor-element-8d914ab e-con-full e-flex e-con e-child\" data-id=\"8d914ab\" data-element_type=\"container\" data-e-type=\"container\">\n\t\t\t\t<div class=\"elementor-element elementor-element-8d07c84 elementor-widget elementor-widget-heading\" data-id=\"8d07c84\" data-element_type=\"widget\" data-e-type=\"widget\" data-widget_type=\"heading.default\">\n\t\t\t\t<div class=\"elementor-widget-container\">\n\t\t\t\t\t<div class=\"elementor-heading-title elementor-size-default\">RENDEZ NOUS VISITE<\/div>\t\t\t\t<\/div>\n\t\t\t\t<\/div>\n\t\t\t\t<div class=\"elementor-element elementor-element-0655bc0 elementor-widget elementor-widget-image\" data-id=\"0655bc0\" data-element_type=\"widget\" data-e-type=\"widget\" data-widget_type=\"image.default\">\n\t\t\t\t<div class=\"elementor-widget-container\">\n\t\t\t\t\t\t\t\t\t\t\t\t\t\t\t<img decoding=\"async\" width=\"800\" height=\"520\" src=\"https:\/\/www.solanaibiza.com\/wp-content\/uploads\/2023\/07\/solana-ibiza-destacada.jpg\" class=\"attachment-large size-large wp-image-66026\" alt=\"\" srcset=\"https:\/\/www.solanaibiza.com\/wp-content\/uploads\/2023\/07\/solana-ibiza-destacada.jpg 865w, https:\/\/www.solanaibiza.com\/wp-content\/uploads\/2023\/07\/solana-ibiza-destacada-300x195.jpg 300w, https:\/\/www.solanaibiza.com\/wp-content\/uploads\/2023\/07\/solana-ibiza-destacada-768x499.jpg 768w\" sizes=\"(max-width: 800px) 100vw, 800px\" \/>\t\t\t\t\t\t\t\t\t\t\t\t\t\t\t<\/div>\n\t\t\t\t<\/div>\n\t\t\t\t<\/div>\n\t\t<div class=\"elementor-element elementor-element-e51f88d e-con-full e-flex e-con e-child\" data-id=\"e51f88d\" data-element_type=\"container\" data-e-type=\"container\">\n\t\t\t\t<div class=\"elementor-element elementor-element-b51ce0a elementor-widget elementor-widget-heading\" data-id=\"b51ce0a\" data-element_type=\"widget\" data-e-type=\"widget\" data-widget_type=\"heading.default\">\n\t\t\t\t<div class=\"elementor-widget-container\">\n\t\t\t\t\t<div class=\"elementor-heading-title elementor-size-default\">O\u00d9 SOMMES-NOUS<\/div>\t\t\t\t<\/div>\n\t\t\t\t<\/div>\n\t\t\t\t<div class=\"elementor-element elementor-element-83dcd7a elementor-widget elementor-widget-html\" data-id=\"83dcd7a\" data-element_type=\"widget\" data-e-type=\"widget\" data-widget_type=\"html.default\">\n\t\t\t\t<div class=\"elementor-widget-container\">\n\t\t\t\t\t<iframe src=\"https:\/\/www.google.com\/maps\/embed?pb=!1m18!1m12!1m3!1d198513.62616525026!2d1.2525801773932967!3d38.974796025169816!2m3!1f0!2f0!3f0!3m2!1i1024!2i768!4f13.1!3m3!1m2!1s0x1299414ab00b74fb%3A0x909b88fe093aa60f!2sAgencia%20Inmobiliaria%20Ibiza%20-%20Solana%20Ibiza%20Real%20Estate!5e0!3m2!1ses!2ses!4v1713778177562!5m2!1ses!2ses&z=13\" width=\"512\" height=\"490\" style=\"border:0;\" allowfullscreen=\"\" loading=\"lazy\" referrerpolicy=\"no-referrer-when-downgrade\"><\/iframe>\r\n\t\t\t\t<\/div>\n\t\t\t\t<\/div>\n\t\t\t\t<\/div>\n\t\t\t\t<\/div>\n\t\t\t\t<\/div>\n\t\t","protected":false},"excerpt":{"rendered":"<p>RECHERCHE SIMPLE \u00c0 PROPOS DE NOUS &nbsp; &nbsp; PEPA &nbsp; Cela fait 22 ans que je dirige mon entreprise, mais cela fait surtout 22 ans que je fais en sorte que mes clients r\u00e9alisent leurs r\u00eaves, que ce soit en trouvant la propri\u00e9t\u00e9 qui leur convient le mieux ou en vendant celle pour laquelle ils [&hellip;]<\/p>\n","protected":false},"author":2,"featured_media":29667,"parent":0,"menu_order":0,"comment_status":"closed","ping_status":"closed","template":"","meta":{"_acf_changed":false,"footnotes":""},"class_list":["post-23758","page","type-page","status-publish","has-post-thumbnail","hentry"],"acf":[],"_links":{"self":[{"href":"https:\/\/www.solanaibiza.com\/fr\/wp-json\/wp\/v2\/pages\/23758","targetHints":{"allow":["GET"]}}],"collection":[{"href":"https:\/\/www.solanaibiza.com\/fr\/wp-json\/wp\/v2\/pages"}],"about":[{"href":"https:\/\/www.solanaibiza.com\/fr\/wp-json\/wp\/v2\/types\/page"}],"author":[{"embeddable":true,"href":"https:\/\/www.solanaibiza.com\/fr\/wp-json\/wp\/v2\/users\/2"}],"replies":[{"embeddable":true,"href":"https:\/\/www.solanaibiza.com\/fr\/wp-json\/wp\/v2\/comments?post=23758"}],"version-history":[{"count":0,"href":"https:\/\/www.solanaibiza.com\/fr\/wp-json\/wp\/v2\/pages\/23758\/revisions"}],"wp:featuredmedia":[{"embeddable":true,"href":"https:\/\/www.solanaibiza.com\/fr\/wp-json\/wp\/v2\/media\/29667"}],"wp:attachment":[{"href":"https:\/\/www.solanaibiza.com\/fr\/wp-json\/wp\/v2\/media?parent=23758"}],"curies":[{"name":"wp","href":"https:\/\/api.w.org\/{rel}","templated":true}]}}