{"id":23738,"date":"2016-09-01T09:05:19","date_gmt":"2016-09-01T07:05:19","guid":{"rendered":"https:\/\/www.solanaibiza.com\/contacter\/"},"modified":"2026-05-12T19:40:34","modified_gmt":"2026-05-12T17:40:34","slug":"contacter","status":"publish","type":"page","link":"https:\/\/www.solanaibiza.com\/fr\/contacter\/","title":{"rendered":"Contacter"},"content":{"rendered":"\t\t<div data-elementor-type=\"wp-page\" data-elementor-id=\"23738\" class=\"elementor elementor-23738 elementor-21\" data-elementor-post-type=\"page\">\n\t\t\t\t<div class=\"elementor-element elementor-element-8bbd2c3 e-flex e-con-boxed e-con e-parent\" data-id=\"8bbd2c3\" data-element_type=\"container\" data-e-type=\"container\" data-settings=\"{&quot;background_background&quot;:&quot;slideshow&quot;,&quot;background_slideshow_gallery&quot;:[{&quot;id&quot;:91241,&quot;url&quot;:&quot;https:\\\/\\\/www.solanaibiza.com\\\/wp-content\\\/uploads\\\/2026\\\/05\\\/terrazas-065.jpg&quot;},{&quot;id&quot;:91245,&quot;url&quot;:&quot;https:\\\/\\\/www.solanaibiza.com\\\/wp-content\\\/uploads\\\/2026\\\/05\\\/sa-carroca-club-de-campo-008.jpg&quot;},{&quot;id&quot;:91249,&quot;url&quot;:&quot;https:\\\/\\\/www.solanaibiza.com\\\/wp-content\\\/uploads\\\/2026\\\/05\\\/imagen10-2.jpg&quot;},{&quot;id&quot;:91253,&quot;url&quot;:&quot;https:\\\/\\\/www.solanaibiza.com\\\/wp-content\\\/uploads\\\/2026\\\/05\\\/es-canar-003.jpg&quot;}],&quot;background_slideshow_loop&quot;:&quot;yes&quot;,&quot;background_slideshow_slide_duration&quot;:5000,&quot;background_slideshow_slide_transition&quot;:&quot;fade&quot;,&quot;background_slideshow_transition_duration&quot;:500}\">\n\t\t\t\t\t<div class=\"e-con-inner\">\n\t\t\t\t\t<\/div>\n\t\t\t\t<\/div>\n\t\t<div class=\"elementor-element elementor-element-b5e0b6a e-flex e-con-boxed e-con e-parent\" data-id=\"b5e0b6a\" data-element_type=\"container\" data-e-type=\"container\">\n\t\t\t\t\t<div class=\"e-con-inner\">\n\t\t<div class=\"elementor-element elementor-element-cbdc871 e-con-full e-flex e-con e-child\" data-id=\"cbdc871\" data-element_type=\"container\" data-e-type=\"container\" data-settings=\"{&quot;background_background&quot;:&quot;classic&quot;}\">\n\t\t\t\t<div class=\"elementor-element elementor-element-0fc7981 search elementor-widget elementor-widget-shortcode\" data-id=\"0fc7981\" data-element_type=\"widget\" data-e-type=\"widget\" data-widget_type=\"shortcode.default\">\n\t\t\t\t<div class=\"elementor-widget-container\">\n\t\t\t\t\t\t\t<div class=\"elementor-shortcode\">    \n    <form method=\"get\" action=\"\/property-search\/\" enctype=\"application\/x-www-form-urlencoded\">\n\n\t\t<div class=\"row\">\n\t\t\t<div class=\"col-md-2\">\n\t\t\t\t<input type=\"text\" name=\"keyword\" class=\"search-home\" placeholder=\"Recherche\">\n\t\t\t<\/div>\n\t\t\t\t\t\t\t<div class=\"col-md-2\">\n\t\t\t\t\t<select name=\"type\">\n\t\t\t\t\t\t<option value=\"0\">Type<\/option>\n\t\t\t\t\t\t<option class=\"level-0\" value=\"appartements\" >Appartements<\/option>\n\t\t\t\t\t\t<option class=\"level-0\" value=\"appartements-2\" >Appartements<\/option>\n\t\t\t\t\t\t<option class=\"level-0\" value=\"comercial\" >Comercial<\/option>\n\t\t\t\t\t\t<option class=\"level-0\" value=\"maisons\" >Maisons<\/option>\n\t\t\t\t\t\t<option class=\"level-0\" value=\"maisons-luxe\" >Maisons luxe<\/option>\n\t\t\t\t\t\t<option class=\"level-0\" value=\"rural-houses-fr\" >Rural Houses<\/option>\n\t\t\t\t\t<\/select>\n\t\t\t\t<\/div>\n\t\t\t\n\t\t\t<div class=\"col-md-2\">\n\t\t\t\t<select name=\"areas\">\n\t\t\t\t\t<option value=\"0\">Surface<\/option>\n\t\t\t\t\t<option class=\"level-0\" value=\"formentera\" >Formentera<\/option>\n\t\t\t\t\t<option class=\"level-0\" value=\"ibiza\" >Ibiza<\/option>\n\t\t\t\t\t<option class=\"level-0\" value=\"san-antonio\" >San Antonio<\/option>\n\t\t\t\t\t<option class=\"level-0\" value=\"san-carlos\" >San Carlos<\/option>\n\t\t\t\t\t<option class=\"level-0\" value=\"san-jose\" >San Jose<\/option>\n\t\t\t\t\t<option class=\"level-0\" value=\"san-juan\" >San Juan<\/option>\n\t\t\t\t\t<option class=\"level-0\" value=\"san-lorenzo\" >San Lorenzo<\/option>\n\t\t\t\t\t<option class=\"level-0\" value=\"san-miguel\" >San Miguel<\/option>\n\t\t\t\t\t<option class=\"level-0\" value=\"san-rafael\" >San Rafael<\/option>\n\t\t\t\t\t<option class=\"level-0\" value=\"san-vicente\" >San Vicente<\/option>\n\t\t\t\t\t<option class=\"level-0\" value=\"santa-eulalia\" >Santa Eulalia<\/option>\n\t\t\t\t\t<option class=\"level-0\" value=\"santa-gertrudis\" >Santa Gertrudis<\/option>\n\t\t\t\t<\/select>\n\t\t\t<\/div>\n\n\t\t\t<div class=\"col-md-2\">\n\n\t\t\t\t<select name=\"pricerange\">\n\t\t\t\t\t<option value=\"0\">Prix<\/option>\n\t\t\t\t\t<option class=\"level-0\" value=\"under-500000\" > moins de \u20ac 500.000<\/option>\n\t\t\t\t\t<option class=\"level-0\" value=\"500000-1000000\" >&euro; 500.000 - &euro; 1.000.000<\/option>\n\t\t\t\t\t<option class=\"level-0\" value=\"1000000-2000000\" >&euro; 1.000.000 - &euro; 2.000.000<\/option>\n\t\t\t\t\t<option class=\"level-0\" value=\"2000000-3000000\" >&euro; 2.000.000 - &euro; 3.000.000<\/option>\n\t\t\t\t\t<option class=\"level-0\" value=\"3000000-5999999\" >&euro; 3.000.000 - &euro; 6.000.000<\/option>\n\t\t\t\t\t<option class=\"level-0\" value=\"6000000-higher\" >&euro; 6.000.000 plus <\/option>\n\t\t\t\t<\/select>\n\n\t\t\t<\/div>\n\n\t\t\t<div class=\"col-md-4\" style=\"padding: 0;\">\n\n\t\t\t\t<div class=\"row\">\n\t\t\t\t\t<div class=\"col-md-5\">\n\t\t\t\t\t\t<select name=\"spacerequirements\">\n\t\t\t\t\t\t\t<option value=\"0\">Chambres<\/option>\n\n\t\t\t\t\t\t\t<option class=\"level-0\" value=\"1-bedrooms\" >1 Chambres<\/option>\n\n\t\t\t\t\t\t\t<option class=\"level-0\" value=\"2-bedrooms\" >2 Chambres<\/option>\n\n\t\t\t\t\t\t\t<option class=\"level-0\" value=\"3-bedrooms\" >3 Chambres<\/option>\n\n\t\t\t\t\t\t\t<option class=\"level-0\" value=\"4-bedrooms\" >4 Chambres<\/option>\n\n\t\t\t\t\t\t\t<option class=\"level-0\" value=\"5-bedrooms\" >5 Chambres<\/option>\n\n\t\t\t\t\t\t\t<option class=\"level-0\" value=\"larger\" >6+<\/option>\n\t\t\t\t\t\t<\/select>\n\t\t\t\t\t<\/div>\n\n\t\t\t\t\t<div class=\"col-md-7 clearfix\">\n\n\t\t\t\t\t\t<div style=\"width:67%; float:left; padding-right: 4px;\">\n\t\t\t\t\t\t\t<input type=\"submit\" onclick=\"javascript: jQuery('#loader').show();\" value=\"GO\">\n\t\t\t\t\t\t<\/div>\n\t\t\t\t\t<\/div>\n\t\t\t\t<\/div>\n\n\t\t\t<\/div>\n\t\t<\/div>\n\n\t<\/form>\n    \n    <\/div>\n\t\t\t\t\t\t<\/div>\n\t\t\t\t<\/div>\n\t\t\t\t<\/div>\n\t\t\t\t\t<\/div>\n\t\t\t\t<\/div>\n\t\t<div class=\"elementor-element elementor-element-d22d96f e-flex e-con-boxed e-con e-parent\" data-id=\"d22d96f\" data-element_type=\"container\" data-e-type=\"container\">\n\t\t\t\t\t<div class=\"e-con-inner\">\n\t\t<div class=\"elementor-element elementor-element-60e0ec8 e-con-full e-flex e-con e-child\" data-id=\"60e0ec8\" data-element_type=\"container\" data-e-type=\"container\">\n\t\t\t\t<div class=\"elementor-element elementor-element-98bb71f elementor-widget elementor-widget-heading\" data-id=\"98bb71f\" data-element_type=\"widget\" data-e-type=\"widget\" data-widget_type=\"heading.default\">\n\t\t\t\t<div class=\"elementor-widget-container\">\n\t\t\t\t\t<h2 class=\"elementor-heading-title elementor-size-default\">Vous avez d'autres questions ? <br>Contactez-nous<\/h2>\t\t\t\t<\/div>\n\t\t\t\t<\/div>\n\t\t\t\t<div class=\"elementor-element elementor-element-25257dc elementor-widget elementor-widget-text-editor\" data-id=\"25257dc\" data-element_type=\"widget\" data-e-type=\"widget\" data-widget_type=\"text-editor.default\">\n\t\t\t\t<div class=\"elementor-widget-container\">\n\t\t\t\t\t\t\t\t\t<p>Pour avoir plus d\u00b4informations concernant les <a href=\"https:\/\/www.solanaibiza.com\/fr\/ventes\/\">propri\u00e9t\u00e9s<\/a> de ce site ou pour avoir la disponibilit\u00e9 des <a href=\"https:\/\/www.solanaibiza.com\/fr\/locations\/\">autres<\/a>, on vous prie de remplir ce questionnaire et l\u00b4envoyer.<\/p>\t\t\t\t\t\t\t\t<\/div>\n\t\t\t\t<\/div>\n\t\t\t\t<div class=\"elementor-element elementor-element-9ecf83e elementor-align-start elementor-icon-list--layout-traditional elementor-list-item-link-full_width elementor-widget elementor-widget-icon-list\" data-id=\"9ecf83e\" data-element_type=\"widget\" data-e-type=\"widget\" data-widget_type=\"icon-list.default\">\n\t\t\t\t<div class=\"elementor-widget-container\">\n\t\t\t\t\t\t\t<ul class=\"elementor-icon-list-items\">\n\t\t\t\t\t\t\t<li class=\"elementor-icon-list-item\">\n\t\t\t\t\t\t\t\t\t\t\t<a href=\"tel:+34971190709\" target=\"_blank\">\n\n\t\t\t\t\t\t\t\t\t\t\t\t<span class=\"elementor-icon-list-icon\">\n\t\t\t\t\t\t\t<i aria-hidden=\"true\" class=\"fas fa-phone-alt\"><\/i>\t\t\t\t\t\t<\/span>\n\t\t\t\t\t\t\t\t\t\t<span class=\"elementor-icon-list-text\">+34 971 190 709<\/span>\n\t\t\t\t\t\t\t\t\t\t\t<\/a>\n\t\t\t\t\t\t\t\t\t<\/li>\n\t\t\t\t\t\t\t\t<li class=\"elementor-icon-list-item\">\n\t\t\t\t\t\t\t\t\t\t\t<a href=\"https:\/\/wa.me\/34607902612\" target=\"_blank\" rel=\"noopener\">\n\n\t\t\t\t\t\t\t\t\t\t\t\t<span class=\"elementor-icon-list-icon\">\n\t\t\t\t\t\t\t<i aria-hidden=\"true\" class=\"fab fa-whatsapp\"><\/i>\t\t\t\t\t\t<\/span>\n\t\t\t\t\t\t\t\t\t\t<span class=\"elementor-icon-list-text\">+34 607 902 612<\/span>\n\t\t\t\t\t\t\t\t\t\t\t<\/a>\n\t\t\t\t\t\t\t\t\t<\/li>\n\t\t\t\t\t\t\t\t<li class=\"elementor-icon-list-item\">\n\t\t\t\t\t\t\t\t\t\t\t<a href=\"https:\/\/maps.app.goo.gl\/QddCbeuSEMJPM4E99\" target=\"_blank\" rel=\"noopener\">\n\n\t\t\t\t\t\t\t\t\t\t\t\t<span class=\"elementor-icon-list-icon\">\n\t\t\t\t\t\t\t<i aria-hidden=\"true\" class=\"fas fa-map-marker-alt\"><\/i>\t\t\t\t\t\t<\/span>\n\t\t\t\t\t\t\t\t\t\t<span class=\"elementor-icon-list-text\">Via Romana 17, bajos 07800, Ibiza, Islas Baleares, (Espa\u00f1a)<\/span>\n\t\t\t\t\t\t\t\t\t\t\t<\/a>\n\t\t\t\t\t\t\t\t\t<\/li>\n\t\t\t\t\t\t<\/ul>\n\t\t\t\t\t\t<\/div>\n\t\t\t\t<\/div>\n\t\t\t\t<div class=\"elementor-element elementor-element-a1cbdc4 elementor-shape-square e-grid-align-left elementor-grid-0 elementor-widget elementor-widget-social-icons\" data-id=\"a1cbdc4\" data-element_type=\"widget\" data-e-type=\"widget\" data-widget_type=\"social-icons.default\">\n\t\t\t\t<div class=\"elementor-widget-container\">\n\t\t\t\t\t\t\t<div class=\"elementor-social-icons-wrapper elementor-grid\" role=\"list\">\n\t\t\t\t\t\t\t<span class=\"elementor-grid-item\" role=\"listitem\">\n\t\t\t\t\t<a class=\"elementor-icon elementor-social-icon elementor-social-icon-facebook elementor-repeater-item-caf4101\" href=\"https:\/\/www.facebook.com\/solanaibiza\/\" target=\"_blank\" rel=\"noopener\">\n\t\t\t\t\t\t<span class=\"elementor-screen-only\">Facebook<\/span>\n\t\t\t\t\t\t<i aria-hidden=\"true\" class=\"fab fa-facebook\"><\/i>\t\t\t\t\t<\/a>\n\t\t\t\t<\/span>\n\t\t\t\t\t\t\t<span class=\"elementor-grid-item\" role=\"listitem\">\n\t\t\t\t\t<a class=\"elementor-icon elementor-social-icon elementor-social-icon-twitter elementor-repeater-item-5211571\" href=\"https:\/\/twitter.com\/solanaibiza\" target=\"_blank\" rel=\"noopener\">\n\t\t\t\t\t\t<span class=\"elementor-screen-only\">Twitter<\/span>\n\t\t\t\t\t\t<i aria-hidden=\"true\" class=\"fab fa-twitter\"><\/i>\t\t\t\t\t<\/a>\n\t\t\t\t<\/span>\n\t\t\t\t\t\t\t<span class=\"elementor-grid-item\" role=\"listitem\">\n\t\t\t\t\t<a class=\"elementor-icon elementor-social-icon elementor-social-icon-instagram elementor-repeater-item-d01cf80\" href=\"https:\/\/www.instagram.com\/solanaibiza\/\" target=\"_blank\" rel=\"noopener\">\n\t\t\t\t\t\t<span class=\"elementor-screen-only\">Instagram<\/span>\n\t\t\t\t\t\t<i aria-hidden=\"true\" class=\"fab fa-instagram\"><\/i>\t\t\t\t\t<\/a>\n\t\t\t\t<\/span>\n\t\t\t\t\t\t\t<span class=\"elementor-grid-item\" role=\"listitem\">\n\t\t\t\t\t<a class=\"elementor-icon elementor-social-icon elementor-social-icon-pinterest elementor-repeater-item-8132bd2\" href=\"https:\/\/es.pinterest.com\/solanaibiza\/\" target=\"_blank\" rel=\"noopener\">\n\t\t\t\t\t\t<span class=\"elementor-screen-only\">Pinterest<\/span>\n\t\t\t\t\t\t<i aria-hidden=\"true\" class=\"fab fa-pinterest\"><\/i>\t\t\t\t\t<\/a>\n\t\t\t\t<\/span>\n\t\t\t\t\t\t\t<span class=\"elementor-grid-item\" role=\"listitem\">\n\t\t\t\t\t<a class=\"elementor-icon elementor-social-icon elementor-social-icon-youtube elementor-repeater-item-dd3f6e8\" href=\"https:\/\/www.youtube.com\/channel\/UCImGpNa5VqOapel3TjGGE_w\" target=\"_blank\" rel=\"noopener\">\n\t\t\t\t\t\t<span class=\"elementor-screen-only\">Youtube<\/span>\n\t\t\t\t\t\t<i aria-hidden=\"true\" class=\"fab fa-youtube\"><\/i>\t\t\t\t\t<\/a>\n\t\t\t\t<\/span>\n\t\t\t\t\t\t\t<span class=\"elementor-grid-item\" role=\"listitem\">\n\t\t\t\t\t<a class=\"elementor-icon elementor-social-icon elementor-social-icon-linkedin elementor-repeater-item-b458fff\" href=\"https:\/\/www.linkedin.com\/company\/solana-ibiza\/\" target=\"_blank\" rel=\"noopener\">\n\t\t\t\t\t\t<span class=\"elementor-screen-only\">Linkedin<\/span>\n\t\t\t\t\t\t<i aria-hidden=\"true\" class=\"fab fa-linkedin\"><\/i>\t\t\t\t\t<\/a>\n\t\t\t\t<\/span>\n\t\t\t\t\t<\/div>\n\t\t\t\t\t\t<\/div>\n\t\t\t\t<\/div>\n\t\t\t\t<div class=\"elementor-element elementor-element-94bd435 elementor-widget elementor-widget-image\" data-id=\"94bd435\" data-element_type=\"widget\" data-e-type=\"widget\" data-widget_type=\"image.default\">\n\t\t\t\t<div class=\"elementor-widget-container\">\n\t\t\t\t\t\t\t\t\t\t\t\t\t\t\t<img decoding=\"async\" width=\"400\" height=\"58\" src=\"https:\/\/www.solanaibiza.com\/wp-content\/uploads\/2026\/05\/api-pimeef-ok-1.jpg\" class=\"attachment-large size-large wp-image-91270\" alt=\"\" srcset=\"https:\/\/www.solanaibiza.com\/wp-content\/uploads\/2026\/05\/api-pimeef-ok-1.jpg 400w, https:\/\/www.solanaibiza.com\/wp-content\/uploads\/2026\/05\/api-pimeef-ok-1-300x44.jpg 300w\" sizes=\"(max-width: 400px) 100vw, 400px\" \/>\t\t\t\t\t\t\t\t\t\t\t\t\t\t\t<\/div>\n\t\t\t\t<\/div>\n\t\t\t\t<\/div>\n\t\t<div class=\"elementor-element elementor-element-4ad7eeb e-con-full e-flex e-con e-child\" data-id=\"4ad7eeb\" data-element_type=\"container\" data-e-type=\"container\" data-settings=\"{&quot;background_background&quot;:&quot;classic&quot;}\">\n\t\t\t\t<div class=\"elementor-element elementor-element-cd48191 elementor-button-align-stretch elementor-widget elementor-widget-form\" data-id=\"cd48191\" data-element_type=\"widget\" data-e-type=\"widget\" data-settings=\"{&quot;step_next_label&quot;:&quot;Next&quot;,&quot;step_previous_label&quot;:&quot;Previous&quot;,&quot;button_width&quot;:&quot;100&quot;,&quot;step_type&quot;:&quot;number_text&quot;,&quot;step_icon_shape&quot;:&quot;circle&quot;}\" data-widget_type=\"form.default\">\n\t\t\t\t<div class=\"elementor-widget-container\">\n\t\t\t\t\t\t\t<form class=\"elementor-form\" method=\"post\" name=\"New Form\" aria-label=\"New Form\">\n\t\t\t<input type=\"hidden\" name=\"post_id\" value=\"23738\"\/>\n\t\t\t<input type=\"hidden\" name=\"form_id\" value=\"cd48191\"\/>\n\t\t\t<input type=\"hidden\" name=\"referer_title\" value=\"Contactez-nous - Immobilier Ibiza\" \/>\n\n\t\t\t\t\t\t\t<input type=\"hidden\" name=\"queried_id\" value=\"23738\"\/>\n\t\t\t\n\t\t\t<div class=\"elementor-form-fields-wrapper elementor-labels-above\">\n\t\t\t\t\t\t\t\t<div class=\"elementor-field-type-email elementor-field-group elementor-column elementor-field-group-email elementor-col-100 elementor-field-required elementor-mark-required\">\n\t\t\t\t\t\t\t\t\t\t\t\t<label for=\"form-field-email\" class=\"elementor-field-label\">\n\t\t\t\t\t\t\t\tEmail\t\t\t\t\t\t\t<\/label>\n\t\t\t\t\t\t\t\t\t\t\t\t\t\t<input size=\"1\" type=\"email\" name=\"form_fields[email]\" id=\"form-field-email\" class=\"elementor-field elementor-size-sm  elementor-field-textual\" placeholder=\"Email\" required=\"required\">\n\t\t\t\t\t\t\t\t\t\t\t<\/div>\n\t\t\t\t\t\t\t\t<div class=\"elementor-field-type-text elementor-field-group elementor-column elementor-field-group-name elementor-col-50 elementor-field-required elementor-mark-required\">\n\t\t\t\t\t\t\t\t\t\t\t\t<label for=\"form-field-name\" class=\"elementor-field-label\">\n\t\t\t\t\t\t\t\tNom\t\t\t\t\t\t\t<\/label>\n\t\t\t\t\t\t\t\t\t\t\t\t\t\t<input size=\"1\" type=\"text\" name=\"form_fields[name]\" id=\"form-field-name\" class=\"elementor-field elementor-size-sm  elementor-field-textual\" placeholder=\"Nom\" required=\"required\">\n\t\t\t\t\t\t\t\t\t\t\t<\/div>\n\t\t\t\t\t\t\t\t<div class=\"elementor-field-type-text elementor-field-group elementor-column elementor-field-group-field_5cd7fd1 elementor-col-50 elementor-field-required elementor-mark-required\">\n\t\t\t\t\t\t\t\t\t\t\t\t<label for=\"form-field-field_5cd7fd1\" class=\"elementor-field-label\">\n\t\t\t\t\t\t\t\tNom de famille\t\t\t\t\t\t\t<\/label>\n\t\t\t\t\t\t\t\t\t\t\t\t\t\t<input size=\"1\" type=\"text\" name=\"form_fields[field_5cd7fd1]\" id=\"form-field-field_5cd7fd1\" class=\"elementor-field elementor-size-sm  elementor-field-textual\" placeholder=\"Nom de famille\" required=\"required\">\n\t\t\t\t\t\t\t\t\t\t\t<\/div>\n\t\t\t\t\t\t\t\t<div class=\"elementor-field-type-tel elementor-field-group elementor-column elementor-field-group-field_548ce8d elementor-col-50 elementor-field-required elementor-mark-required\">\n\t\t\t\t\t\t\t\t\t\t\t\t<label for=\"form-field-field_548ce8d\" class=\"elementor-field-label\">\n\t\t\t\t\t\t\t\tT\u00e9l\u00e9phone\t\t\t\t\t\t\t<\/label>\n\t\t\t\t\t\t\t\t<input size=\"1\" type=\"tel\" name=\"form_fields[field_548ce8d]\" id=\"form-field-field_548ce8d\" class=\"elementor-field elementor-size-sm  elementor-field-textual\" placeholder=\"T\u00e9l\u00e9phone\" required=\"required\" pattern=\"[0-9()#&amp;+*-=.]+\" title=\"Seuls les caract\u00e8res de num\u00e9ros de t\u00e9l\u00e9phone (#, -, *, etc.) sont accept\u00e9s.\">\n\n\t\t\t\t\t\t<\/div>\n\t\t\t\t\t\t\t\t<div class=\"elementor-field-type-tel elementor-field-group elementor-column elementor-field-group-field_1f9d6a5 elementor-col-50\">\n\t\t\t\t\t\t\t\t\t\t\t\t<label for=\"form-field-field_1f9d6a5\" class=\"elementor-field-label\">\n\t\t\t\t\t\t\t\tMobile\t\t\t\t\t\t\t<\/label>\n\t\t\t\t\t\t\t\t<input size=\"1\" type=\"tel\" name=\"form_fields[field_1f9d6a5]\" id=\"form-field-field_1f9d6a5\" class=\"elementor-field elementor-size-sm  elementor-field-textual\" placeholder=\"Mobile\" pattern=\"[0-9()#&amp;+*-=.]+\" title=\"Seuls les caract\u00e8res de num\u00e9ros de t\u00e9l\u00e9phone (#, -, *, etc.) sont accept\u00e9s.\">\n\n\t\t\t\t\t\t<\/div>\n\t\t\t\t\t\t\t\t<div class=\"elementor-field-type-text elementor-field-group elementor-column elementor-field-group-field_ebc21b4 elementor-col-50\">\n\t\t\t\t\t\t\t\t\t\t\t\t<label for=\"form-field-field_ebc21b4\" class=\"elementor-field-label\">\n\t\t\t\t\t\t\t\tAdresse\t\t\t\t\t\t\t<\/label>\n\t\t\t\t\t\t\t\t\t\t\t\t\t\t<input size=\"1\" type=\"text\" name=\"form_fields[field_ebc21b4]\" id=\"form-field-field_ebc21b4\" class=\"elementor-field elementor-size-sm  elementor-field-textual\" placeholder=\"Adresse\">\n\t\t\t\t\t\t\t\t\t\t\t<\/div>\n\t\t\t\t\t\t\t\t<div class=\"elementor-field-type-text elementor-field-group elementor-column elementor-field-group-field_55c1fd4 elementor-col-50\">\n\t\t\t\t\t\t\t\t\t\t\t\t<label for=\"form-field-field_55c1fd4\" class=\"elementor-field-label\">\n\t\t\t\t\t\t\t\tCode postal\t\t\t\t\t\t\t<\/label>\n\t\t\t\t\t\t\t\t\t\t\t\t\t\t<input size=\"1\" type=\"text\" name=\"form_fields[field_55c1fd4]\" id=\"form-field-field_55c1fd4\" class=\"elementor-field elementor-size-sm  elementor-field-textual\" placeholder=\"Code postal\">\n\t\t\t\t\t\t\t\t\t\t\t<\/div>\n\t\t\t\t\t\t\t\t<div class=\"elementor-field-type-text elementor-field-group elementor-column elementor-field-group-field_e9769b3 elementor-col-50\">\n\t\t\t\t\t\t\t\t\t\t\t\t<label for=\"form-field-field_e9769b3\" class=\"elementor-field-label\">\n\t\t\t\t\t\t\t\tVille\t\t\t\t\t\t\t<\/label>\n\t\t\t\t\t\t\t\t\t\t\t\t\t\t<input size=\"1\" type=\"text\" name=\"form_fields[field_e9769b3]\" id=\"form-field-field_e9769b3\" class=\"elementor-field elementor-size-sm  elementor-field-textual\" placeholder=\"Ville\">\n\t\t\t\t\t\t\t\t\t\t\t<\/div>\n\t\t\t\t\t\t\t\t<div class=\"elementor-field-type-text elementor-field-group elementor-column elementor-field-group-field_2239893 elementor-col-50\">\n\t\t\t\t\t\t\t\t\t\t\t\t<label for=\"form-field-field_2239893\" class=\"elementor-field-label\">\n\t\t\t\t\t\t\t\tPays\t\t\t\t\t\t\t<\/label>\n\t\t\t\t\t\t\t\t\t\t\t\t\t\t<input size=\"1\" type=\"text\" name=\"form_fields[field_2239893]\" id=\"form-field-field_2239893\" class=\"elementor-field elementor-size-sm  elementor-field-textual\" placeholder=\"Pays\">\n\t\t\t\t\t\t\t\t\t\t\t<\/div>\n\t\t\t\t\t\t\t\t<div class=\"elementor-field-type-textarea elementor-field-group elementor-column elementor-field-group-message elementor-col-100\">\n\t\t\t\t\t\t\t\t\t\t\t\t<label for=\"form-field-message\" class=\"elementor-field-label\">\n\t\t\t\t\t\t\t\tMessage\t\t\t\t\t\t\t<\/label>\n\t\t\t\t\t\t<textarea class=\"elementor-field-textual elementor-field  elementor-size-sm\" name=\"form_fields[message]\" id=\"form-field-message\" rows=\"4\" placeholder=\"Message\"><\/textarea>\t\t\t\t<\/div>\n\t\t\t\t\t\t\t\t<div class=\"elementor-field-type-checkbox elementor-field-group elementor-column elementor-field-group-field_4147748 elementor-col-100\">\n\t\t\t\t\t<div class=\"elementor-field-subgroup  \"><span class=\"elementor-field-option\"><input type=\"checkbox\" value=\"Souhaitez-vous recevoir notre newsletter pour d\u00e9couvrir les derni\u00e8res actualit\u00e9s ?\" id=\"form-field-field_4147748-0\" name=\"form_fields[field_4147748]\"> <label for=\"form-field-field_4147748-0\">Souhaitez-vous recevoir notre newsletter pour d\u00e9couvrir les derni\u00e8res actualit\u00e9s ?<\/label><\/span><\/div>\t\t\t\t<\/div>\n\t\t\t\t\t\t\t\t<div class=\"elementor-field-type-acceptance elementor-field-group elementor-column elementor-field-group-field_bae7df1 elementor-col-100 elementor-field-required elementor-mark-required\">\n\t\t\t\t\t\t\t<div class=\"elementor-field-subgroup\">\n\t\t\t<span class=\"elementor-field-option\">\n\t\t\t\t<input type=\"checkbox\" name=\"form_fields[field_bae7df1]\" id=\"form-field-field_bae7df1\" class=\"elementor-field elementor-size-sm  elementor-acceptance-field\" required=\"required\">\n\t\t\t\t<label for=\"form-field-field_bae7df1\">J'ai lu et j'accepte la <a style=\"color:inherit\" href=\"\/fr\/disclaimer\/\" target=\"_blank\">Politique de confidentialit\u00e9<\/a><\/label>\t\t\t<\/span>\n\t\t<\/div>\n\t\t\t\t\t\t<\/div>\n\t\t\t\t\t\t\t\t<div class=\"elementor-field-type-recaptcha_v3 elementor-field-group elementor-column elementor-field-group-field_eb72e64 elementor-col-100 recaptcha_v3-bottomright\">\n\t\t\t\t\t<div class=\"elementor-field\" id=\"form-field-field_eb72e64\"><div class=\"elementor-g-recaptcha\" data-sitekey=\"6Ld7IggoAAAAAOxLYorZ4ZXw5Ni_ky7KAgsmvERt\" data-type=\"v3\" data-action=\"Form\" data-badge=\"bottomright\" data-size=\"invisible\"><\/div><\/div>\t\t\t\t<\/div>\n\t\t\t\t\t\t\t\t<div class=\"elementor-field-group elementor-column elementor-field-type-submit elementor-col-100 e-form__buttons\">\n\t\t\t\t\t<button class=\"elementor-button elementor-size-sm\" type=\"submit\">\n\t\t\t\t\t\t<span class=\"elementor-button-content-wrapper\">\n\t\t\t\t\t\t\t\t\t\t\t\t\t\t\t\t\t\t\t\t\t\t<span class=\"elementor-button-text\">ENVIAR<\/span>\n\t\t\t\t\t\t\t\t\t\t\t\t\t<\/span>\n\t\t\t\t\t<\/button>\n\t\t\t\t<\/div>\n\t\t\t<\/div>\n\t\t<\/form>\n\t\t\t\t\t\t<\/div>\n\t\t\t\t<\/div>\n\t\t\t\t<\/div>\n\t\t\t\t\t<\/div>\n\t\t\t\t<\/div>\n\t\t<div class=\"elementor-element elementor-element-d524bc9 e-con-full e-flex e-con e-parent\" data-id=\"d524bc9\" data-element_type=\"container\" data-e-type=\"container\">\n\t\t\t\t<div class=\"elementor-element elementor-element-30af629 elementor-widget elementor-widget-google_maps\" data-id=\"30af629\" data-element_type=\"widget\" data-e-type=\"widget\" data-widget_type=\"google_maps.default\">\n\t\t\t\t<div class=\"elementor-widget-container\">\n\t\t\t\t\t\t\t<div class=\"elementor-custom-embed\">\n\t\t\t<iframe loading=\"lazy\"\n\t\t\t\t\tsrc=\"https:\/\/maps.google.com\/maps?q=Inmobiliaria%20Solana%20Ibiza%20Real&#038;t=m&#038;z=17&#038;output=embed&#038;iwloc=near\"\n\t\t\t\t\ttitle=\"Inmobiliaria Solana Ibiza Real\"\n\t\t\t\t\taria-label=\"Inmobiliaria Solana Ibiza Real\"\n\t\t\t><\/iframe>\n\t\t<\/div>\n\t\t\t\t\t\t<\/div>\n\t\t\t\t<\/div>\n\t\t\t\t<\/div>\n\t\t\t\t<\/div>\n\t\t","protected":false},"excerpt":{"rendered":"<p>Vous avez d&rsquo;autres questions ? Contactez-nous Pour avoir plus d\u00b4informations concernant les propri\u00e9t\u00e9s de ce site ou pour avoir la disponibilit\u00e9 des autres, on vous prie de remplir ce questionnaire et l\u00b4envoyer. +34 971 190 709 +34 607 902 612 Via Romana 17, bajos 07800, Ibiza, Islas Baleares, (Espa\u00f1a) Facebook Twitter Instagram Pinterest Youtube Linkedin<\/p>\n","protected":false},"author":2,"featured_media":0,"parent":0,"menu_order":0,"comment_status":"closed","ping_status":"closed","template":"","meta":{"_acf_changed":false,"footnotes":""},"class_list":["post-23738","page","type-page","status-publish","hentry"],"acf":[],"_links":{"self":[{"href":"https:\/\/www.solanaibiza.com\/fr\/wp-json\/wp\/v2\/pages\/23738","targetHints":{"allow":["GET"]}}],"collection":[{"href":"https:\/\/www.solanaibiza.com\/fr\/wp-json\/wp\/v2\/pages"}],"about":[{"href":"https:\/\/www.solanaibiza.com\/fr\/wp-json\/wp\/v2\/types\/page"}],"author":[{"embeddable":true,"href":"https:\/\/www.solanaibiza.com\/fr\/wp-json\/wp\/v2\/users\/2"}],"replies":[{"embeddable":true,"href":"https:\/\/www.solanaibiza.com\/fr\/wp-json\/wp\/v2\/comments?post=23738"}],"version-history":[{"count":9,"href":"https:\/\/www.solanaibiza.com\/fr\/wp-json\/wp\/v2\/pages\/23738\/revisions"}],"predecessor-version":[{"id":91300,"href":"https:\/\/www.solanaibiza.com\/fr\/wp-json\/wp\/v2\/pages\/23738\/revisions\/91300"}],"wp:attachment":[{"href":"https:\/\/www.solanaibiza.com\/fr\/wp-json\/wp\/v2\/media?parent=23738"}],"curies":[{"name":"wp","href":"https:\/\/api.w.org\/{rel}","templated":true}]}}