{"id":23734,"date":"2016-09-01T09:05:13","date_gmt":"2016-09-01T07:05:13","guid":{"rendered":"https:\/\/www.solanaibiza.com\/services\/"},"modified":"2024-04-22T13:29:05","modified_gmt":"2024-04-22T11:29:05","slug":"services","status":"publish","type":"page","link":"https:\/\/www.solanaibiza.com\/fr\/services\/","title":{"rendered":"Services"},"content":{"rendered":"\t\t<div data-elementor-type=\"wp-page\" data-elementor-id=\"23734\" class=\"elementor elementor-23734 elementor-19\" data-elementor-post-type=\"page\">\n\t\t\t\t<div class=\"elementor-element elementor-element-832aad5 e-flex e-con-boxed e-con e-parent\" data-id=\"832aad5\" data-element_type=\"container\" data-e-type=\"container\" data-settings=\"{&quot;background_background&quot;:&quot;slideshow&quot;,&quot;background_slideshow_gallery&quot;:[{&quot;id&quot;:&quot;74329&quot;,&quot;url&quot;:&quot;https:\\\/\\\/www.solanaibiza.com\\\/wp-content\\\/uploads\\\/2023\\\/12\\\/shutterstock_140175490-scaled-1.jpg&quot;},{&quot;id&quot;:&quot;74333&quot;,&quot;url&quot;:&quot;https:\\\/\\\/www.solanaibiza.com\\\/wp-content\\\/uploads\\\/2023\\\/12\\\/shutterstock_151209317.jpg&quot;},{&quot;id&quot;:&quot;74337&quot;,&quot;url&quot;:&quot;https:\\\/\\\/www.solanaibiza.com\\\/wp-content\\\/uploads\\\/2023\\\/12\\\/service_slide2-scaled-1.jpg&quot;}],&quot;background_slideshow_loop&quot;:&quot;yes&quot;,&quot;background_slideshow_slide_duration&quot;:5000,&quot;background_slideshow_slide_transition&quot;:&quot;fade&quot;,&quot;background_slideshow_transition_duration&quot;:500}\">\n\t\t\t\t\t<div class=\"e-con-inner\">\n\t\t\t\t<div class=\"elementor-element elementor-element-bd739a5 elementor-widget__width-initial elementor-widget elementor-widget-heading\" data-id=\"bd739a5\" data-element_type=\"widget\" data-e-type=\"widget\" data-widget_type=\"heading.default\">\n\t\t\t\t<div class=\"elementor-widget-container\">\n\t\t\t\t\t<h2 class=\"elementor-heading-title elementor-size-default\">REAL ESTATE IBIZA: LEGAL ADVISE<\/h2>\t\t\t\t<\/div>\n\t\t\t\t<\/div>\n\t\t\t\t<div class=\"elementor-element elementor-element-c4ac15f elementor-widget__width-initial elementor-widget elementor-widget-heading\" data-id=\"c4ac15f\" data-element_type=\"widget\" data-e-type=\"widget\" data-widget_type=\"heading.default\">\n\t\t\t\t<div class=\"elementor-widget-container\">\n\t\t\t\t\t<h2 class=\"elementor-heading-title elementor-size-default\">REAL ESTATE IBIZA: SELLING<\/h2>\t\t\t\t<\/div>\n\t\t\t\t<\/div>\n\t\t\t\t<div class=\"elementor-element elementor-element-cb811b6 elementor-widget__width-initial elementor-widget elementor-widget-heading\" data-id=\"cb811b6\" data-element_type=\"widget\" data-e-type=\"widget\" data-widget_type=\"heading.default\">\n\t\t\t\t<div class=\"elementor-widget-container\">\n\t\t\t\t\t<h2 class=\"elementor-heading-title elementor-size-default\">REAL ESTATE IBIZA: PURCHASING<\/h2>\t\t\t\t<\/div>\n\t\t\t\t<\/div>\n\t\t\t\t\t<\/div>\n\t\t\t\t<\/div>\n\t\t<div class=\"elementor-element elementor-element-fcd1228 e-flex e-con-boxed e-con e-parent\" data-id=\"fcd1228\" data-element_type=\"container\" data-e-type=\"container\" data-settings=\"{&quot;background_background&quot;:&quot;classic&quot;}\">\n\t\t\t\t\t<div class=\"e-con-inner\">\n\t\t<div class=\"elementor-element elementor-element-aeed6c4 e-con-full e-flex e-con e-child\" data-id=\"aeed6c4\" data-element_type=\"container\" data-e-type=\"container\">\n\t\t\t\t<div class=\"elementor-element elementor-element-d5fb190 elementor-widget elementor-widget-heading\" data-id=\"d5fb190\" data-element_type=\"widget\" data-e-type=\"widget\" data-widget_type=\"heading.default\">\n\t\t\t\t<div class=\"elementor-widget-container\">\n\t\t\t\t\t<h1 class=\"elementor-heading-title elementor-size-default\">SERVICES<\/h1>\t\t\t\t<\/div>\n\t\t\t\t<\/div>\n\t\t\t\t<div class=\"elementor-element elementor-element-6d5fd22 elementor-widget elementor-widget-text-editor\" data-id=\"6d5fd22\" data-element_type=\"widget\" data-e-type=\"widget\" data-widget_type=\"text-editor.default\">\n\t\t\t\t<div class=\"elementor-widget-container\">\n\t\t\t\t\t\t\t\t\t<p style=\"text-align: center;\">Ibiza Real Estate Services<\/p><p>Nous sommes \u00e0 m\u00eame de vous pr\u00e9senter un large \u00e9ventail de produit d\u00b4excellente qualit\u00e9 et ayant une large exp\u00e9rience des usages administratifs et Notari\u00e9s nous sommes en mesure d\u00b4effectuer toutes les d\u00e9marches n\u00e9cessaires pour l\u00b4ensemble des transactions. En dehors de notre constante recherche du bien qui correspond \u00e0 vos souhaits nous informons nos clients des obligations urbanistiques de chaque zone et des modalit\u00e9s des contrats d\u00b4achat, option d\u00b4achat, annulation d\u00b4hypoth\u00e8que, \u00e9critures notari\u00e9es et enregistrement de la propri\u00e9t\u00e9. Notre objectif est d\u00b4apporter les solutions les plus ad\u00e9quates \u00e0 nos clients.<\/p>\t\t\t\t\t\t\t\t<\/div>\n\t\t\t\t<\/div>\n\t\t\t\t<div class=\"elementor-element elementor-element-787bd38 elementor-widget elementor-widget-spacer\" data-id=\"787bd38\" data-element_type=\"widget\" data-e-type=\"widget\" data-widget_type=\"spacer.default\">\n\t\t\t\t<div class=\"elementor-widget-container\">\n\t\t\t\t\t\t\t<div class=\"elementor-spacer\">\n\t\t\t<div class=\"elementor-spacer-inner\"><\/div>\n\t\t<\/div>\n\t\t\t\t\t\t<\/div>\n\t\t\t\t<\/div>\n\t\t\t\t<\/div>\n\t\t<div class=\"elementor-element elementor-element-81e8e72 e-con-full e-flex e-con e-child\" data-id=\"81e8e72\" data-element_type=\"container\" data-e-type=\"container\" data-settings=\"{&quot;background_background&quot;:&quot;classic&quot;}\">\n\t\t\t\t<\/div>\n\t\t\t\t\t<\/div>\n\t\t\t\t<\/div>\n\t\t<div class=\"elementor-element elementor-element-42e46bb e-con-full e-flex e-con e-parent\" data-id=\"42e46bb\" data-element_type=\"container\" data-e-type=\"container\">\n\t\t<div class=\"elementor-element elementor-element-fdf128a e-con-full e-flex e-con e-child\" data-id=\"fdf128a\" data-element_type=\"container\" data-e-type=\"container\">\n\t\t\t\t<div class=\"elementor-element elementor-element-207ecd3 elementor-widget elementor-widget-heading\" data-id=\"207ecd3\" data-element_type=\"widget\" data-e-type=\"widget\" data-widget_type=\"heading.default\">\n\t\t\t\t<div class=\"elementor-widget-container\">\n\t\t\t\t\t<div class=\"elementor-heading-title elementor-size-default\">RENDEZ NOUS VISITE<\/div>\t\t\t\t<\/div>\n\t\t\t\t<\/div>\n\t\t\t\t<div class=\"elementor-element elementor-element-e0a0027 elementor-widget elementor-widget-image\" data-id=\"e0a0027\" data-element_type=\"widget\" data-e-type=\"widget\" data-widget_type=\"image.default\">\n\t\t\t\t<div class=\"elementor-widget-container\">\n\t\t\t\t\t\t\t\t\t\t\t\t\t\t\t<img fetchpriority=\"high\" decoding=\"async\" width=\"800\" height=\"520\" src=\"https:\/\/www.solanaibiza.com\/wp-content\/uploads\/2023\/07\/solana-ibiza-destacada.jpg\" class=\"attachment-large size-large wp-image-66026\" alt=\"\" srcset=\"https:\/\/www.solanaibiza.com\/wp-content\/uploads\/2023\/07\/solana-ibiza-destacada.jpg 865w, https:\/\/www.solanaibiza.com\/wp-content\/uploads\/2023\/07\/solana-ibiza-destacada-300x195.jpg 300w, https:\/\/www.solanaibiza.com\/wp-content\/uploads\/2023\/07\/solana-ibiza-destacada-768x499.jpg 768w\" sizes=\"(max-width: 800px) 100vw, 800px\" \/>\t\t\t\t\t\t\t\t\t\t\t\t\t\t\t<\/div>\n\t\t\t\t<\/div>\n\t\t\t\t<\/div>\n\t\t<div class=\"elementor-element elementor-element-4f3b731 e-con-full e-flex e-con e-child\" data-id=\"4f3b731\" data-element_type=\"container\" data-e-type=\"container\">\n\t\t\t\t<div class=\"elementor-element elementor-element-2b1e730 elementor-widget elementor-widget-heading\" data-id=\"2b1e730\" data-element_type=\"widget\" data-e-type=\"widget\" data-widget_type=\"heading.default\">\n\t\t\t\t<div class=\"elementor-widget-container\">\n\t\t\t\t\t<div class=\"elementor-heading-title elementor-size-default\">O\u00d9 SOMMES-NOUS<\/div>\t\t\t\t<\/div>\n\t\t\t\t<\/div>\n\t\t\t\t<div class=\"elementor-element elementor-element-5f74f67 elementor-widget elementor-widget-html\" data-id=\"5f74f67\" data-element_type=\"widget\" data-e-type=\"widget\" data-widget_type=\"html.default\">\n\t\t\t\t<div class=\"elementor-widget-container\">\n\t\t\t\t\t<iframe src=\"https:\/\/www.google.com\/maps\/embed?pb=!1m18!1m12!1m3!1d198513.62616525026!2d1.2525801773932967!3d38.974796025169816!2m3!1f0!2f0!3f0!3m2!1i1024!2i768!4f13.1!3m3!1m2!1s0x1299414ab00b74fb%3A0x909b88fe093aa60f!2sAgencia%20Inmobiliaria%20Ibiza%20-%20Solana%20Ibiza%20Real%20Estate!5e0!3m2!1ses!2ses!4v1713778177562!5m2!1ses!2ses&z=13\" width=\"512\" height=\"490\" style=\"border:0;\" allowfullscreen=\"\" loading=\"lazy\" referrerpolicy=\"no-referrer-when-downgrade\"><\/iframe>\r\n\t\t\t\t<\/div>\n\t\t\t\t<\/div>\n\t\t\t\t<\/div>\n\t\t\t\t<\/div>\n\t\t\t\t<\/div>\n\t\t","protected":false},"excerpt":{"rendered":"<p>REAL ESTATE IBIZA: LEGAL ADVISE REAL ESTATE IBIZA: SELLING REAL ESTATE IBIZA: PURCHASING SERVICES Ibiza Real Estate Services Nous sommes \u00e0 m\u00eame de vous pr\u00e9senter un large \u00e9ventail de produit d\u00b4excellente qualit\u00e9 et ayant une large exp\u00e9rience des usages administratifs et Notari\u00e9s nous sommes en mesure d\u00b4effectuer toutes les d\u00e9marches n\u00e9cessaires pour l\u00b4ensemble des transactions. [&hellip;]<\/p>\n","protected":false},"author":2,"featured_media":46129,"parent":0,"menu_order":0,"comment_status":"closed","ping_status":"closed","template":"","meta":{"_acf_changed":false,"footnotes":""},"class_list":["post-23734","page","type-page","status-publish","has-post-thumbnail","hentry"],"acf":[],"_links":{"self":[{"href":"https:\/\/www.solanaibiza.com\/fr\/wp-json\/wp\/v2\/pages\/23734","targetHints":{"allow":["GET"]}}],"collection":[{"href":"https:\/\/www.solanaibiza.com\/fr\/wp-json\/wp\/v2\/pages"}],"about":[{"href":"https:\/\/www.solanaibiza.com\/fr\/wp-json\/wp\/v2\/types\/page"}],"author":[{"embeddable":true,"href":"https:\/\/www.solanaibiza.com\/fr\/wp-json\/wp\/v2\/users\/2"}],"replies":[{"embeddable":true,"href":"https:\/\/www.solanaibiza.com\/fr\/wp-json\/wp\/v2\/comments?post=23734"}],"version-history":[{"count":0,"href":"https:\/\/www.solanaibiza.com\/fr\/wp-json\/wp\/v2\/pages\/23734\/revisions"}],"wp:featuredmedia":[{"embeddable":true,"href":"https:\/\/www.solanaibiza.com\/fr\/wp-json\/wp\/v2\/media\/46129"}],"wp:attachment":[{"href":"https:\/\/www.solanaibiza.com\/fr\/wp-json\/wp\/v2\/media?parent=23734"}],"curies":[{"name":"wp","href":"https:\/\/api.w.org\/{rel}","templated":true}]}}