{"id":67734,"date":"2023-09-18T13:55:41","date_gmt":"2023-09-18T11:55:41","guid":{"rendered":"https:\/\/www.solanaibiza.com\/?page_id=67734"},"modified":"2024-05-02T09:00:21","modified_gmt":"2024-05-02T07:00:21","slug":"rural-houses-rent","status":"publish","type":"page","link":"https:\/\/www.solanaibiza.com\/es\/alquiler\/casas\/rurales\/","title":{"rendered":"Alquiler de casas rurales"},"content":{"rendered":"\t\t<div data-elementor-type=\"wp-page\" data-elementor-id=\"67734\" class=\"elementor elementor-67734 elementor-67723\" data-elementor-post-type=\"page\">\n\t\t\t\t<div class=\"elementor-element elementor-element-57e76128 e-con-full e-flex e-con e-parent\" data-id=\"57e76128\" data-element_type=\"container\" data-e-type=\"container\" data-settings=\"{&quot;background_background&quot;:&quot;slideshow&quot;,&quot;background_slideshow_gallery&quot;:[{&quot;id&quot;:21553,&quot;url&quot;:&quot;https:\\\/\\\/www.solanaibiza.com\\\/wp-content\\\/uploads\\\/2023\\\/04\\\/terrazas-065.jpg&quot;},{&quot;id&quot;:22185,&quot;url&quot;:&quot;https:\\\/\\\/www.solanaibiza.com\\\/wp-content\\\/uploads\\\/2023\\\/05\\\/sa-carroca-club-de-campo-008.jpg&quot;},{&quot;id&quot;:23127,&quot;url&quot;:&quot;https:\\\/\\\/www.solanaibiza.com\\\/wp-content\\\/uploads\\\/2023\\\/07\\\/can-misses-edif-albors-012.jpg&quot;},{&quot;id&quot;:22582,&quot;url&quot;:&quot;https:\\\/\\\/www.solanaibiza.com\\\/wp-content\\\/uploads\\\/2023\\\/06\\\/piso-av-santa-eulalia-020.jpg&quot;},{&quot;id&quot;:22158,&quot;url&quot;:&quot;https:\\\/\\\/www.solanaibiza.com\\\/wp-content\\\/uploads\\\/2023\\\/05\\\/venda-des-coloms-029-1.jpg&quot;},{&quot;id&quot;:22019,&quot;url&quot;:&quot;https:\\\/\\\/www.solanaibiza.com\\\/wp-content\\\/uploads\\\/2023\\\/05\\\/imagen10-2.jpg&quot;},{&quot;id&quot;:19352,&quot;url&quot;:&quot;https:\\\/\\\/www.solanaibiza.com\\\/wp-content\\\/uploads\\\/2023\\\/01\\\/es-canar-003.jpg&quot;},{&quot;id&quot;:23189,&quot;url&quot;:&quot;https:\\\/\\\/www.solanaibiza.com\\\/wp-content\\\/uploads\\\/2022\\\/09\\\/corallisa-hr-011.jpg&quot;}],&quot;background_slideshow_loop&quot;:&quot;yes&quot;,&quot;background_slideshow_slide_duration&quot;:5000,&quot;background_slideshow_slide_transition&quot;:&quot;fade&quot;,&quot;background_slideshow_transition_duration&quot;:500}\">\n\t\t<div class=\"elementor-element elementor-element-666831bd e-flex e-con-boxed e-con e-child\" data-id=\"666831bd\" data-element_type=\"container\" data-e-type=\"container\">\n\t\t\t\t\t<div class=\"e-con-inner\">\n\t\t\t\t<div class=\"elementor-element elementor-element-406c2093 elementor-widget elementor-widget-heading\" data-id=\"406c2093\" data-element_type=\"widget\" data-e-type=\"widget\" data-widget_type=\"heading.default\">\n\t\t\t\t<div class=\"elementor-widget-container\">\n\t\t\t\t\t<div class=\"elementor-heading-title elementor-size-default\">B\u00daSQUEDA SIMPLE DE PROPIEDADES<\/div>\t\t\t\t<\/div>\n\t\t\t\t<\/div>\n\t\t\t\t<div class=\"elementor-element elementor-element-71a45504 search elementor-widget elementor-widget-shortcode\" data-id=\"71a45504\" data-element_type=\"widget\" data-e-type=\"widget\" data-widget_type=\"shortcode.default\">\n\t\t\t\t<div class=\"elementor-widget-container\">\n\t\t\t\t\t\t\t<div class=\"elementor-shortcode\">    \n    <form method=\"get\" action=\"\/es\/resultados-de-busqueda\/\" enctype=\"application\/x-www-form-urlencoded\">\n\n\t\t<div class=\"row\">\n\t\t\t<div class=\"col-md-2\">\n\t\t\t\t<input type=\"text\" name=\"keyword\" class=\"search-home\" placeholder=\"Buscar en\">\n\t\t\t<\/div>\n\t\t\t\t\t\t\t<div class=\"col-md-2\">\n\t\t\t\t\t<select name=\"type\">\n\t\t\t\t\t\t<option value=\"0\">Tipo<\/option>\n\t\t\t\t\t\t<option class=\"level-0\" value=\"holiday\" >Holiday Rentals<\/option>\n\t\t\t\t\t\t<option class=\"level-0\" value=\"seasonal\" >Seasonal Rentals<\/option>\n\t\t\t\t\t\t<option class=\"level-0\" value=\"longterm\" >Long Term Rentals<\/option>\n\t\t\t\t\t<\/select>\n\t\t\t\t<\/div>\n\t\t\t\t<input type=\"hidden\" name=\"tipo\" value=\"rental\">\n\t\t\t\n\t\t\t<div class=\"col-md-2\">\n\t\t\t\t<select name=\"areas\">\n\t\t\t\t\t<option value=\"0\">\u00c1rea<\/option>\n\t\t\t\t\t<option class=\"level-0\" value=\"formentera\" >Formentera<\/option>\n\t\t\t\t\t<option class=\"level-0\" value=\"ibiza\" >Ibiza<\/option>\n\t\t\t\t\t<option class=\"level-0\" value=\"san-antonio\" >San Antonio<\/option>\n\t\t\t\t\t<option class=\"level-0\" value=\"san-carlos\" >San Carlos<\/option>\n\t\t\t\t\t<option class=\"level-0\" value=\"san-jose\" >San Jose<\/option>\n\t\t\t\t\t<option class=\"level-0\" value=\"san-juan\" >San Juan<\/option>\n\t\t\t\t\t<option class=\"level-0\" value=\"san-lorenzo\" >San Lorenzo<\/option>\n\t\t\t\t\t<option class=\"level-0\" value=\"san-miguel\" >San Miguel<\/option>\n\t\t\t\t\t<option class=\"level-0\" value=\"san-rafael\" >San Rafael<\/option>\n\t\t\t\t\t<option class=\"level-0\" value=\"san-vicente\" >San Vicente<\/option>\n\t\t\t\t\t<option class=\"level-0\" value=\"santa-eulalia\" >Santa Eulalia<\/option>\n\t\t\t\t\t<option class=\"level-0\" value=\"santa-gertrudis\" >Santa Gertrudis<\/option>\n\t\t\t\t<\/select>\n\t\t\t<\/div>\n\n\t\t\t<div class=\"col-md-2\">\n\n\t\t\t\t<select name=\"pricerange\">\n\t\t\t\t\t<option value=\"0\">Precio<\/option>\n\t\t\t\t\t<option class=\"level-0\" value=\"under-500000\" > menos de 500.000<\/option>\n\t\t\t\t\t<option class=\"level-0\" value=\"500000-1000000\" >&euro; 500.000 - &euro; 1.000.000<\/option>\n\t\t\t\t\t<option class=\"level-0\" value=\"1000000-2000000\" >&euro; 1.000.000 - &euro; 2.000.000<\/option>\n\t\t\t\t\t<option class=\"level-0\" value=\"2000000-3000000\" >&euro; 2.000.000 - &euro; 3.000.000<\/option>\n\t\t\t\t\t<option class=\"level-0\" value=\"3000000-5999999\" >&euro; 3.000.000 - &euro; 6.000.000<\/option>\n\t\t\t\t\t<option class=\"level-0\" value=\"6000000-higher\" >&euro; 6.000.000 m\u00e1s<\/option>\n\t\t\t\t<\/select>\n\n\t\t\t<\/div>\n\n\t\t\t<div class=\"col-md-4\" style=\"padding: 0;\">\n\n\t\t\t\t<div class=\"row\">\n\t\t\t\t\t<div class=\"col-md-5\">\n\t\t\t\t\t\t<select name=\"spacerequirements\">\n\t\t\t\t\t\t\t<option value=\"0\">Habitaciones<\/option>\n\n\t\t\t\t\t\t\t<option class=\"level-0\" value=\"1-bedrooms\" >1 Habitaciones<\/option>\n\n\t\t\t\t\t\t\t<option class=\"level-0\" value=\"2-bedrooms\" >2 Habitaciones<\/option>\n\n\t\t\t\t\t\t\t<option class=\"level-0\" value=\"3-bedrooms\" >3 Habitaciones<\/option>\n\n\t\t\t\t\t\t\t<option class=\"level-0\" value=\"4-bedrooms\" >4 Habitaciones<\/option>\n\n\t\t\t\t\t\t\t<option class=\"level-0\" value=\"5-bedrooms\" >5 Habitaciones<\/option>\n\n\t\t\t\t\t\t\t<option class=\"level-0\" value=\"larger\" >6+<\/option>\n\t\t\t\t\t\t<\/select>\n\t\t\t\t\t<\/div>\n\n\t\t\t\t\t<div class=\"col-md-7 clearfix\">\n\n\t\t\t\t\t\t<div style=\"width:67%; float:left; padding-right: 4px;\">\n\t\t\t\t\t\t\t<input type=\"submit\" onclick=\"javascript: jQuery('#loader').show();\" value=\"GO\">\n\t\t\t\t\t\t<\/div>\n\t\t\t\t\t<\/div>\n\t\t\t\t<\/div>\n\n\t\t\t<\/div>\n\t\t<\/div>\n\n\t<\/form>\n    \n    <\/div>\n\t\t\t\t\t\t<\/div>\n\t\t\t\t<\/div>\n\t\t\t\t<div class=\"elementor-element elementor-element-5062a627 elementor-widget-divider--view-line elementor-widget elementor-widget-divider\" data-id=\"5062a627\" data-element_type=\"widget\" data-e-type=\"widget\" data-widget_type=\"divider.default\">\n\t\t\t\t<div class=\"elementor-widget-container\">\n\t\t\t\t\t\t\t<div class=\"elementor-divider\">\n\t\t\t<span class=\"elementor-divider-separator\">\n\t\t\t\t\t\t<\/span>\n\t\t<\/div>\n\t\t\t\t\t\t<\/div>\n\t\t\t\t<\/div>\n\t\t\t\t\t<\/div>\n\t\t\t\t<\/div>\n\t\t\t\t<\/div>\n\t\t<div class=\"elementor-element elementor-element-677e4295 e-flex e-con-boxed e-con e-parent\" data-id=\"677e4295\" data-element_type=\"container\" data-e-type=\"container\">\n\t\t\t\t\t<div class=\"e-con-inner\">\n\t\t<div class=\"elementor-element elementor-element-181ec69b e-con-full e-flex e-con e-child\" data-id=\"181ec69b\" data-element_type=\"container\" data-e-type=\"container\">\n\t\t\t\t<div class=\"elementor-element elementor-element-e86cc92 elementor-widget elementor-widget-heading\" data-id=\"e86cc92\" data-element_type=\"widget\" data-e-type=\"widget\" data-widget_type=\"heading.default\">\n\t\t\t\t<div class=\"elementor-widget-container\">\n\t\t\t\t\t<h1 class=\"elementor-heading-title elementor-size-default\">ALQUILER DE CASAS RURALES EN IBIZA<\/h1>\t\t\t\t<\/div>\n\t\t\t\t<\/div>\n\t\t\t\t<div class=\"elementor-element elementor-element-6c5f2414 elementor-widget elementor-widget-text-editor\" data-id=\"6c5f2414\" data-element_type=\"widget\" data-e-type=\"widget\" data-widget_type=\"text-editor.default\">\n\t\t\t\t<div class=\"elementor-widget-container\">\n\t\t\t\t\t\t\t\t\t<p><span style=\"font-weight: 400;\">Ibiza es conocida mundialmente por sus vibrantes fiestas y hermosas playas, pero hay un lado m\u00e1s tranquilo y encantador en la isla que muchos a\u00fan no han descubierto. En Solana Ibiza, te ofrecemos el servicio de alquiler de casas rurales en Ibiza, permiti\u00e9ndote experimentar la belleza y tranquilidad de la vida rural en esta isla paradis\u00edaca.<\/span><\/p>\t\t\t\t\t\t\t\t<\/div>\n\t\t\t\t<\/div>\n\t\t\t\t<div class=\"elementor-element elementor-element-3ec1ccc elementor-grid-2 elementor-grid-tablet-2 elementor-grid-mobile-1 elementor-widget elementor-widget-loop-grid\" data-id=\"3ec1ccc\" data-element_type=\"widget\" data-e-type=\"widget\" data-settings=\"{&quot;template_id&quot;:66414,&quot;columns&quot;:2,&quot;_skin&quot;:&quot;post&quot;,&quot;columns_tablet&quot;:&quot;2&quot;,&quot;columns_mobile&quot;:&quot;1&quot;,&quot;edit_handle_selector&quot;:&quot;[data-elementor-type=\\&quot;loop-item\\&quot;]&quot;,&quot;row_gap&quot;:{&quot;unit&quot;:&quot;px&quot;,&quot;size&quot;:&quot;&quot;,&quot;sizes&quot;:[]},&quot;row_gap_tablet&quot;:{&quot;unit&quot;:&quot;px&quot;,&quot;size&quot;:&quot;&quot;,&quot;sizes&quot;:[]},&quot;row_gap_mobile&quot;:{&quot;unit&quot;:&quot;px&quot;,&quot;size&quot;:&quot;&quot;,&quot;sizes&quot;:[]}}\" data-widget_type=\"loop-grid.post\">\n\t\t\t\t<div class=\"elementor-widget-container\">\n\t\t\t\t\t\t\t<div class=\"e-loop-nothing-found-message\">\n\t\t<\/div>\n\t\t\t\t\t\t<\/div>\n\t\t\t\t<\/div>\n\t\t\t\t<\/div>\n\t\t\t\t\t<\/div>\n\t\t\t\t<\/div>\n\t\t<div class=\"elementor-element elementor-element-fe15d57 e-flex e-con-boxed e-con e-parent\" data-id=\"fe15d57\" data-element_type=\"container\" data-e-type=\"container\">\n\t\t\t\t\t<div class=\"e-con-inner\">\n\t\t\t\t<div class=\"elementor-element elementor-element-5f0287f elementor-widget elementor-widget-text-editor\" data-id=\"5f0287f\" data-element_type=\"widget\" data-e-type=\"widget\" data-widget_type=\"text-editor.default\">\n\t\t\t\t<div class=\"elementor-widget-container\">\n\t\t\t\t\t\t\t\t\t<h2><span style=\"font-weight: 400;\">\u00bfPor qu\u00e9 elegir una Casa Rural en Ibiza?<\/span><\/h2>\n<p><span style=\"font-weight: 400;\">El alquiler de una casa rural en Ibiza te ofrece la oportunidad de disfrutar de la isla de una manera \u00fanica. Estas casas est\u00e1n ubicadas en las zonas m\u00e1s tranquilas y pintorescas de la isla, lejos del bullicio de las zonas tur\u00edsticas. Aqu\u00ed, puedes disfrutar de la naturaleza, los paisajes impresionantes y la aut\u00e9ntica cultura ibicenca. Descubre m\u00e1s sobre la vida en Ibiza.<\/span><\/p>\n<h2><span style=\"font-weight: 400;\">Alquiler de Casas Rurales en Ibiza Todo el A\u00f1o<\/span><\/h2>\n<p><span style=\"font-weight: 400;\">En Solana Ibiza, ofrecemos alquiler de casas rurales en Ibiza <a href=\"https:\/\/www.solanaibiza.com\/es\/alquiler\/anual\/\">durante todo el a\u00f1o<\/a>. Ya sea que busques un refugio de verano o un retiro de invierno, tenemos la casa rural perfecta para ti. Nuestras casas est\u00e1n equipadas con todas las comodidades modernas para garantizar tu comodidad durante tu estancia. Consulta nuestra lista de propiedades disponibles.<\/span><\/p>\n<h2><span style=\"font-weight: 400;\">Alquiler de Casas de Campo en Ibiza<\/span><\/h2>\n<p><span style=\"font-weight: 400;\">Adem\u00e1s de nuestras casas rurales, tambi\u00e9n ofrecemos alquiler de casas de campo en Ibiza. Estas propiedades ofrecen a\u00fan m\u00e1s espacio y privacidad, lo que las hace ideales para familias grandes o grupos de amigos. Descubre m\u00e1s sobre nuestras casas de campo en Ibiza.<\/span><\/p>\n<h2><span style=\"font-weight: 400;\">Alquiler de Casas Rurales en Ibiza para Particulares<\/span><\/h2>\n<p><span style=\"font-weight: 400;\">En Solana Ibiza, nos enorgullece ofrecer un servicio personalizado a nuestros clientes. Si eres un particular interesado en el alquiler de una casa rural en Ibiza, nuestro equipo estar\u00e1 encantado de ayudarte a encontrar la propiedad perfecta que se adapte a tus necesidades y preferencias. <a href=\"https:\/\/www.solanaibiza.com\/es\/contacto\/\">Cont\u00e1ctanos<\/a> para obtener m\u00e1s informaci\u00f3n.<\/span><\/p>\n<h2><span style=\"font-weight: 400;\">Reserva tu Casa Rural en Ibiza con Solana Ibiza<\/span><\/h2>\n<p><span style=\"font-weight: 400;\">En Solana Ibiza, nos esforzamos por hacer que el proceso de alquiler de casas rurales en Ibiza sea lo m\u00e1s f\u00e1cil y sencillo posible. Nuestro equipo de expertos est\u00e1 a tu disposici\u00f3n para ayudarte en cada paso del camino, desde la selecci\u00f3n de la propiedad hasta la finalizaci\u00f3n del alquiler. Cont\u00e1ctanos hoy mismo para comenzar tu aventura rural en Ibiza.<\/span><\/p>\t\t\t\t\t\t\t\t<\/div>\n\t\t\t\t<\/div>\n\t\t\t\t\t<\/div>\n\t\t\t\t<\/div>\n\t\t<div class=\"elementor-element elementor-element-4634da16 e-con-full e-flex e-con e-parent\" data-id=\"4634da16\" data-element_type=\"container\" data-e-type=\"container\">\n\t\t<div class=\"elementor-element elementor-element-2d2fb03d e-con-full e-flex e-con e-child\" data-id=\"2d2fb03d\" data-element_type=\"container\" data-e-type=\"container\">\n\t\t\t\t<div class=\"elementor-element elementor-element-e14f3d6 elementor-widget elementor-widget-heading\" data-id=\"e14f3d6\" data-element_type=\"widget\" data-e-type=\"widget\" data-widget_type=\"heading.default\">\n\t\t\t\t<div class=\"elementor-widget-container\">\n\t\t\t\t\t<div class=\"elementor-heading-title elementor-size-default\">VIS\u00cdTANOS<\/div>\t\t\t\t<\/div>\n\t\t\t\t<\/div>\n\t\t\t\t<div class=\"elementor-element elementor-element-45d64845 elementor-widget elementor-widget-image\" data-id=\"45d64845\" data-element_type=\"widget\" data-e-type=\"widget\" data-widget_type=\"image.default\">\n\t\t\t\t<div class=\"elementor-widget-container\">\n\t\t\t\t\t\t\t\t\t\t\t\t\t\t\t<img fetchpriority=\"high\" decoding=\"async\" width=\"800\" height=\"520\" src=\"https:\/\/www.solanaibiza.com\/wp-content\/uploads\/2023\/07\/solana-ibiza-destacada.jpg\" class=\"attachment-large size-large wp-image-66028\" alt=\"\" srcset=\"https:\/\/www.solanaibiza.com\/wp-content\/uploads\/2023\/07\/solana-ibiza-destacada.jpg 865w, https:\/\/www.solanaibiza.com\/wp-content\/uploads\/2023\/07\/solana-ibiza-destacada-300x195.jpg 300w, https:\/\/www.solanaibiza.com\/wp-content\/uploads\/2023\/07\/solana-ibiza-destacada-768x499.jpg 768w\" sizes=\"(max-width: 800px) 100vw, 800px\" \/>\t\t\t\t\t\t\t\t\t\t\t\t\t\t\t<\/div>\n\t\t\t\t<\/div>\n\t\t\t\t<\/div>\n\t\t<div class=\"elementor-element elementor-element-44ba5800 e-con-full e-flex e-con e-child\" data-id=\"44ba5800\" data-element_type=\"container\" data-e-type=\"container\">\n\t\t\t\t<div class=\"elementor-element elementor-element-2bf76a56 elementor-widget elementor-widget-heading\" data-id=\"2bf76a56\" data-element_type=\"widget\" data-e-type=\"widget\" data-widget_type=\"heading.default\">\n\t\t\t\t<div class=\"elementor-widget-container\">\n\t\t\t\t\t<div class=\"elementor-heading-title elementor-size-default\">D\u00d3NDE ESTAMOS<\/div>\t\t\t\t<\/div>\n\t\t\t\t<\/div>\n\t\t\t\t<div class=\"elementor-element elementor-element-667b5db5 elementor-widget elementor-widget-html\" data-id=\"667b5db5\" data-element_type=\"widget\" data-e-type=\"widget\" data-widget_type=\"html.default\">\n\t\t\t\t<div class=\"elementor-widget-container\">\n\t\t\t\t\t<iframe src=\"https:\/\/www.google.com\/maps\/embed?pb=!1m18!1m12!1m3!1d198513.62616525026!2d1.2525801773932967!3d38.974796025169816!2m3!1f0!2f0!3f0!3m2!1i1024!2i768!4f13.1!3m3!1m2!1s0x1299414ab00b74fb%3A0x909b88fe093aa60f!2sAgencia%20Inmobiliaria%20Ibiza%20-%20Solana%20Ibiza%20Real%20Estate!5e0!3m2!1ses!2ses!4v1713778177562!5m2!1ses!2ses&z=13\" width=\"512\" height=\"490\" style=\"border:0;\" allowfullscreen=\"\" loading=\"lazy\" referrerpolicy=\"no-referrer-when-downgrade\"><\/iframe>\r\n\t\t\t\t<\/div>\n\t\t\t\t<\/div>\n\t\t\t\t<\/div>\n\t\t\t\t<\/div>\n\t\t\t\t<\/div>\n\t\t","protected":false},"excerpt":{"rendered":"<p>B\u00daSQUEDA SIMPLE DE PROPIEDADES ALQUILER DE CASAS RURALES EN IBIZA Ibiza es conocida mundialmente por sus vibrantes fiestas y hermosas playas, pero hay un lado m\u00e1s tranquilo y encantador en la isla que muchos a\u00fan no han descubierto. En Solana Ibiza, te ofrecemos el servicio de alquiler de casas rurales en Ibiza, permiti\u00e9ndote experimentar la [&hellip;]<\/p>\n","protected":false},"author":6,"featured_media":71220,"parent":67732,"menu_order":0,"comment_status":"closed","ping_status":"closed","template":"","meta":{"_acf_changed":false,"footnotes":""},"class_list":["post-67734","page","type-page","status-publish","has-post-thumbnail","hentry"],"acf":[],"_links":{"self":[{"href":"https:\/\/www.solanaibiza.com\/es\/wp-json\/wp\/v2\/pages\/67734","targetHints":{"allow":["GET"]}}],"collection":[{"href":"https:\/\/www.solanaibiza.com\/es\/wp-json\/wp\/v2\/pages"}],"about":[{"href":"https:\/\/www.solanaibiza.com\/es\/wp-json\/wp\/v2\/types\/page"}],"author":[{"embeddable":true,"href":"https:\/\/www.solanaibiza.com\/es\/wp-json\/wp\/v2\/users\/6"}],"replies":[{"embeddable":true,"href":"https:\/\/www.solanaibiza.com\/es\/wp-json\/wp\/v2\/comments?post=67734"}],"version-history":[{"count":0,"href":"https:\/\/www.solanaibiza.com\/es\/wp-json\/wp\/v2\/pages\/67734\/revisions"}],"up":[{"embeddable":true,"href":"https:\/\/www.solanaibiza.com\/es\/wp-json\/wp\/v2\/pages\/67732"}],"wp:featuredmedia":[{"embeddable":true,"href":"https:\/\/www.solanaibiza.com\/es\/wp-json\/wp\/v2\/media\/71220"}],"wp:attachment":[{"href":"https:\/\/www.solanaibiza.com\/es\/wp-json\/wp\/v2\/media?parent=67734"}],"curies":[{"name":"wp","href":"https:\/\/api.w.org\/{rel}","templated":true}]}}