{"id":23759,"date":"2017-01-09T19:10:54","date_gmt":"2017-01-09T18:10:54","guid":{"rendered":"https:\/\/www.solanaibiza.com\/solana\/"},"modified":"2025-03-14T13:05:53","modified_gmt":"2025-03-14T12:05:53","slug":"solana","status":"publish","type":"page","link":"https:\/\/www.solanaibiza.com\/es\/solana\/","title":{"rendered":"Sobre nosotros"},"content":{"rendered":"\t\t<div data-elementor-type=\"wp-page\" data-elementor-id=\"23759\" class=\"elementor elementor-23759 elementor-688\" data-elementor-post-type=\"page\">\n\t\t\t\t<div class=\"elementor-element elementor-element-c9640ff e-con-full e-flex e-con e-parent\" data-id=\"c9640ff\" data-element_type=\"container\" data-e-type=\"container\" data-settings=\"{&quot;background_background&quot;:&quot;slideshow&quot;,&quot;background_slideshow_gallery&quot;:[{&quot;id&quot;:21553,&quot;url&quot;:&quot;https:\\\/\\\/www.solanaibiza.com\\\/wp-content\\\/uploads\\\/2023\\\/04\\\/terrazas-065.jpg&quot;},{&quot;id&quot;:22185,&quot;url&quot;:&quot;https:\\\/\\\/www.solanaibiza.com\\\/wp-content\\\/uploads\\\/2023\\\/05\\\/sa-carroca-club-de-campo-008.jpg&quot;},{&quot;id&quot;:23127,&quot;url&quot;:&quot;https:\\\/\\\/www.solanaibiza.com\\\/wp-content\\\/uploads\\\/2023\\\/07\\\/can-misses-edif-albors-012.jpg&quot;},{&quot;id&quot;:22582,&quot;url&quot;:&quot;https:\\\/\\\/www.solanaibiza.com\\\/wp-content\\\/uploads\\\/2023\\\/06\\\/piso-av-santa-eulalia-020.jpg&quot;},{&quot;id&quot;:22158,&quot;url&quot;:&quot;https:\\\/\\\/www.solanaibiza.com\\\/wp-content\\\/uploads\\\/2023\\\/05\\\/venda-des-coloms-029-1.jpg&quot;},{&quot;id&quot;:22019,&quot;url&quot;:&quot;https:\\\/\\\/www.solanaibiza.com\\\/wp-content\\\/uploads\\\/2023\\\/05\\\/imagen10-2.jpg&quot;},{&quot;id&quot;:19352,&quot;url&quot;:&quot;https:\\\/\\\/www.solanaibiza.com\\\/wp-content\\\/uploads\\\/2023\\\/01\\\/es-canar-003.jpg&quot;},{&quot;id&quot;:23189,&quot;url&quot;:&quot;https:\\\/\\\/www.solanaibiza.com\\\/wp-content\\\/uploads\\\/2022\\\/09\\\/corallisa-hr-011.jpg&quot;}],&quot;background_slideshow_loop&quot;:&quot;yes&quot;,&quot;background_slideshow_slide_duration&quot;:5000,&quot;background_slideshow_slide_transition&quot;:&quot;fade&quot;,&quot;background_slideshow_transition_duration&quot;:500}\">\n\t\t<div class=\"elementor-element elementor-element-34c18c0 e-flex e-con-boxed e-con e-child\" data-id=\"34c18c0\" data-element_type=\"container\" data-e-type=\"container\">\n\t\t\t\t\t<div class=\"e-con-inner\">\n\t\t\t\t<div class=\"elementor-element elementor-element-3d1c938 elementor-widget elementor-widget-heading\" data-id=\"3d1c938\" data-element_type=\"widget\" data-e-type=\"widget\" data-widget_type=\"heading.default\">\n\t\t\t\t<div class=\"elementor-widget-container\">\n\t\t\t\t\t<div class=\"elementor-heading-title elementor-size-default\">B\u00daSQUEDA SIMPLE DE PROPIEDADES<\/div>\t\t\t\t<\/div>\n\t\t\t\t<\/div>\n\t\t\t\t<div class=\"elementor-element elementor-element-a8417b4 search elementor-widget elementor-widget-shortcode\" data-id=\"a8417b4\" data-element_type=\"widget\" data-e-type=\"widget\" data-widget_type=\"shortcode.default\">\n\t\t\t\t<div class=\"elementor-widget-container\">\n\t\t\t\t\t\t\t<div class=\"elementor-shortcode\">    \n    <form method=\"get\" action=\"\/property-search\/\" enctype=\"application\/x-www-form-urlencoded\">\n\n\t\t<div class=\"row\">\n\t\t\t<div class=\"col-md-2\">\n\t\t\t\t<input type=\"text\" name=\"keyword\" class=\"search-home\" placeholder=\"Buscar en\">\n\t\t\t<\/div>\n\t\t\t\t\t\t\t<div class=\"col-md-2\">\n\t\t\t\t\t<select name=\"type\">\n\t\t\t\t\t\t<option value=\"0\">Tipo<\/option>\n\t\t\t\t\t\t<option class=\"level-0\" value=\"apartamentos\" >Apartamentos<\/option>\n\t\t\t\t\t\t<option class=\"level-0\" value=\"casas\" >Casas<\/option>\n\t\t\t\t\t\t<option class=\"level-0\" value=\"casas-lujo\" >Casas Lujo<\/option>\n\t\t\t\t\t\t<option class=\"level-0\" value=\"casas-rurales\" >Casas Rurales<\/option>\n\t\t\t\t\t\t<option class=\"level-0\" value=\"local-comercial\" >Local Comercial<\/option>\n\t\t\t\t\t\t<option class=\"level-0\" value=\"pisos\" >Pisos<\/option>\n\t\t\t\t\t\t<option class=\"level-0\" value=\"sin-categorizar\" >Sin categorizar<\/option>\n\t\t\t\t\t<\/select>\n\t\t\t\t<\/div>\n\t\t\t\n\t\t\t<div class=\"col-md-2\">\n\t\t\t\t<select name=\"areas\">\n\t\t\t\t\t<option value=\"0\">\u00c1rea<\/option>\n\t\t\t\t\t<option class=\"level-0\" value=\"formentera\" >Formentera<\/option>\n\t\t\t\t\t<option class=\"level-0\" value=\"ibiza\" >Ibiza<\/option>\n\t\t\t\t\t<option class=\"level-0\" value=\"san-antonio\" >San Antonio<\/option>\n\t\t\t\t\t<option class=\"level-0\" value=\"san-carlos\" >San Carlos<\/option>\n\t\t\t\t\t<option class=\"level-0\" value=\"san-jose\" >San Jose<\/option>\n\t\t\t\t\t<option class=\"level-0\" value=\"san-juan\" >San Juan<\/option>\n\t\t\t\t\t<option class=\"level-0\" value=\"san-lorenzo\" >San Lorenzo<\/option>\n\t\t\t\t\t<option class=\"level-0\" value=\"san-miguel\" >San Miguel<\/option>\n\t\t\t\t\t<option class=\"level-0\" value=\"san-rafael\" >San Rafael<\/option>\n\t\t\t\t\t<option class=\"level-0\" value=\"san-vicente\" >San Vicente<\/option>\n\t\t\t\t\t<option class=\"level-0\" value=\"santa-eulalia\" >Santa Eulalia<\/option>\n\t\t\t\t\t<option class=\"level-0\" value=\"santa-gertrudis\" >Santa Gertrudis<\/option>\n\t\t\t\t<\/select>\n\t\t\t<\/div>\n\n\t\t\t<div class=\"col-md-2\">\n\n\t\t\t\t<select name=\"pricerange\">\n\t\t\t\t\t<option value=\"0\">Precio<\/option>\n\t\t\t\t\t<option class=\"level-0\" value=\"under-500000\" > menos de 500.000<\/option>\n\t\t\t\t\t<option class=\"level-0\" value=\"500000-1000000\" >&euro; 500.000 - &euro; 1.000.000<\/option>\n\t\t\t\t\t<option class=\"level-0\" value=\"1000000-2000000\" >&euro; 1.000.000 - &euro; 2.000.000<\/option>\n\t\t\t\t\t<option class=\"level-0\" value=\"2000000-3000000\" >&euro; 2.000.000 - &euro; 3.000.000<\/option>\n\t\t\t\t\t<option class=\"level-0\" value=\"3000000-5999999\" >&euro; 3.000.000 - &euro; 6.000.000<\/option>\n\t\t\t\t\t<option class=\"level-0\" value=\"6000000-higher\" >&euro; 6.000.000 m\u00e1s<\/option>\n\t\t\t\t<\/select>\n\n\t\t\t<\/div>\n\n\t\t\t<div class=\"col-md-4\" style=\"padding: 0;\">\n\n\t\t\t\t<div class=\"row\">\n\t\t\t\t\t<div class=\"col-md-5\">\n\t\t\t\t\t\t<select name=\"spacerequirements\">\n\t\t\t\t\t\t\t<option value=\"0\">Habitaciones<\/option>\n\n\t\t\t\t\t\t\t<option class=\"level-0\" value=\"1-bedrooms\" >1 Habitaciones<\/option>\n\n\t\t\t\t\t\t\t<option class=\"level-0\" value=\"2-bedrooms\" >2 Habitaciones<\/option>\n\n\t\t\t\t\t\t\t<option class=\"level-0\" value=\"3-bedrooms\" >3 Habitaciones<\/option>\n\n\t\t\t\t\t\t\t<option class=\"level-0\" value=\"4-bedrooms\" >4 Habitaciones<\/option>\n\n\t\t\t\t\t\t\t<option class=\"level-0\" value=\"5-bedrooms\" >5 Habitaciones<\/option>\n\n\t\t\t\t\t\t\t<option class=\"level-0\" value=\"larger\" >6+<\/option>\n\t\t\t\t\t\t<\/select>\n\t\t\t\t\t<\/div>\n\n\t\t\t\t\t<div class=\"col-md-7 clearfix\">\n\n\t\t\t\t\t\t<div style=\"width:67%; float:left; padding-right: 4px;\">\n\t\t\t\t\t\t\t<input type=\"submit\" onclick=\"javascript: jQuery('#loader').show();\" value=\"GO\">\n\t\t\t\t\t\t<\/div>\n\t\t\t\t\t<\/div>\n\t\t\t\t<\/div>\n\n\t\t\t<\/div>\n\t\t<\/div>\n\n\t<\/form>\n    \n    <\/div>\n\t\t\t\t\t\t<\/div>\n\t\t\t\t<\/div>\n\t\t\t\t<div class=\"elementor-element elementor-element-93dc120 elementor-widget-divider--view-line elementor-widget elementor-widget-divider\" data-id=\"93dc120\" data-element_type=\"widget\" data-e-type=\"widget\" data-widget_type=\"divider.default\">\n\t\t\t\t<div class=\"elementor-widget-container\">\n\t\t\t\t\t\t\t<div class=\"elementor-divider\">\n\t\t\t<span class=\"elementor-divider-separator\">\n\t\t\t\t\t\t<\/span>\n\t\t<\/div>\n\t\t\t\t\t\t<\/div>\n\t\t\t\t<\/div>\n\t\t\t\t\t<\/div>\n\t\t\t\t<\/div>\n\t\t\t\t<\/div>\n\t\t<div class=\"elementor-element elementor-element-ec0a1a8 e-flex e-con-boxed e-con e-parent\" data-id=\"ec0a1a8\" data-element_type=\"container\" data-e-type=\"container\">\n\t\t\t\t\t<div class=\"e-con-inner\">\n\t\t\t\t<div class=\"elementor-element elementor-element-987d075 elementor-widget elementor-widget-heading\" data-id=\"987d075\" data-element_type=\"widget\" data-e-type=\"widget\" data-widget_type=\"heading.default\">\n\t\t\t\t<div class=\"elementor-widget-container\">\n\t\t\t\t\t<h1 class=\"elementor-heading-title elementor-size-default\">SOBRE NOSOTROS<\/h1>\t\t\t\t<\/div>\n\t\t\t\t<\/div>\n\t\t\t\t\t<\/div>\n\t\t\t\t<\/div>\n\t\t<div class=\"elementor-element elementor-element-123b40b e-flex e-con-boxed e-con e-parent\" data-id=\"123b40b\" data-element_type=\"container\" data-e-type=\"container\">\n\t\t\t\t\t<div class=\"e-con-inner\">\n\t\t\t\t<div class=\"elementor-element elementor-element-0eb97b4 elementor-widget elementor-widget-image\" data-id=\"0eb97b4\" data-element_type=\"widget\" data-e-type=\"widget\" data-widget_type=\"image.default\">\n\t\t\t\t<div class=\"elementor-widget-container\">\n\t\t\t\t\t\t\t\t\t\t\t\t\t\t\t<img decoding=\"async\" src=\"https:\/\/www.solanaibiza.com\/wp-content\/uploads\/elementor\/thumbs\/solana-ibiza-office-window-1-rn1ermiu5zkbumqp74svif7ugjtultpu2nk9pyaqu6.jpg\" title=\"Solana Ibiza Office Window\" alt=\"Solana Ibiza Office Window\" loading=\"lazy\" \/>\t\t\t\t\t\t\t\t\t\t\t\t\t\t\t<\/div>\n\t\t\t\t<\/div>\n\t\t\t\t<div class=\"elementor-element elementor-element-b016714 elementor-widget elementor-widget-image\" data-id=\"b016714\" data-element_type=\"widget\" data-e-type=\"widget\" data-widget_type=\"image.default\">\n\t\t\t\t<div class=\"elementor-widget-container\">\n\t\t\t\t\t\t\t\t\t\t\t\t\t\t\t<img decoding=\"async\" src=\"https:\/\/www.solanaibiza.com\/wp-content\/uploads\/elementor\/thumbs\/new-logo-grey-orange-sun-since-rn1ayabrlfk3hq8f5rn972v9tsr5xwhpuw29ehxk3i.jpg\" title=\"NEW LOGO GREY ORANGE SUN SINCE\" alt=\"NEW LOGO GREY ORANGE SUN SINCE\" loading=\"lazy\" \/>\t\t\t\t\t\t\t\t\t\t\t\t\t\t\t<\/div>\n\t\t\t\t<\/div>\n\t\t\t\t<div class=\"elementor-element elementor-element-a766f13 elementor-widget elementor-widget-image\" data-id=\"a766f13\" data-element_type=\"widget\" data-e-type=\"widget\" data-widget_type=\"image.default\">\n\t\t\t\t<div class=\"elementor-widget-container\">\n\t\t\t\t\t\t\t\t\t\t\t\t\t\t\t<img decoding=\"async\" src=\"https:\/\/www.solanaibiza.com\/wp-content\/uploads\/elementor\/thumbs\/saskiabauerphotography-8opt-rn1ay4oqgfcdk2gm2p7hs4ai9hiynpvbu45ciu5x22.jpg\" title=\"Solana Ibiza Real Estate Agency &#8211; best properties for sale and rent in Ibiza\" alt=\"Solana Ibiza Real Estate Agency - best properties for sale and rent in Ibiza\" loading=\"lazy\" \/>\t\t\t\t\t\t\t\t\t\t\t\t\t\t\t<\/div>\n\t\t\t\t<\/div>\n\t\t\t\t\t<\/div>\n\t\t\t\t<\/div>\n\t\t<div class=\"elementor-element elementor-element-f1344f9 e-flex e-con-boxed e-con e-parent\" data-id=\"f1344f9\" data-element_type=\"container\" data-e-type=\"container\">\n\t\t\t\t\t<div class=\"e-con-inner\">\n\t\t<div class=\"elementor-element elementor-element-4bb39a5 e-con-full e-flex e-con e-child\" data-id=\"4bb39a5\" data-element_type=\"container\" data-e-type=\"container\">\n\t\t\t\t<div class=\"elementor-element elementor-element-54b013d elementor-widget elementor-widget-text-editor\" data-id=\"54b013d\" data-element_type=\"widget\" data-e-type=\"widget\" data-widget_type=\"text-editor.default\">\n\t\t\t\t<div class=\"elementor-widget-container\">\n\t\t\t\t\t\t\t\t\t<p>&nbsp;<\/p>\n<p><a href=\"https:\/\/www.solanaibiza.com\/wp-content\/uploads\/2023\/03\/pepa.jpg\"><img fetchpriority=\"high\" decoding=\"async\" class=\"wp-image-21311 size-medium aligncenter\" src=\"https:\/\/www.solanaibiza.com\/wp-content\/uploads\/2023\/03\/pepa-300x239.jpg\" alt=\"Pepa\" width=\"300\" height=\"239\"><\/a><\/p>\n<p>&nbsp;<\/p>\n<p>PEPA<\/p>\n<p>&nbsp;<\/p>\n<p>Llevo 22 a\u00f1os dirigiendo mi empresa, pero sobre todo, llevo 22 a\u00f1os consiguiendo que mis clientes hagan realidad sus sue\u00f1os, ya sea encontrando la propiedad m\u00e1s adecuada para ellos o vendiendo la propiedad en la que han invertido tanto esfuerzo y cari\u00f1o.<\/p>\n<p>Gestionar una empresa como Solana Gesti\u00f3n Inmobiliaria \/ Real State implica trabajar a infinidad de niveles. Desde buscar nuevas propiedades a tener en cuenta hasta el \u00faltimo detalle para que los clientes se sientan c\u00f3modos y acompa\u00f1ados en cada paso de cada transacci\u00f3n.<\/p>\n<p>Adem\u00e1s de las habilidades que se me presuponen para mi puesto, como un conocimiento profundo de la legislaci\u00f3n urban\u00edstica y las cuestiones impositivas y el manejo de 5 idiomas para poder dar servicio a clientes de cualquier rinc\u00f3n del planeta, he aplicado a mi trabajo mi forma de ser cercana y amigable y mi fijaci\u00f3n por resolver todos los problemas que se me presentan, porque creo fervientemente que siempre hay una soluci\u00f3n.<\/p>\n<p>Esta combinaci\u00f3n de aptitudes que he intentado imprimir en el car\u00e1cter de nuestra empresa han forjado de forma org\u00e1nica y natural nuestra reputaci\u00f3n. En la isla somos un referente de seriedad, buen hacer y transparencia. Somos sin\u00f3nimo de informaci\u00f3n fiable y objetiva, y ese es nuestro mayor logro.<\/p>\n<p>Nuestros clientes saben que pueden confiar en nosotras y nos recomiendan sin dudarlo. Muchos incluso acaban convirti\u00e9ndose en amistades que mantenemos con el paso de los a\u00f1os. Ese es mi objetivo como profesional: que mis clientes me consideren alguien que se implica hasta el final para resolver sus problemas, ya sea por mis propios medios o delegando de forma inteligente.<\/p>\n<p>&nbsp;<\/p>\n<p>&nbsp;<\/p>\n<p>&nbsp;<\/p>\n<p>&nbsp;<\/p>\n<p><a href=\"https:\/\/www.solanaibiza.com\/wp-content\/uploads\/2023\/03\/andrea.jpg\"><img decoding=\"async\" class=\"size-medium wp-image-21310 aligncenter\" src=\"https:\/\/www.solanaibiza.com\/wp-content\/uploads\/2023\/03\/andrea-300x239.jpg\" alt=\"Andrea\" width=\"300\" height=\"239\"><\/a><\/p>\n<p>&nbsp;<\/p>\n<p>ANDREA<\/p>\n<p>&nbsp;<\/p>\n<p>Trato a cada cliente como si fuera el \u00fanico de mi cartera y lo acompa\u00f1o hasta mucho despu\u00e9s de la postventa.<\/p>\n<p>Si hay algo que me ha ense\u00f1ado mi experiencia en el sector inmobiliario y como Operations Manager en Londres, Leeds y Manchester, es que hacer las cosas con paciencia, de forma transparente y sin dejar ni un cabo sin atar es lo que me permite sentirme c\u00f3moda en la relaci\u00f3n con mis clientes y lo que les hace a ellos sentirse seguros.<\/p>\n<p>Pero no todo es experiencia. En el plano acad\u00e9mico puedo decir que curs\u00e9 una carrera universitaria (Business Management) en Inglaterra, estudi\u00e9 Comercio y Marketing en Madrid y ahora estoy terminando mis estudios para ser agente inmobiliaria colegiada.<\/p>\n<p>Mi mayor ambici\u00f3n es sentirme completa como profesional. Ser capaz de tratar a los clientes de una forma tan personalizada que ellos no se sientan un elemento m\u00e1s de una transacci\u00f3n cualquiera. Para ello, afronto cada tarea, por m\u00ednima que sea, como un reto en el que concentrar todos mis esfuerzos. En mi opini\u00f3n, esta actitud compartida con el resto de la empresa es lo que hace que destaquemos sobre el resto y la raz\u00f3n por la cual nuestros clientes nos recomiendan.<\/p>\t\t\t\t\t\t\t\t<\/div>\n\t\t\t\t<\/div>\n\t\t\t\t<\/div>\n\t\t\t\t\t<\/div>\n\t\t\t\t<\/div>\n\t\t<div class=\"elementor-element elementor-element-13434423 e-con-full e-flex e-con e-parent\" data-id=\"13434423\" data-element_type=\"container\" data-e-type=\"container\">\n\t\t<div class=\"elementor-element elementor-element-45d7ae52 e-con-full e-flex e-con e-child\" data-id=\"45d7ae52\" data-element_type=\"container\" data-e-type=\"container\">\n\t\t\t\t<div class=\"elementor-element elementor-element-5c2425a0 elementor-widget elementor-widget-heading\" data-id=\"5c2425a0\" data-element_type=\"widget\" data-e-type=\"widget\" data-widget_type=\"heading.default\">\n\t\t\t\t<div class=\"elementor-widget-container\">\n\t\t\t\t\t<div class=\"elementor-heading-title elementor-size-default\">VIS\u00cdTANOS<\/div>\t\t\t\t<\/div>\n\t\t\t\t<\/div>\n\t\t\t\t<div class=\"elementor-element elementor-element-1decccf6 elementor-widget elementor-widget-image\" data-id=\"1decccf6\" data-element_type=\"widget\" data-e-type=\"widget\" data-widget_type=\"image.default\">\n\t\t\t\t<div class=\"elementor-widget-container\">\n\t\t\t\t\t\t\t\t\t\t\t\t\t\t\t<img decoding=\"async\" width=\"800\" height=\"520\" src=\"https:\/\/www.solanaibiza.com\/wp-content\/uploads\/2023\/07\/solana-ibiza-destacada.jpg\" class=\"attachment-large size-large wp-image-66028\" alt=\"\" srcset=\"https:\/\/www.solanaibiza.com\/wp-content\/uploads\/2023\/07\/solana-ibiza-destacada.jpg 865w, https:\/\/www.solanaibiza.com\/wp-content\/uploads\/2023\/07\/solana-ibiza-destacada-300x195.jpg 300w, https:\/\/www.solanaibiza.com\/wp-content\/uploads\/2023\/07\/solana-ibiza-destacada-768x499.jpg 768w\" sizes=\"(max-width: 800px) 100vw, 800px\" \/>\t\t\t\t\t\t\t\t\t\t\t\t\t\t\t<\/div>\n\t\t\t\t<\/div>\n\t\t\t\t<\/div>\n\t\t<div class=\"elementor-element elementor-element-13d353c3 e-con-full e-flex e-con e-child\" data-id=\"13d353c3\" data-element_type=\"container\" data-e-type=\"container\">\n\t\t\t\t<div class=\"elementor-element elementor-element-6d635bcb elementor-widget elementor-widget-heading\" data-id=\"6d635bcb\" data-element_type=\"widget\" data-e-type=\"widget\" data-widget_type=\"heading.default\">\n\t\t\t\t<div class=\"elementor-widget-container\">\n\t\t\t\t\t<div class=\"elementor-heading-title elementor-size-default\">D\u00d3NDE ESTAMOS<\/div>\t\t\t\t<\/div>\n\t\t\t\t<\/div>\n\t\t\t\t<div class=\"elementor-element elementor-element-4d0220ee elementor-widget elementor-widget-html\" data-id=\"4d0220ee\" data-element_type=\"widget\" data-e-type=\"widget\" data-widget_type=\"html.default\">\n\t\t\t\t<div class=\"elementor-widget-container\">\n\t\t\t\t\t<iframe src=\"https:\/\/www.google.com\/maps\/embed?pb=!1m18!1m12!1m3!1d198513.62616525026!2d1.2525801773932967!3d38.974796025169816!2m3!1f0!2f0!3f0!3m2!1i1024!2i768!4f13.1!3m3!1m2!1s0x1299414ab00b74fb%3A0x909b88fe093aa60f!2sAgencia%20Inmobiliaria%20Ibiza%20-%20Solana%20Ibiza%20Real%20Estate!5e0!3m2!1ses!2ses!4v1713778177562!5m2!1ses!2ses&z=13\" width=\"512\" height=\"490\" style=\"border:0;\" allowfullscreen=\"\" loading=\"lazy\" referrerpolicy=\"no-referrer-when-downgrade\"><\/iframe>\r\n\t\t\t\t<\/div>\n\t\t\t\t<\/div>\n\t\t\t\t<\/div>\n\t\t\t\t<\/div>\n\t\t\t\t<\/div>\n\t\t","protected":false},"excerpt":{"rendered":"<p>B\u00daSQUEDA SIMPLE DE PROPIEDADES SOBRE NOSOTROS &nbsp; &nbsp; PEPA &nbsp; Llevo 22 a\u00f1os dirigiendo mi empresa, pero sobre todo, llevo 22 a\u00f1os consiguiendo que mis clientes hagan realidad sus sue\u00f1os, ya sea encontrando la propiedad m\u00e1s adecuada para ellos o vendiendo la propiedad en la que han invertido tanto esfuerzo y cari\u00f1o. Gestionar una empresa [&hellip;]<\/p>\n","protected":false},"author":2,"featured_media":29669,"parent":0,"menu_order":0,"comment_status":"closed","ping_status":"closed","template":"","meta":{"_acf_changed":false,"footnotes":""},"class_list":["post-23759","page","type-page","status-publish","has-post-thumbnail","hentry"],"acf":[],"_links":{"self":[{"href":"https:\/\/www.solanaibiza.com\/es\/wp-json\/wp\/v2\/pages\/23759","targetHints":{"allow":["GET"]}}],"collection":[{"href":"https:\/\/www.solanaibiza.com\/es\/wp-json\/wp\/v2\/pages"}],"about":[{"href":"https:\/\/www.solanaibiza.com\/es\/wp-json\/wp\/v2\/types\/page"}],"author":[{"embeddable":true,"href":"https:\/\/www.solanaibiza.com\/es\/wp-json\/wp\/v2\/users\/2"}],"replies":[{"embeddable":true,"href":"https:\/\/www.solanaibiza.com\/es\/wp-json\/wp\/v2\/comments?post=23759"}],"version-history":[{"count":0,"href":"https:\/\/www.solanaibiza.com\/es\/wp-json\/wp\/v2\/pages\/23759\/revisions"}],"wp:featuredmedia":[{"embeddable":true,"href":"https:\/\/www.solanaibiza.com\/es\/wp-json\/wp\/v2\/media\/29669"}],"wp:attachment":[{"href":"https:\/\/www.solanaibiza.com\/es\/wp-json\/wp\/v2\/media?parent=23759"}],"curies":[{"name":"wp","href":"https:\/\/api.w.org\/{rel}","templated":true}]}}