{"id":23735,"date":"2016-09-01T09:05:13","date_gmt":"2016-09-01T07:05:13","guid":{"rendered":"https:\/\/www.solanaibiza.com\/servicios\/"},"modified":"2024-04-22T12:37:41","modified_gmt":"2024-04-22T10:37:41","slug":"servicios","status":"publish","type":"page","link":"https:\/\/www.solanaibiza.com\/es\/servicios\/","title":{"rendered":"Servicios"},"content":{"rendered":"\t\t<div data-elementor-type=\"wp-page\" data-elementor-id=\"23735\" class=\"elementor elementor-23735 elementor-19\" data-elementor-post-type=\"page\">\n\t\t\t\t<div class=\"elementor-element elementor-element-3f07e4c e-flex e-con-boxed e-con e-parent\" data-id=\"3f07e4c\" data-element_type=\"container\" data-e-type=\"container\" data-settings=\"{&quot;background_background&quot;:&quot;slideshow&quot;,&quot;background_slideshow_gallery&quot;:[{&quot;id&quot;:74329,&quot;url&quot;:&quot;https:\\\/\\\/www.solanaibiza.com\\\/wp-content\\\/uploads\\\/2023\\\/12\\\/shutterstock_140175490-scaled-1.jpg&quot;},{&quot;id&quot;:74333,&quot;url&quot;:&quot;https:\\\/\\\/www.solanaibiza.com\\\/wp-content\\\/uploads\\\/2023\\\/12\\\/shutterstock_151209317.jpg&quot;},{&quot;id&quot;:74337,&quot;url&quot;:&quot;https:\\\/\\\/www.solanaibiza.com\\\/wp-content\\\/uploads\\\/2023\\\/12\\\/service_slide2-scaled-1.jpg&quot;}],&quot;background_slideshow_loop&quot;:&quot;yes&quot;,&quot;background_slideshow_slide_duration&quot;:5000,&quot;background_slideshow_slide_transition&quot;:&quot;fade&quot;,&quot;background_slideshow_transition_duration&quot;:500}\">\n\t\t\t\t\t<div class=\"e-con-inner\">\n\t\t\t\t<div class=\"elementor-element elementor-element-ba1b888 elementor-widget__width-initial elementor-widget elementor-widget-heading\" data-id=\"ba1b888\" data-element_type=\"widget\" data-e-type=\"widget\" data-widget_type=\"heading.default\">\n\t\t\t\t<div class=\"elementor-widget-container\">\n\t\t\t\t\t<h2 class=\"elementor-heading-title elementor-size-default\">REAL ESTATE IBIZA: LEGAL ADVISE<\/h2>\t\t\t\t<\/div>\n\t\t\t\t<\/div>\n\t\t\t\t<div class=\"elementor-element elementor-element-b180a86 elementor-widget__width-initial elementor-widget elementor-widget-heading\" data-id=\"b180a86\" data-element_type=\"widget\" data-e-type=\"widget\" data-widget_type=\"heading.default\">\n\t\t\t\t<div class=\"elementor-widget-container\">\n\t\t\t\t\t<h2 class=\"elementor-heading-title elementor-size-default\">REAL ESTATE IBIZA: SELLING<\/h2>\t\t\t\t<\/div>\n\t\t\t\t<\/div>\n\t\t\t\t<div class=\"elementor-element elementor-element-e893d1c elementor-widget__width-initial elementor-widget elementor-widget-heading\" data-id=\"e893d1c\" data-element_type=\"widget\" data-e-type=\"widget\" data-widget_type=\"heading.default\">\n\t\t\t\t<div class=\"elementor-widget-container\">\n\t\t\t\t\t<h2 class=\"elementor-heading-title elementor-size-default\">REAL ESTATE IBIZA: PURCHASING<\/h2>\t\t\t\t<\/div>\n\t\t\t\t<\/div>\n\t\t\t\t\t<\/div>\n\t\t\t\t<\/div>\n\t\t<div class=\"elementor-element elementor-element-79d5e9d e-flex e-con-boxed e-con e-parent\" data-id=\"79d5e9d\" data-element_type=\"container\" data-e-type=\"container\" data-settings=\"{&quot;background_background&quot;:&quot;classic&quot;}\">\n\t\t\t\t\t<div class=\"e-con-inner\">\n\t\t<div class=\"elementor-element elementor-element-2dfe445 e-con-full e-flex e-con e-child\" data-id=\"2dfe445\" data-element_type=\"container\" data-e-type=\"container\">\n\t\t\t\t<div class=\"elementor-element elementor-element-ce56773 elementor-widget elementor-widget-heading\" data-id=\"ce56773\" data-element_type=\"widget\" data-e-type=\"widget\" data-widget_type=\"heading.default\">\n\t\t\t\t<div class=\"elementor-widget-container\">\n\t\t\t\t\t<h1 class=\"elementor-heading-title elementor-size-default\">SERVICIOS<\/h1>\t\t\t\t<\/div>\n\t\t\t\t<\/div>\n\t\t\t\t<div class=\"elementor-element elementor-element-7817293 elementor-widget elementor-widget-text-editor\" data-id=\"7817293\" data-element_type=\"widget\" data-e-type=\"widget\" data-widget_type=\"text-editor.default\">\n\t\t\t\t<div class=\"elementor-widget-container\">\n\t\t\t\t\t\t\t\t\t<p style=\"text-align: center;\">Ibiza Real Estate Servicios<\/p><p>Como resultado de nuestra larga experiencia y de nuestro constante trabajo, estamos ampliamente preparados para asesorar a nuestros clientes en la compra -venta de propiedades empezando por las primeras visitas hasta el final del proceso de compra venta en cualquiera de los aspectos relacionados con dichas transacciones, proporcionando, con ello, a nuestros clientes un ambiente de seguridad en todo el procedimiento a seguir. Aparte de nuestro constante trabajo en la b\u00fasqueda de la propiedad que m\u00e1s se adecua a sus gustos y necesidades, proporcionamos a nuestros clientes por un lado informaci\u00f3n de las normas urban\u00edsticas de la zona, contratos de compraventa, opciones de compra, cancelaci\u00f3n de hipotecas, escrituras notariales, registro de la propiedad, etc. El objetivo de nuestra empresa es lograr las soluciones m\u00e1s adecuadas a cualquiera de las necesidades de nuestros clientes.<\/p>\t\t\t\t\t\t\t\t<\/div>\n\t\t\t\t<\/div>\n\t\t\t\t<div class=\"elementor-element elementor-element-9234744 elementor-widget elementor-widget-spacer\" data-id=\"9234744\" data-element_type=\"widget\" data-e-type=\"widget\" data-widget_type=\"spacer.default\">\n\t\t\t\t<div class=\"elementor-widget-container\">\n\t\t\t\t\t\t\t<div class=\"elementor-spacer\">\n\t\t\t<div class=\"elementor-spacer-inner\"><\/div>\n\t\t<\/div>\n\t\t\t\t\t\t<\/div>\n\t\t\t\t<\/div>\n\t\t\t\t<\/div>\n\t\t<div class=\"elementor-element elementor-element-b93f2ea e-con-full e-flex e-con e-child\" data-id=\"b93f2ea\" data-element_type=\"container\" data-e-type=\"container\" data-settings=\"{&quot;background_background&quot;:&quot;classic&quot;}\">\n\t\t\t\t<\/div>\n\t\t\t\t\t<\/div>\n\t\t\t\t<\/div>\n\t\t<div class=\"elementor-element elementor-element-45d8ed71 e-con-full e-flex e-con e-parent\" data-id=\"45d8ed71\" data-element_type=\"container\" data-e-type=\"container\">\n\t\t<div class=\"elementor-element elementor-element-1283a8d8 e-con-full e-flex e-con e-child\" data-id=\"1283a8d8\" data-element_type=\"container\" data-e-type=\"container\">\n\t\t\t\t<div class=\"elementor-element elementor-element-7083eeb4 elementor-widget elementor-widget-heading\" data-id=\"7083eeb4\" data-element_type=\"widget\" data-e-type=\"widget\" data-widget_type=\"heading.default\">\n\t\t\t\t<div class=\"elementor-widget-container\">\n\t\t\t\t\t<div class=\"elementor-heading-title elementor-size-default\">VIS\u00cdTANOS<\/div>\t\t\t\t<\/div>\n\t\t\t\t<\/div>\n\t\t\t\t<div class=\"elementor-element elementor-element-b07da3d elementor-widget elementor-widget-image\" data-id=\"b07da3d\" data-element_type=\"widget\" data-e-type=\"widget\" data-widget_type=\"image.default\">\n\t\t\t\t<div class=\"elementor-widget-container\">\n\t\t\t\t\t\t\t\t\t\t\t\t\t\t\t<img fetchpriority=\"high\" decoding=\"async\" width=\"800\" height=\"520\" src=\"https:\/\/www.solanaibiza.com\/wp-content\/uploads\/2023\/07\/solana-ibiza-destacada.jpg\" class=\"attachment-large size-large wp-image-66028\" alt=\"\" srcset=\"https:\/\/www.solanaibiza.com\/wp-content\/uploads\/2023\/07\/solana-ibiza-destacada.jpg 865w, https:\/\/www.solanaibiza.com\/wp-content\/uploads\/2023\/07\/solana-ibiza-destacada-300x195.jpg 300w, https:\/\/www.solanaibiza.com\/wp-content\/uploads\/2023\/07\/solana-ibiza-destacada-768x499.jpg 768w\" sizes=\"(max-width: 800px) 100vw, 800px\" \/>\t\t\t\t\t\t\t\t\t\t\t\t\t\t\t<\/div>\n\t\t\t\t<\/div>\n\t\t\t\t<\/div>\n\t\t<div class=\"elementor-element elementor-element-9c88303 e-con-full e-flex e-con e-child\" data-id=\"9c88303\" data-element_type=\"container\" data-e-type=\"container\">\n\t\t\t\t<div class=\"elementor-element elementor-element-65117b7d elementor-widget elementor-widget-heading\" data-id=\"65117b7d\" data-element_type=\"widget\" data-e-type=\"widget\" data-widget_type=\"heading.default\">\n\t\t\t\t<div class=\"elementor-widget-container\">\n\t\t\t\t\t<div class=\"elementor-heading-title elementor-size-default\">D\u00d3NDE ESTAMOS<\/div>\t\t\t\t<\/div>\n\t\t\t\t<\/div>\n\t\t\t\t<div class=\"elementor-element elementor-element-396fe17c elementor-widget elementor-widget-html\" data-id=\"396fe17c\" data-element_type=\"widget\" data-e-type=\"widget\" data-widget_type=\"html.default\">\n\t\t\t\t<div class=\"elementor-widget-container\">\n\t\t\t\t\t<iframe src=\"https:\/\/www.google.com\/maps\/embed?pb=!1m18!1m12!1m3!1d198513.62616525026!2d1.2525801773932967!3d38.974796025169816!2m3!1f0!2f0!3f0!3m2!1i1024!2i768!4f13.1!3m3!1m2!1s0x1299414ab00b74fb%3A0x909b88fe093aa60f!2sAgencia%20Inmobiliaria%20Ibiza%20-%20Solana%20Ibiza%20Real%20Estate!5e0!3m2!1ses!2ses!4v1713778177562!5m2!1ses!2ses&z=13\" width=\"512\" height=\"490\" style=\"border:0;\" allowfullscreen=\"\" loading=\"lazy\" referrerpolicy=\"no-referrer-when-downgrade\"><\/iframe>\r\n\t\t\t\t<\/div>\n\t\t\t\t<\/div>\n\t\t\t\t<\/div>\n\t\t\t\t<\/div>\n\t\t\t\t<\/div>\n\t\t","protected":false},"excerpt":{"rendered":"<p>REAL ESTATE IBIZA: LEGAL ADVISE REAL ESTATE IBIZA: SELLING REAL ESTATE IBIZA: PURCHASING SERVICIOS Ibiza Real Estate Servicios Como resultado de nuestra larga experiencia y de nuestro constante trabajo, estamos ampliamente preparados para asesorar a nuestros clientes en la compra -venta de propiedades empezando por las primeras visitas hasta el final del proceso de compra [&hellip;]<\/p>\n","protected":false},"author":2,"featured_media":46131,"parent":0,"menu_order":0,"comment_status":"closed","ping_status":"closed","template":"","meta":{"_acf_changed":false,"footnotes":""},"class_list":["post-23735","page","type-page","status-publish","has-post-thumbnail","hentry"],"acf":[],"_links":{"self":[{"href":"https:\/\/www.solanaibiza.com\/es\/wp-json\/wp\/v2\/pages\/23735","targetHints":{"allow":["GET"]}}],"collection":[{"href":"https:\/\/www.solanaibiza.com\/es\/wp-json\/wp\/v2\/pages"}],"about":[{"href":"https:\/\/www.solanaibiza.com\/es\/wp-json\/wp\/v2\/types\/page"}],"author":[{"embeddable":true,"href":"https:\/\/www.solanaibiza.com\/es\/wp-json\/wp\/v2\/users\/2"}],"replies":[{"embeddable":true,"href":"https:\/\/www.solanaibiza.com\/es\/wp-json\/wp\/v2\/comments?post=23735"}],"version-history":[{"count":0,"href":"https:\/\/www.solanaibiza.com\/es\/wp-json\/wp\/v2\/pages\/23735\/revisions"}],"wp:featuredmedia":[{"embeddable":true,"href":"https:\/\/www.solanaibiza.com\/es\/wp-json\/wp\/v2\/media\/46131"}],"wp:attachment":[{"href":"https:\/\/www.solanaibiza.com\/es\/wp-json\/wp\/v2\/media?parent=23735"}],"curies":[{"name":"wp","href":"https:\/\/api.w.org\/{rel}","templated":true}]}}