{"id":68971,"date":"2023-09-18T13:55:41","date_gmt":"2023-09-18T11:55:41","guid":{"rendered":"https:\/\/www.solanaibiza.com\/?page_id=68971"},"modified":"2024-04-22T13:32:35","modified_gmt":"2024-04-22T11:32:35","slug":"rural-houses-rent","status":"publish","type":"page","link":"https:\/\/www.solanaibiza.com\/de\/miete\/haeuser\/laendlich\/","title":{"rendered":"L\u00e4ndliche H\u00e4user Miete"},"content":{"rendered":"\t\t<div data-elementor-type=\"wp-page\" data-elementor-id=\"68971\" class=\"elementor elementor-68971 elementor-67723\" data-elementor-post-type=\"page\">\n\t\t\t\t<div class=\"elementor-element elementor-element-57e76128 e-con-full e-flex e-con e-parent\" data-id=\"57e76128\" data-element_type=\"container\" data-e-type=\"container\" data-settings=\"{&quot;background_background&quot;:&quot;slideshow&quot;,&quot;background_slideshow_gallery&quot;:[{&quot;id&quot;:21553,&quot;url&quot;:&quot;https:\\\/\\\/www.solanaibiza.com\\\/wp-content\\\/uploads\\\/2023\\\/04\\\/terrazas-065.jpg&quot;},{&quot;id&quot;:22185,&quot;url&quot;:&quot;https:\\\/\\\/www.solanaibiza.com\\\/wp-content\\\/uploads\\\/2023\\\/05\\\/sa-carroca-club-de-campo-008.jpg&quot;},{&quot;id&quot;:23127,&quot;url&quot;:&quot;https:\\\/\\\/www.solanaibiza.com\\\/wp-content\\\/uploads\\\/2023\\\/07\\\/can-misses-edif-albors-012.jpg&quot;},{&quot;id&quot;:22582,&quot;url&quot;:&quot;https:\\\/\\\/www.solanaibiza.com\\\/wp-content\\\/uploads\\\/2023\\\/06\\\/piso-av-santa-eulalia-020.jpg&quot;},{&quot;id&quot;:22158,&quot;url&quot;:&quot;https:\\\/\\\/www.solanaibiza.com\\\/wp-content\\\/uploads\\\/2023\\\/05\\\/venda-des-coloms-029-1.jpg&quot;},{&quot;id&quot;:22019,&quot;url&quot;:&quot;https:\\\/\\\/www.solanaibiza.com\\\/wp-content\\\/uploads\\\/2023\\\/05\\\/imagen10-2.jpg&quot;},{&quot;id&quot;:19352,&quot;url&quot;:&quot;https:\\\/\\\/www.solanaibiza.com\\\/wp-content\\\/uploads\\\/2023\\\/01\\\/es-canar-003.jpg&quot;},{&quot;id&quot;:23189,&quot;url&quot;:&quot;https:\\\/\\\/www.solanaibiza.com\\\/wp-content\\\/uploads\\\/2022\\\/09\\\/corallisa-hr-011.jpg&quot;}],&quot;background_slideshow_loop&quot;:&quot;yes&quot;,&quot;background_slideshow_slide_duration&quot;:5000,&quot;background_slideshow_slide_transition&quot;:&quot;fade&quot;,&quot;background_slideshow_transition_duration&quot;:500}\">\n\t\t<div class=\"elementor-element elementor-element-666831bd e-flex e-con-boxed e-con e-child\" data-id=\"666831bd\" data-element_type=\"container\" data-e-type=\"container\">\n\t\t\t\t\t<div class=\"e-con-inner\">\n\t\t\t\t<div class=\"elementor-element elementor-element-406c2093 elementor-widget elementor-widget-heading\" data-id=\"406c2093\" data-element_type=\"widget\" data-e-type=\"widget\" data-widget_type=\"heading.default\">\n\t\t\t\t<div class=\"elementor-widget-container\">\n\t\t\t\t\t<div class=\"elementor-heading-title elementor-size-default\">EINE EINFACHE SUCHE NACH IHRER IMMOBILIE<\/div>\t\t\t\t<\/div>\n\t\t\t\t<\/div>\n\t\t\t\t<div class=\"elementor-element elementor-element-71a45504 search elementor-widget elementor-widget-shortcode\" data-id=\"71a45504\" data-element_type=\"widget\" data-e-type=\"widget\" data-widget_type=\"shortcode.default\">\n\t\t\t\t<div class=\"elementor-widget-container\">\n\t\t\t\t\t\t\t<div class=\"elementor-shortcode\">    \n    <form method=\"get\" action=\"\/de\/unsere-suchergebnisse\/\" enctype=\"application\/x-www-form-urlencoded\">\n\n\t\t<div class=\"row\">\n\t\t\t<div class=\"col-md-2\">\n\t\t\t\t<input type=\"text\" name=\"keyword\" class=\"search-home\" placeholder=\"Suche\">\n\t\t\t<\/div>\n\t\t\t\t\t\t\t<div class=\"col-md-2\">\n\t\t\t\t\t<select name=\"type\">\n\t\t\t\t\t\t<option value=\"0\">Typ<\/option>\n\t\t\t\t\t\t<option class=\"level-0\" value=\"holiday\" >Holiday Rentals<\/option>\n\t\t\t\t\t\t<option class=\"level-0\" value=\"seasonal\" >Seasonal Rentals<\/option>\n\t\t\t\t\t\t<option class=\"level-0\" value=\"longterm\" >Long Term Rentals<\/option>\n\t\t\t\t\t<\/select>\n\t\t\t\t<\/div>\n\t\t\t\t<input type=\"hidden\" name=\"tipo\" value=\"rental\">\n\t\t\t\n\t\t\t<div class=\"col-md-2\">\n\t\t\t\t<select name=\"areas\">\n\t\t\t\t\t<option value=\"0\">Gebiet<\/option>\n\t\t\t\t\t<option class=\"level-0\" value=\"formentera\" >Formentera<\/option>\n\t\t\t\t\t<option class=\"level-0\" value=\"ibiza\" >Ibiza<\/option>\n\t\t\t\t\t<option class=\"level-0\" value=\"san-antonio\" >San Antonio<\/option>\n\t\t\t\t\t<option class=\"level-0\" value=\"san-carlos\" >San Carlos<\/option>\n\t\t\t\t\t<option class=\"level-0\" value=\"san-jose\" >San Jose<\/option>\n\t\t\t\t\t<option class=\"level-0\" value=\"san-juan\" >San Juan<\/option>\n\t\t\t\t\t<option class=\"level-0\" value=\"san-lorenzo\" >San Lorenzo<\/option>\n\t\t\t\t\t<option class=\"level-0\" value=\"san-miguel\" >San Miguel<\/option>\n\t\t\t\t\t<option class=\"level-0\" value=\"san-rafael\" >San Rafael<\/option>\n\t\t\t\t\t<option class=\"level-0\" value=\"san-vicente\" >San Vicente<\/option>\n\t\t\t\t\t<option class=\"level-0\" value=\"santa-eulalia\" >Santa Eulalia<\/option>\n\t\t\t\t\t<option class=\"level-0\" value=\"santa-gertrudis\" >Santa Gertrudis<\/option>\n\t\t\t\t<\/select>\n\t\t\t<\/div>\n\n\t\t\t<div class=\"col-md-2\">\n\n\t\t\t\t<select name=\"pricerange\">\n\t\t\t\t\t<option value=\"0\">Preis<\/option>\n\t\t\t\t\t<option class=\"level-0\" value=\"under-500000\" >weniger als \u20ac 500.000<\/option>\n\t\t\t\t\t<option class=\"level-0\" value=\"500000-1000000\" >&euro; 500.000 - &euro; 1.000.000<\/option>\n\t\t\t\t\t<option class=\"level-0\" value=\"1000000-2000000\" >&euro; 1.000.000 - &euro; 2.000.000<\/option>\n\t\t\t\t\t<option class=\"level-0\" value=\"2000000-3000000\" >&euro; 2.000.000 - &euro; 3.000.000<\/option>\n\t\t\t\t\t<option class=\"level-0\" value=\"3000000-5999999\" >&euro; 3.000.000 - &euro; 6.000.000<\/option>\n\t\t\t\t\t<option class=\"level-0\" value=\"6000000-higher\" >&euro; 6.000.000 plus <\/option>\n\t\t\t\t<\/select>\n\n\t\t\t<\/div>\n\n\t\t\t<div class=\"col-md-4\" style=\"padding: 0;\">\n\n\t\t\t\t<div class=\"row\">\n\t\t\t\t\t<div class=\"col-md-5\">\n\t\t\t\t\t\t<select name=\"spacerequirements\">\n\t\t\t\t\t\t\t<option value=\"0\">Schlafr\u00e4ume<\/option>\n\n\t\t\t\t\t\t\t<option class=\"level-0\" value=\"1-bedrooms\" >1 Schlafr\u00e4ume<\/option>\n\n\t\t\t\t\t\t\t<option class=\"level-0\" value=\"2-bedrooms\" >2 Schlafr\u00e4ume<\/option>\n\n\t\t\t\t\t\t\t<option class=\"level-0\" value=\"3-bedrooms\" >3 Schlafr\u00e4ume<\/option>\n\n\t\t\t\t\t\t\t<option class=\"level-0\" value=\"4-bedrooms\" >4 Schlafr\u00e4ume<\/option>\n\n\t\t\t\t\t\t\t<option class=\"level-0\" value=\"5-bedrooms\" >5 Schlafr\u00e4ume<\/option>\n\n\t\t\t\t\t\t\t<option class=\"level-0\" value=\"larger\" >6+<\/option>\n\t\t\t\t\t\t<\/select>\n\t\t\t\t\t<\/div>\n\n\t\t\t\t\t<div class=\"col-md-7 clearfix\">\n\n\t\t\t\t\t\t<div style=\"width:67%; float:left; padding-right: 4px;\">\n\t\t\t\t\t\t\t<input type=\"submit\" onclick=\"javascript: jQuery('#loader').show();\" value=\"GO\">\n\t\t\t\t\t\t<\/div>\n\t\t\t\t\t<\/div>\n\t\t\t\t<\/div>\n\n\t\t\t<\/div>\n\t\t<\/div>\n\n\t<\/form>\n    \n    <\/div>\n\t\t\t\t\t\t<\/div>\n\t\t\t\t<\/div>\n\t\t\t\t<div class=\"elementor-element elementor-element-5062a627 elementor-widget-divider--view-line elementor-widget elementor-widget-divider\" data-id=\"5062a627\" data-element_type=\"widget\" data-e-type=\"widget\" data-widget_type=\"divider.default\">\n\t\t\t\t<div class=\"elementor-widget-container\">\n\t\t\t\t\t\t\t<div class=\"elementor-divider\">\n\t\t\t<span class=\"elementor-divider-separator\">\n\t\t\t\t\t\t<\/span>\n\t\t<\/div>\n\t\t\t\t\t\t<\/div>\n\t\t\t\t<\/div>\n\t\t\t\t\t<\/div>\n\t\t\t\t<\/div>\n\t\t\t\t<\/div>\n\t\t<div class=\"elementor-element elementor-element-677e4295 e-flex e-con-boxed e-con e-parent\" data-id=\"677e4295\" data-element_type=\"container\" data-e-type=\"container\">\n\t\t\t\t\t<div class=\"e-con-inner\">\n\t\t<div class=\"elementor-element elementor-element-181ec69b e-con-full e-flex e-con e-child\" data-id=\"181ec69b\" data-element_type=\"container\" data-e-type=\"container\">\n\t\t\t\t<div class=\"elementor-element elementor-element-e86cc92 elementor-widget elementor-widget-heading\" data-id=\"e86cc92\" data-element_type=\"widget\" data-e-type=\"widget\" data-widget_type=\"heading.default\">\n\t\t\t\t<div class=\"elementor-widget-container\">\n\t\t\t\t\t<h1 class=\"elementor-heading-title elementor-size-default\">VERMIETUNG VON LANDH\u00c4USERN AUF IBIZA<\/h1>\t\t\t\t<\/div>\n\t\t\t\t<\/div>\n\t\t\t\t<div class=\"elementor-element elementor-element-6c5f2414 elementor-widget elementor-widget-text-editor\" data-id=\"6c5f2414\" data-element_type=\"widget\" data-e-type=\"widget\" data-widget_type=\"text-editor.default\">\n\t\t\t\t<div class=\"elementor-widget-container\">\n\t\t\t\t\t\t\t\t\t<p>Ibiza ist weltweit f\u00fcr seine lebhaften Partys und sch\u00f6nen Str\u00e4nde bekannt, aber es gibt auch eine ruhigere und bezaubernde Seite der Insel, die viele noch nicht entdeckt haben. Bei Solana Ibiza bieten wir Ihnen den Service, Ferienh\u00e4user auf Ibiza zu mieten, damit Sie die Sch\u00f6nheit und Ruhe des Landlebens auf diesem Inselparadies erleben k\u00f6nnen.<\/p>\t\t\t\t\t\t\t\t<\/div>\n\t\t\t\t<\/div>\n\t\t\t\t<div class=\"elementor-element elementor-element-3ec1ccc elementor-grid-2 elementor-grid-tablet-2 elementor-grid-mobile-1 elementor-widget elementor-widget-loop-grid\" data-id=\"3ec1ccc\" data-element_type=\"widget\" data-e-type=\"widget\" data-settings=\"{&quot;template_id&quot;:66413,&quot;columns&quot;:2,&quot;_skin&quot;:&quot;post&quot;,&quot;columns_tablet&quot;:&quot;2&quot;,&quot;columns_mobile&quot;:&quot;1&quot;,&quot;edit_handle_selector&quot;:&quot;[data-elementor-type=\\&quot;loop-item\\&quot;]&quot;,&quot;row_gap&quot;:{&quot;unit&quot;:&quot;px&quot;,&quot;size&quot;:&quot;&quot;,&quot;sizes&quot;:[]},&quot;row_gap_tablet&quot;:{&quot;unit&quot;:&quot;px&quot;,&quot;size&quot;:&quot;&quot;,&quot;sizes&quot;:[]},&quot;row_gap_mobile&quot;:{&quot;unit&quot;:&quot;px&quot;,&quot;size&quot;:&quot;&quot;,&quot;sizes&quot;:[]}}\" data-widget_type=\"loop-grid.post\">\n\t\t\t\t<div class=\"elementor-widget-container\">\n\t\t\t\t\t\t\t<div class=\"e-loop-nothing-found-message\">\n\t\t<\/div>\n\t\t\t\t\t\t<\/div>\n\t\t\t\t<\/div>\n\t\t\t\t<\/div>\n\t\t\t\t\t<\/div>\n\t\t\t\t<\/div>\n\t\t<div class=\"elementor-element elementor-element-fe15d57 e-flex e-con-boxed e-con e-parent\" data-id=\"fe15d57\" data-element_type=\"container\" data-e-type=\"container\">\n\t\t\t\t\t<div class=\"e-con-inner\">\n\t\t\t\t<div class=\"elementor-element elementor-element-5f0287f elementor-widget elementor-widget-text-editor\" data-id=\"5f0287f\" data-element_type=\"widget\" data-e-type=\"widget\" data-widget_type=\"text-editor.default\">\n\t\t\t\t<div class=\"elementor-widget-container\">\n\t\t\t\t\t\t\t\t\t<h2>Warum ein Ferienhaus auf Ibiza w\u00e4hlen?<\/h2><p>Die Anmietung eines Landhauses auf Ibiza bietet Ihnen die M\u00f6glichkeit, die Insel auf einzigartige Weise zu genie\u00dfen. Diese H\u00e4user befinden sich in den ruhigsten und malerischsten Gegenden der Insel, weit weg vom Trubel der Touristengebiete. Hier k\u00f6nnen Sie die Natur, atemberaubende Landschaften und die authentische ibizenkische Kultur genie\u00dfen. Erfahren Sie mehr \u00fcber das Leben auf Ibiza.<\/p><h2>Mieten Sie ein Ferienhaus auf Ibiza das ganze Jahr \u00fcber<\/h2><p>Bei Solana Ibiza bieten wir das ganze Jahr \u00fcber Ferienh\u00e4user auf Ibiza an. Ganz gleich, ob Sie ein Ferienhaus f\u00fcr den Sommer oder f\u00fcr den Winter suchen, wir haben das perfekte Haus f\u00fcr Sie. Unsere H\u00e4user sind mit allen modernen Annehmlichkeiten ausgestattet, damit Sie sich w\u00e4hrend Ihres Aufenthalts wohl f\u00fchlen. Sehen Sie sich unsere Liste der verf\u00fcgbaren H\u00e4user an.<\/p><h2>Ibiza-Ferienh\u00e4user zu vermieten<\/h2><p>Zus\u00e4tzlich zu unseren Ferienh\u00e4usern bieten wir auch die Vermietung von Ferienh\u00e4usern auf Ibiza an. Diese H\u00e4user bieten noch mehr Platz und Privatsph\u00e4re und sind daher ideal f\u00fcr gro\u00dfe Familien oder Gruppen von Freunden. Erfahren Sie mehr \u00fcber unsere Landh\u00e4user auf Ibiza.<\/p><h2>Ibiza Ferienhausvermietung f\u00fcr Privatpersonen<\/h2><p>Bei Solana Ibiza sind wir stolz darauf, unseren Kunden einen pers\u00f6nlichen Service zu bieten. Wenn Sie als Privatperson ein Landhaus auf Ibiza mieten m\u00f6chten, hilft Ihnen unser Team gerne dabei, das perfekte Objekt zu finden, das Ihren Bed\u00fcrfnissen und Vorlieben entspricht. Kontaktieren Sie uns f\u00fcr weitere Informationen.<\/p><h2>Buchen Sie Ihr Casa Rural auf Ibiza mit Solana Ibiza<\/h2><p>Wir von Solana Ibiza sind bestrebt, den Prozess der Vermietung eines Ferienhauses auf Ibiza so einfach und unkompliziert wie m\u00f6glich zu gestalten. Unser Expertenteam steht Ihnen bei jedem Schritt zur Seite, von der Auswahl der Immobilie bis zum Abschluss der Vermietung. Kontaktieren Sie uns noch heute, um Ihr l\u00e4ndliches Abenteuer auf Ibiza zu beginnen.<\/p>\t\t\t\t\t\t\t\t<\/div>\n\t\t\t\t<\/div>\n\t\t\t\t\t<\/div>\n\t\t\t\t<\/div>\n\t\t<div class=\"elementor-element elementor-element-249e833 e-con-full e-flex e-con e-parent\" data-id=\"249e833\" data-element_type=\"container\" data-e-type=\"container\">\n\t\t<div class=\"elementor-element elementor-element-4799cbe e-con-full e-flex e-con e-child\" data-id=\"4799cbe\" data-element_type=\"container\" data-e-type=\"container\">\n\t\t\t\t<div class=\"elementor-element elementor-element-7b339a3 elementor-widget elementor-widget-heading\" data-id=\"7b339a3\" data-element_type=\"widget\" data-e-type=\"widget\" data-widget_type=\"heading.default\">\n\t\t\t\t<div class=\"elementor-widget-container\">\n\t\t\t\t\t<div class=\"elementor-heading-title elementor-size-default\">BESUCHEN SIE UNS<\/div>\t\t\t\t<\/div>\n\t\t\t\t<\/div>\n\t\t\t\t<div class=\"elementor-element elementor-element-4b9c28e elementor-widget elementor-widget-image\" data-id=\"4b9c28e\" data-element_type=\"widget\" data-e-type=\"widget\" data-widget_type=\"image.default\">\n\t\t\t\t<div class=\"elementor-widget-container\">\n\t\t\t\t\t\t\t\t\t\t\t\t\t\t\t<img fetchpriority=\"high\" decoding=\"async\" width=\"800\" height=\"520\" src=\"https:\/\/www.solanaibiza.com\/wp-content\/uploads\/2023\/07\/solana-ibiza-destacada.jpg\" class=\"attachment-large size-large wp-image-66027\" alt=\"\" srcset=\"https:\/\/www.solanaibiza.com\/wp-content\/uploads\/2023\/07\/solana-ibiza-destacada.jpg 865w, https:\/\/www.solanaibiza.com\/wp-content\/uploads\/2023\/07\/solana-ibiza-destacada-300x195.jpg 300w, https:\/\/www.solanaibiza.com\/wp-content\/uploads\/2023\/07\/solana-ibiza-destacada-768x499.jpg 768w\" sizes=\"(max-width: 800px) 100vw, 800px\" \/>\t\t\t\t\t\t\t\t\t\t\t\t\t\t\t<\/div>\n\t\t\t\t<\/div>\n\t\t\t\t<\/div>\n\t\t<div class=\"elementor-element elementor-element-9152cd4 e-con-full e-flex e-con e-child\" data-id=\"9152cd4\" data-element_type=\"container\" data-e-type=\"container\">\n\t\t\t\t<div class=\"elementor-element elementor-element-f8142a4 elementor-widget elementor-widget-heading\" data-id=\"f8142a4\" data-element_type=\"widget\" data-e-type=\"widget\" data-widget_type=\"heading.default\">\n\t\t\t\t<div class=\"elementor-widget-container\">\n\t\t\t\t\t<div class=\"elementor-heading-title elementor-size-default\">WO WIR SIND<\/div>\t\t\t\t<\/div>\n\t\t\t\t<\/div>\n\t\t\t\t<div class=\"elementor-element elementor-element-dd1ab56 elementor-widget elementor-widget-html\" data-id=\"dd1ab56\" data-element_type=\"widget\" data-e-type=\"widget\" data-widget_type=\"html.default\">\n\t\t\t\t<div class=\"elementor-widget-container\">\n\t\t\t\t\t<iframe src=\"https:\/\/www.google.com\/maps\/embed?pb=!1m18!1m12!1m3!1d198513.62616525026!2d1.2525801773932967!3d38.974796025169816!2m3!1f0!2f0!3f0!3m2!1i1024!2i768!4f13.1!3m3!1m2!1s0x1299414ab00b74fb%3A0x909b88fe093aa60f!2sAgencia%20Inmobiliaria%20Ibiza%20-%20Solana%20Ibiza%20Real%20Estate!5e0!3m2!1ses!2ses!4v1713778177562!5m2!1ses!2ses&z=13\" width=\"500\" height=\"500\" style=\"border:0;\" allowfullscreen=\"\" loading=\"lazy\" referrerpolicy=\"no-referrer-when-downgrade\"><\/iframe>\r\n\t\t\t\t<\/div>\n\t\t\t\t<\/div>\n\t\t\t\t<\/div>\n\t\t\t\t<\/div>\n\t\t\t\t<\/div>\n\t\t","protected":false},"excerpt":{"rendered":"<p>EINE EINFACHE SUCHE NACH IHRER IMMOBILIE VERMIETUNG VON LANDH\u00c4USERN AUF IBIZA Ibiza ist weltweit f\u00fcr seine lebhaften Partys und sch\u00f6nen Str\u00e4nde bekannt, aber es gibt auch eine ruhigere und bezaubernde Seite der Insel, die viele noch nicht entdeckt haben. Bei Solana Ibiza bieten wir Ihnen den Service, Ferienh\u00e4user auf Ibiza zu mieten, damit Sie die [&hellip;]<\/p>\n","protected":false},"author":6,"featured_media":71219,"parent":68927,"menu_order":0,"comment_status":"closed","ping_status":"closed","template":"","meta":{"_acf_changed":false,"footnotes":""},"class_list":["post-68971","page","type-page","status-publish","has-post-thumbnail","hentry"],"acf":[],"_links":{"self":[{"href":"https:\/\/www.solanaibiza.com\/de\/wp-json\/wp\/v2\/pages\/68971","targetHints":{"allow":["GET"]}}],"collection":[{"href":"https:\/\/www.solanaibiza.com\/de\/wp-json\/wp\/v2\/pages"}],"about":[{"href":"https:\/\/www.solanaibiza.com\/de\/wp-json\/wp\/v2\/types\/page"}],"author":[{"embeddable":true,"href":"https:\/\/www.solanaibiza.com\/de\/wp-json\/wp\/v2\/users\/6"}],"replies":[{"embeddable":true,"href":"https:\/\/www.solanaibiza.com\/de\/wp-json\/wp\/v2\/comments?post=68971"}],"version-history":[{"count":0,"href":"https:\/\/www.solanaibiza.com\/de\/wp-json\/wp\/v2\/pages\/68971\/revisions"}],"up":[{"embeddable":true,"href":"https:\/\/www.solanaibiza.com\/de\/wp-json\/wp\/v2\/pages\/68927"}],"wp:featuredmedia":[{"embeddable":true,"href":"https:\/\/www.solanaibiza.com\/de\/wp-json\/wp\/v2\/media\/71219"}],"wp:attachment":[{"href":"https:\/\/www.solanaibiza.com\/de\/wp-json\/wp\/v2\/media?parent=68971"}],"curies":[{"name":"wp","href":"https:\/\/api.w.org\/{rel}","templated":true}]}}