{"id":23760,"date":"2017-01-09T19:10:54","date_gmt":"2017-01-09T18:10:54","guid":{"rendered":"https:\/\/www.solanaibiza.com\/ueber-solana\/"},"modified":"2025-03-14T13:00:58","modified_gmt":"2025-03-14T12:00:58","slug":"ueber-solana","status":"publish","type":"page","link":"https:\/\/www.solanaibiza.com\/de\/ueber-solana\/","title":{"rendered":"\u00dcber uns"},"content":{"rendered":"\t\t<div data-elementor-type=\"wp-page\" data-elementor-id=\"23760\" class=\"elementor elementor-23760 elementor-688\" data-elementor-post-type=\"page\">\n\t\t\t\t<div class=\"elementor-element elementor-element-c9640ff e-con-full e-flex e-con e-parent\" data-id=\"c9640ff\" data-element_type=\"container\" data-e-type=\"container\" data-settings=\"{&quot;background_background&quot;:&quot;slideshow&quot;,&quot;background_slideshow_gallery&quot;:[{&quot;id&quot;:21553,&quot;url&quot;:&quot;https:\\\/\\\/www.solanaibiza.com\\\/wp-content\\\/uploads\\\/2023\\\/04\\\/terrazas-065.jpg&quot;},{&quot;id&quot;:22185,&quot;url&quot;:&quot;https:\\\/\\\/www.solanaibiza.com\\\/wp-content\\\/uploads\\\/2023\\\/05\\\/sa-carroca-club-de-campo-008.jpg&quot;},{&quot;id&quot;:23127,&quot;url&quot;:&quot;https:\\\/\\\/www.solanaibiza.com\\\/wp-content\\\/uploads\\\/2023\\\/07\\\/can-misses-edif-albors-012.jpg&quot;},{&quot;id&quot;:22582,&quot;url&quot;:&quot;https:\\\/\\\/www.solanaibiza.com\\\/wp-content\\\/uploads\\\/2023\\\/06\\\/piso-av-santa-eulalia-020.jpg&quot;},{&quot;id&quot;:22158,&quot;url&quot;:&quot;https:\\\/\\\/www.solanaibiza.com\\\/wp-content\\\/uploads\\\/2023\\\/05\\\/venda-des-coloms-029-1.jpg&quot;},{&quot;id&quot;:22019,&quot;url&quot;:&quot;https:\\\/\\\/www.solanaibiza.com\\\/wp-content\\\/uploads\\\/2023\\\/05\\\/imagen10-2.jpg&quot;},{&quot;id&quot;:19352,&quot;url&quot;:&quot;https:\\\/\\\/www.solanaibiza.com\\\/wp-content\\\/uploads\\\/2023\\\/01\\\/es-canar-003.jpg&quot;},{&quot;id&quot;:23189,&quot;url&quot;:&quot;https:\\\/\\\/www.solanaibiza.com\\\/wp-content\\\/uploads\\\/2022\\\/09\\\/corallisa-hr-011.jpg&quot;}],&quot;background_slideshow_loop&quot;:&quot;yes&quot;,&quot;background_slideshow_slide_duration&quot;:5000,&quot;background_slideshow_slide_transition&quot;:&quot;fade&quot;,&quot;background_slideshow_transition_duration&quot;:500}\">\n\t\t<div class=\"elementor-element elementor-element-34c18c0 e-flex e-con-boxed e-con e-child\" data-id=\"34c18c0\" data-element_type=\"container\" data-e-type=\"container\">\n\t\t\t\t\t<div class=\"e-con-inner\">\n\t\t\t\t<div class=\"elementor-element elementor-element-3d1c938 elementor-widget elementor-widget-heading\" data-id=\"3d1c938\" data-element_type=\"widget\" data-e-type=\"widget\" data-widget_type=\"heading.default\">\n\t\t\t\t<div class=\"elementor-widget-container\">\n\t\t\t\t\t<div class=\"elementor-heading-title elementor-size-default\">EINE EINFACHE SUCHE NACH IHRER IMMOBILIE<\/div>\t\t\t\t<\/div>\n\t\t\t\t<\/div>\n\t\t\t\t<div class=\"elementor-element elementor-element-a8417b4 search elementor-widget elementor-widget-shortcode\" data-id=\"a8417b4\" data-element_type=\"widget\" data-e-type=\"widget\" data-widget_type=\"shortcode.default\">\n\t\t\t\t<div class=\"elementor-widget-container\">\n\t\t\t\t\t\t\t<div class=\"elementor-shortcode\">    \n    <form method=\"get\" action=\"\/property-search\/\" enctype=\"application\/x-www-form-urlencoded\">\n\n\t\t<div class=\"row\">\n\t\t\t<div class=\"col-md-2\">\n\t\t\t\t<input type=\"text\" name=\"keyword\" class=\"search-home\" placeholder=\"Suche\">\n\t\t\t<\/div>\n\t\t\t\t\t\t\t<div class=\"col-md-2\">\n\t\t\t\t\t<select name=\"type\">\n\t\t\t\t\t\t<option value=\"0\">Typ<\/option>\n\t\t\t\t\t\t<option class=\"level-0\" value=\"geschaefte\" >Gesch\u00e4fte<\/option>\n\t\t\t\t\t\t<option class=\"level-0\" value=\"hauser\" >H\u00e4user y Wohnungen<\/option>\n\t\t\t\t\t\t<option class=\"level-0\" value=\"luxury-houses-de\" >Luxury Houses<\/option>\n\t\t\t\t\t\t<option class=\"level-0\" value=\"rural-houses-de\" >Rural Houses<\/option>\n\t\t\t\t\t\t<option class=\"level-0\" value=\"wohnungen\" >Wohnungen<\/option>\n\t\t\t\t\t<\/select>\n\t\t\t\t<\/div>\n\t\t\t\n\t\t\t<div class=\"col-md-2\">\n\t\t\t\t<select name=\"areas\">\n\t\t\t\t\t<option value=\"0\">Gebiet<\/option>\n\t\t\t\t\t<option class=\"level-0\" value=\"formentera\" >Formentera<\/option>\n\t\t\t\t\t<option class=\"level-0\" value=\"ibiza\" >Ibiza<\/option>\n\t\t\t\t\t<option class=\"level-0\" value=\"san-antonio\" >San Antonio<\/option>\n\t\t\t\t\t<option class=\"level-0\" value=\"san-carlos\" >San Carlos<\/option>\n\t\t\t\t\t<option class=\"level-0\" value=\"san-jose\" >San Jose<\/option>\n\t\t\t\t\t<option class=\"level-0\" value=\"san-juan\" >San Juan<\/option>\n\t\t\t\t\t<option class=\"level-0\" value=\"san-lorenzo\" >San Lorenzo<\/option>\n\t\t\t\t\t<option class=\"level-0\" value=\"san-miguel\" >San Miguel<\/option>\n\t\t\t\t\t<option class=\"level-0\" value=\"san-rafael\" >San Rafael<\/option>\n\t\t\t\t\t<option class=\"level-0\" value=\"san-vicente\" >San Vicente<\/option>\n\t\t\t\t\t<option class=\"level-0\" value=\"santa-eulalia\" >Santa Eulalia<\/option>\n\t\t\t\t\t<option class=\"level-0\" value=\"santa-gertrudis\" >Santa Gertrudis<\/option>\n\t\t\t\t<\/select>\n\t\t\t<\/div>\n\n\t\t\t<div class=\"col-md-2\">\n\n\t\t\t\t<select name=\"pricerange\">\n\t\t\t\t\t<option value=\"0\">Preis<\/option>\n\t\t\t\t\t<option class=\"level-0\" value=\"under-500000\" >weniger als \u20ac 500.000<\/option>\n\t\t\t\t\t<option class=\"level-0\" value=\"500000-1000000\" >&euro; 500.000 - &euro; 1.000.000<\/option>\n\t\t\t\t\t<option class=\"level-0\" value=\"1000000-2000000\" >&euro; 1.000.000 - &euro; 2.000.000<\/option>\n\t\t\t\t\t<option class=\"level-0\" value=\"2000000-3000000\" >&euro; 2.000.000 - &euro; 3.000.000<\/option>\n\t\t\t\t\t<option class=\"level-0\" value=\"3000000-5999999\" >&euro; 3.000.000 - &euro; 6.000.000<\/option>\n\t\t\t\t\t<option class=\"level-0\" value=\"6000000-higher\" >&euro; 6.000.000 plus <\/option>\n\t\t\t\t<\/select>\n\n\t\t\t<\/div>\n\n\t\t\t<div class=\"col-md-4\" style=\"padding: 0;\">\n\n\t\t\t\t<div class=\"row\">\n\t\t\t\t\t<div class=\"col-md-5\">\n\t\t\t\t\t\t<select name=\"spacerequirements\">\n\t\t\t\t\t\t\t<option value=\"0\">Schlafr\u00e4ume<\/option>\n\n\t\t\t\t\t\t\t<option class=\"level-0\" value=\"1-bedrooms\" >1 Schlafr\u00e4ume<\/option>\n\n\t\t\t\t\t\t\t<option class=\"level-0\" value=\"2-bedrooms\" >2 Schlafr\u00e4ume<\/option>\n\n\t\t\t\t\t\t\t<option class=\"level-0\" value=\"3-bedrooms\" >3 Schlafr\u00e4ume<\/option>\n\n\t\t\t\t\t\t\t<option class=\"level-0\" value=\"4-bedrooms\" >4 Schlafr\u00e4ume<\/option>\n\n\t\t\t\t\t\t\t<option class=\"level-0\" value=\"5-bedrooms\" >5 Schlafr\u00e4ume<\/option>\n\n\t\t\t\t\t\t\t<option class=\"level-0\" value=\"larger\" >6+<\/option>\n\t\t\t\t\t\t<\/select>\n\t\t\t\t\t<\/div>\n\n\t\t\t\t\t<div class=\"col-md-7 clearfix\">\n\n\t\t\t\t\t\t<div style=\"width:67%; float:left; padding-right: 4px;\">\n\t\t\t\t\t\t\t<input type=\"submit\" onclick=\"javascript: jQuery('#loader').show();\" value=\"GO\">\n\t\t\t\t\t\t<\/div>\n\t\t\t\t\t<\/div>\n\t\t\t\t<\/div>\n\n\t\t\t<\/div>\n\t\t<\/div>\n\n\t<\/form>\n    \n    <\/div>\n\t\t\t\t\t\t<\/div>\n\t\t\t\t<\/div>\n\t\t\t\t<div class=\"elementor-element elementor-element-93dc120 elementor-widget-divider--view-line elementor-widget elementor-widget-divider\" data-id=\"93dc120\" data-element_type=\"widget\" data-e-type=\"widget\" data-widget_type=\"divider.default\">\n\t\t\t\t<div class=\"elementor-widget-container\">\n\t\t\t\t\t\t\t<div class=\"elementor-divider\">\n\t\t\t<span class=\"elementor-divider-separator\">\n\t\t\t\t\t\t<\/span>\n\t\t<\/div>\n\t\t\t\t\t\t<\/div>\n\t\t\t\t<\/div>\n\t\t\t\t\t<\/div>\n\t\t\t\t<\/div>\n\t\t\t\t<\/div>\n\t\t<div class=\"elementor-element elementor-element-ec0a1a8 e-flex e-con-boxed e-con e-parent\" data-id=\"ec0a1a8\" data-element_type=\"container\" data-e-type=\"container\">\n\t\t\t\t\t<div class=\"e-con-inner\">\n\t\t\t\t<div class=\"elementor-element elementor-element-987d075 elementor-widget elementor-widget-heading\" data-id=\"987d075\" data-element_type=\"widget\" data-e-type=\"widget\" data-widget_type=\"heading.default\">\n\t\t\t\t<div class=\"elementor-widget-container\">\n\t\t\t\t\t<h1 class=\"elementor-heading-title elementor-size-default\">\u00dcBER SOLANA<\/h1>\t\t\t\t<\/div>\n\t\t\t\t<\/div>\n\t\t\t\t\t<\/div>\n\t\t\t\t<\/div>\n\t\t<div class=\"elementor-element elementor-element-123b40b e-flex e-con-boxed e-con e-parent\" data-id=\"123b40b\" data-element_type=\"container\" data-e-type=\"container\">\n\t\t\t\t\t<div class=\"e-con-inner\">\n\t\t\t\t<div class=\"elementor-element elementor-element-0eb97b4 elementor-widget elementor-widget-image\" data-id=\"0eb97b4\" data-element_type=\"widget\" data-e-type=\"widget\" data-widget_type=\"image.default\">\n\t\t\t\t<div class=\"elementor-widget-container\">\n\t\t\t\t\t\t\t\t\t\t\t\t\t\t\t<img decoding=\"async\" src=\"https:\/\/www.solanaibiza.com\/wp-content\/uploads\/elementor\/thumbs\/solana-ibiza-office-window-1-r7e58bgk7ehwnhuepvhjsopkic2dslttx59ihxopjy.jpg\" title=\"Solana Ibiza Office Window\" alt=\"Solana Ibiza Office Window\" loading=\"lazy\" \/>\t\t\t\t\t\t\t\t\t\t\t\t\t\t\t<\/div>\n\t\t\t\t<\/div>\n\t\t\t\t<div class=\"elementor-element elementor-element-b016714 elementor-widget elementor-widget-image\" data-id=\"b016714\" data-element_type=\"widget\" data-e-type=\"widget\" data-widget_type=\"image.default\">\n\t\t\t\t<div class=\"elementor-widget-container\">\n\t\t\t\t\t\t\t\t\t\t\t\t\t\t\t<img decoding=\"async\" src=\"https:\/\/www.solanaibiza.com\/wp-content\/uploads\/elementor\/thumbs\/new-logo-grey-orange-sun-since-r7e5806hxe2gs6asjqm0yrk1dplz88l1vlfoqm5fr2.jpg\" title=\"NEW LOGO GREY ORANGE SUN SINCE\" alt=\"NEW LOGO GREY ORANGE SUN SINCE\" loading=\"lazy\" \/>\t\t\t\t\t\t\t\t\t\t\t\t\t\t\t<\/div>\n\t\t\t\t<\/div>\n\t\t\t\t<div class=\"elementor-element elementor-element-a766f13 elementor-widget elementor-widget-image\" data-id=\"a766f13\" data-element_type=\"widget\" data-e-type=\"widget\" data-widget_type=\"image.default\">\n\t\t\t\t<div class=\"elementor-widget-container\">\n\t\t\t\t\t\t\t\t\t\t\t\t\t\t\t<img decoding=\"async\" src=\"https:\/\/www.solanaibiza.com\/wp-content\/uploads\/elementor\/thumbs\/saskiabauerphotography-8opt-r7e57rpy7vqvvon2x4ydubow18roayngufkbf4hz8a.jpg\" title=\"Solana Ibiza Real Estate Agency &#8211; best properties for sale and rent in Ibiza\" alt=\"Solana Ibiza Real Estate Agency - best properties for sale and rent in Ibiza\" loading=\"lazy\" \/>\t\t\t\t\t\t\t\t\t\t\t\t\t\t\t<\/div>\n\t\t\t\t<\/div>\n\t\t\t\t\t<\/div>\n\t\t\t\t<\/div>\n\t\t<div class=\"elementor-element elementor-element-f1344f9 e-flex e-con-boxed e-con e-parent\" data-id=\"f1344f9\" data-element_type=\"container\" data-e-type=\"container\">\n\t\t\t\t\t<div class=\"e-con-inner\">\n\t\t<div class=\"elementor-element elementor-element-4bb39a5 e-con-full e-flex e-con e-child\" data-id=\"4bb39a5\" data-element_type=\"container\" data-e-type=\"container\">\n\t\t\t\t<div class=\"elementor-element elementor-element-54b013d elementor-widget elementor-widget-text-editor\" data-id=\"54b013d\" data-element_type=\"widget\" data-e-type=\"widget\" data-widget_type=\"text-editor.default\">\n\t\t\t\t<div class=\"elementor-widget-container\">\n\t\t\t\t\t\t\t\t\t<p>&nbsp;<\/p>\n<p><a href=\"https:\/\/www.solanaibiza.com\/wp-content\/uploads\/2023\/03\/pepa.jpg\"><img fetchpriority=\"high\" decoding=\"async\" class=\"wp-image-21311 size-medium aligncenter\" src=\"https:\/\/www.solanaibiza.com\/wp-content\/uploads\/2023\/03\/pepa-300x239.jpg\" alt=\"Pepa\" width=\"300\" height=\"239\"><\/a><\/p>\n<p>&nbsp;<\/p>\n<p>PEPA<\/p>\n<p>&nbsp;<\/p>\n<p>Ich leite mein Unternehmen seit 22 Jahren, aber vor allem unterst\u00fctze ich meine Kunden seit 22 Jahren dabei, ihre Tr\u00e4ume zu erf\u00fcllen, indem ich entweder die am besten geeignete Immobilie f\u00fcr sie finde oder die Immobilie verkaufe, in die sie so viel M\u00fche und Liebe gesteckt haben.<\/p>\n<p>Ein Unternehmen wie Solana Gesti\u00f3n Inmobiliaria \/ Real Estate zu f\u00fchren bedeutet, auf vielen Ebenen t\u00e4tig zu sein. Von der Suche nach neuen Immobilien bis hin zur Ber\u00fccksichtigung auch des letzten Details, damit sich die Kunden in jeder Phase der Transaktion wohl und begleitet f\u00fchlen.<\/p>\n<p>Zus\u00e4tzlich zu den F\u00e4higkeiten, die man in meinem Beruf erwartet, wie z. B. fundierte Kenntnisse von Bauplanungsrecht und Steuerfragen sowie die F\u00e4higkeit, f\u00fcnf Sprachen zu sprechen, um Kunden aus allen Teilen der Welt bedienen zu k\u00f6nnen, bringe ich bei der Arbeit meine zug\u00e4ngliche und freundliche Art sowie mein Bestreben zur L\u00f6sung aller auftretenden Probleme ein, weil ich fest daran glaube, dass es immer eine L\u00f6sung gibt.<\/p>\n<p>Diese Kombination von F\u00e4higkeiten, die ich versucht habe, im Charakter unseres Unternehmens zu verankern, hat unsere Reputation auf organische und nat\u00fcrliche Art und Weise gepr\u00e4gt. Auf der Insel sind wir ein Ma\u00dfstab f\u00fcr Seriosit\u00e4t, gute Arbeit und Transparenz. Wir sind ein Synonym f\u00fcr zuverl\u00e4ssige und objektive Informationen, und das ist unsere gr\u00f6\u00dfte Leistung.<\/p>\n<p>Unsere Kunden wissen, dass sie uns vertrauen k\u00f6nnen und empfehlen uns ohne zu z\u00f6gern weiter. Mit vielen von ihnen entstehen sogar Freundschaften, die wir \u00fcber die Jahre hinweg pflegen. Das ist mein berufliches Ziel: dass meine Kunden mich als Person wahrnehmen, die sich bis zum Schluss daf\u00fcr einsetzt, ihre Probleme zu l\u00f6sen, entweder mit meinen eigenen Mitteln oder durch intelligentes Delegieren.<\/p>\n<p>&nbsp;<\/p>\n<p>&nbsp;<\/p>\n<p>&nbsp;<\/p>\n<p>&nbsp;<\/p>\n<p><a href=\"https:\/\/www.solanaibiza.com\/wp-content\/uploads\/2023\/03\/andrea.jpg\"><img decoding=\"async\" class=\"size-medium wp-image-21310 aligncenter\" src=\"https:\/\/www.solanaibiza.com\/wp-content\/uploads\/2023\/03\/andrea-300x239.jpg\" alt=\"Andrea\" width=\"300\" height=\"239\"><\/a><\/p>\n<p>&nbsp;<\/p>\n<p>ANDREA<\/p>\n<p>&nbsp;<\/p>\n<p>Ich behandle jeden Kunden so, als w\u00e4re er mein einziger, und ich begleite ihn noch lange nach Verkaufsabschluss.<\/p>\n<p>Wenn mich meine Erfahrung in der Immobilienbranche und als Operations Manager in London, Leeds und Manchester eines gelehrt hat, dann ist es die Tatsache, dass ich die Dinge geduldig, transparent und gewissenhaft angehen und zu Ende bringen muss, um mich in der Beziehung zu meinen Kunden wohlzuf\u00fchlen und ihnen ein Gef\u00fchl von Sicherheit zu vermitteln.<\/p>\n<p>Aber es geht nicht nur um Erfahrung. Was meinen akademischen Hintergrund betrifft, habe ich einen Universit\u00e4tsabschluss (Business Management) in England gemacht, Handel und Marketing in Madrid studiert und werde in K\u00fcrze mein Studium zur eingetragenen Immobilienmaklerin abschlie\u00dfen.<\/p>\n<p>Mein gr\u00f6\u00dftes Ziel ist es, mich als Fachfrau komplett zu f\u00fchlen. In der Lage zu sein, einen derart individuellen Umgang mit meinen Kunden zu pflegen, dass sie nicht das Gef\u00fchl haben, nur Teil eines Gesch\u00e4fts zu sein. Um dies zu erreichen, sehe ich jede noch so kleine Aufgabe als Herausforderung an, der ich meinen ganzen Einsatz widmen muss. Meiner Meinung nach ist es diese Grundhaltung, die sich durch das gesamte Unternehmen zieht, die uns von anderen abhebt und der Grund daf\u00fcr ist, dass unsere Kunden uns weiterempfehlen.<\/p>\t\t\t\t\t\t\t\t<\/div>\n\t\t\t\t<\/div>\n\t\t\t\t<\/div>\n\t\t\t\t\t<\/div>\n\t\t\t\t<\/div>\n\t\t<div class=\"elementor-element elementor-element-65de2da e-con-full e-flex e-con e-parent\" data-id=\"65de2da\" data-element_type=\"container\" data-e-type=\"container\">\n\t\t<div class=\"elementor-element elementor-element-e23bb99 e-con-full e-flex e-con e-child\" data-id=\"e23bb99\" data-element_type=\"container\" data-e-type=\"container\">\n\t\t\t\t<div class=\"elementor-element elementor-element-f2c78ae elementor-widget elementor-widget-heading\" data-id=\"f2c78ae\" data-element_type=\"widget\" data-e-type=\"widget\" data-widget_type=\"heading.default\">\n\t\t\t\t<div class=\"elementor-widget-container\">\n\t\t\t\t\t<div class=\"elementor-heading-title elementor-size-default\">BESUCHEN SIE UNS<\/div>\t\t\t\t<\/div>\n\t\t\t\t<\/div>\n\t\t\t\t<div class=\"elementor-element elementor-element-3996ec5 elementor-widget elementor-widget-image\" data-id=\"3996ec5\" data-element_type=\"widget\" data-e-type=\"widget\" data-widget_type=\"image.default\">\n\t\t\t\t<div class=\"elementor-widget-container\">\n\t\t\t\t\t\t\t\t\t\t\t\t\t\t\t<img decoding=\"async\" width=\"800\" height=\"520\" src=\"https:\/\/www.solanaibiza.com\/wp-content\/uploads\/2023\/07\/solana-ibiza-destacada.jpg\" class=\"attachment-large size-large wp-image-66027\" alt=\"\" srcset=\"https:\/\/www.solanaibiza.com\/wp-content\/uploads\/2023\/07\/solana-ibiza-destacada.jpg 865w, https:\/\/www.solanaibiza.com\/wp-content\/uploads\/2023\/07\/solana-ibiza-destacada-300x195.jpg 300w, https:\/\/www.solanaibiza.com\/wp-content\/uploads\/2023\/07\/solana-ibiza-destacada-768x499.jpg 768w\" sizes=\"(max-width: 800px) 100vw, 800px\" \/>\t\t\t\t\t\t\t\t\t\t\t\t\t\t\t<\/div>\n\t\t\t\t<\/div>\n\t\t\t\t<\/div>\n\t\t<div class=\"elementor-element elementor-element-77d1937 e-con-full e-flex e-con e-child\" data-id=\"77d1937\" data-element_type=\"container\" data-e-type=\"container\">\n\t\t\t\t<div class=\"elementor-element elementor-element-42fda81 elementor-widget elementor-widget-heading\" data-id=\"42fda81\" data-element_type=\"widget\" data-e-type=\"widget\" data-widget_type=\"heading.default\">\n\t\t\t\t<div class=\"elementor-widget-container\">\n\t\t\t\t\t<div class=\"elementor-heading-title elementor-size-default\">WO WIR SIND<\/div>\t\t\t\t<\/div>\n\t\t\t\t<\/div>\n\t\t\t\t<div class=\"elementor-element elementor-element-a97b4d3 elementor-widget elementor-widget-html\" data-id=\"a97b4d3\" data-element_type=\"widget\" data-e-type=\"widget\" data-widget_type=\"html.default\">\n\t\t\t\t<div class=\"elementor-widget-container\">\n\t\t\t\t\t<iframe src=\"https:\/\/www.google.com\/maps\/embed?pb=!1m18!1m12!1m3!1d198513.62616525026!2d1.2525801773932967!3d38.974796025169816!2m3!1f0!2f0!3f0!3m2!1i1024!2i768!4f13.1!3m3!1m2!1s0x1299414ab00b74fb%3A0x909b88fe093aa60f!2sAgencia%20Inmobiliaria%20Ibiza%20-%20Solana%20Ibiza%20Real%20Estate!5e0!3m2!1ses!2ses!4v1713778177562!5m2!1ses!2ses&z=13\" width=\"500\" height=\"500\" style=\"border:0;\" allowfullscreen=\"\" loading=\"lazy\" referrerpolicy=\"no-referrer-when-downgrade\"><\/iframe>\r\n\t\t\t\t<\/div>\n\t\t\t\t<\/div>\n\t\t\t\t<\/div>\n\t\t\t\t<\/div>\n\t\t\t\t<\/div>\n\t\t","protected":false},"excerpt":{"rendered":"<p>EINE EINFACHE SUCHE NACH IHRER IMMOBILIE \u00dcBER SOLANA &nbsp; &nbsp; PEPA &nbsp; Ich leite mein Unternehmen seit 22 Jahren, aber vor allem unterst\u00fctze ich meine Kunden seit 22 Jahren dabei, ihre Tr\u00e4ume zu erf\u00fcllen, indem ich entweder die am besten geeignete Immobilie f\u00fcr sie finde oder die Immobilie verkaufe, in die sie so viel M\u00fche [&hellip;]<\/p>\n","protected":false},"author":2,"featured_media":29668,"parent":0,"menu_order":0,"comment_status":"closed","ping_status":"closed","template":"","meta":{"_acf_changed":false,"footnotes":""},"class_list":["post-23760","page","type-page","status-publish","has-post-thumbnail","hentry"],"acf":[],"_links":{"self":[{"href":"https:\/\/www.solanaibiza.com\/de\/wp-json\/wp\/v2\/pages\/23760","targetHints":{"allow":["GET"]}}],"collection":[{"href":"https:\/\/www.solanaibiza.com\/de\/wp-json\/wp\/v2\/pages"}],"about":[{"href":"https:\/\/www.solanaibiza.com\/de\/wp-json\/wp\/v2\/types\/page"}],"author":[{"embeddable":true,"href":"https:\/\/www.solanaibiza.com\/de\/wp-json\/wp\/v2\/users\/2"}],"replies":[{"embeddable":true,"href":"https:\/\/www.solanaibiza.com\/de\/wp-json\/wp\/v2\/comments?post=23760"}],"version-history":[{"count":0,"href":"https:\/\/www.solanaibiza.com\/de\/wp-json\/wp\/v2\/pages\/23760\/revisions"}],"wp:featuredmedia":[{"embeddable":true,"href":"https:\/\/www.solanaibiza.com\/de\/wp-json\/wp\/v2\/media\/29668"}],"wp:attachment":[{"href":"https:\/\/www.solanaibiza.com\/de\/wp-json\/wp\/v2\/media?parent=23760"}],"curies":[{"name":"wp","href":"https:\/\/api.w.org\/{rel}","templated":true}]}}