{"id":23740,"date":"2016-09-01T09:05:19","date_gmt":"2016-09-01T07:05:19","guid":{"rendered":"https:\/\/www.solanaibiza.com\/kontakt\/"},"modified":"2023-08-28T08:10:41","modified_gmt":"2023-08-28T06:10:41","slug":"kontakt","status":"publish","type":"page","link":"https:\/\/www.solanaibiza.com\/de\/kontakt\/","title":{"rendered":"Kontakt"},"content":{"rendered":"\t\t<div data-elementor-type=\"wp-page\" data-elementor-id=\"23740\" class=\"elementor elementor-23740 elementor-21\" data-elementor-post-type=\"page\">\n\t\t\t\t<div class=\"elementor-element elementor-element-cf7bdff e-con-full e-flex e-con e-parent\" data-id=\"cf7bdff\" data-element_type=\"container\" data-e-type=\"container\" data-settings=\"{&quot;background_background&quot;:&quot;slideshow&quot;,&quot;background_slideshow_gallery&quot;:[{&quot;id&quot;:21553,&quot;url&quot;:&quot;https:\\\/\\\/www.solanaibiza.com\\\/wp-content\\\/uploads\\\/2023\\\/04\\\/terrazas-065.jpg&quot;},{&quot;id&quot;:22185,&quot;url&quot;:&quot;https:\\\/\\\/www.solanaibiza.com\\\/wp-content\\\/uploads\\\/2023\\\/05\\\/sa-carroca-club-de-campo-008.jpg&quot;},{&quot;id&quot;:23127,&quot;url&quot;:&quot;https:\\\/\\\/www.solanaibiza.com\\\/wp-content\\\/uploads\\\/2023\\\/07\\\/can-misses-edif-albors-012.jpg&quot;},{&quot;id&quot;:22582,&quot;url&quot;:&quot;https:\\\/\\\/www.solanaibiza.com\\\/wp-content\\\/uploads\\\/2023\\\/06\\\/piso-av-santa-eulalia-020.jpg&quot;},{&quot;id&quot;:22158,&quot;url&quot;:&quot;https:\\\/\\\/www.solanaibiza.com\\\/wp-content\\\/uploads\\\/2023\\\/05\\\/venda-des-coloms-029-1.jpg&quot;},{&quot;id&quot;:22019,&quot;url&quot;:&quot;https:\\\/\\\/www.solanaibiza.com\\\/wp-content\\\/uploads\\\/2023\\\/05\\\/imagen10-2.jpg&quot;},{&quot;id&quot;:19352,&quot;url&quot;:&quot;https:\\\/\\\/www.solanaibiza.com\\\/wp-content\\\/uploads\\\/2023\\\/01\\\/es-canar-003.jpg&quot;},{&quot;id&quot;:23189,&quot;url&quot;:&quot;https:\\\/\\\/www.solanaibiza.com\\\/wp-content\\\/uploads\\\/2022\\\/09\\\/corallisa-hr-011.jpg&quot;}],&quot;background_slideshow_loop&quot;:&quot;yes&quot;,&quot;background_slideshow_slide_duration&quot;:5000,&quot;background_slideshow_slide_transition&quot;:&quot;fade&quot;,&quot;background_slideshow_transition_duration&quot;:500}\">\n\t\t<div class=\"elementor-element elementor-element-af0c6fd e-flex e-con-boxed e-con e-parent\" data-id=\"af0c6fd\" data-element_type=\"container\" data-e-type=\"container\">\n\t\t\t\t\t<div class=\"e-con-inner\">\n\t\t\t\t<div class=\"elementor-element elementor-element-b1753fa elementor-widget elementor-widget-heading\" data-id=\"b1753fa\" data-element_type=\"widget\" data-e-type=\"widget\" data-widget_type=\"heading.default\">\n\t\t\t\t<div class=\"elementor-widget-container\">\n\t\t\t\t\t<div class=\"elementor-heading-title elementor-size-default\">EINE EINFACHE SUCHE NACH IHRER IMMOBILIE<\/div>\t\t\t\t<\/div>\n\t\t\t\t<\/div>\n\t\t\t\t<div class=\"elementor-element elementor-element-ffd08bc search elementor-widget elementor-widget-shortcode\" data-id=\"ffd08bc\" data-element_type=\"widget\" data-e-type=\"widget\" data-widget_type=\"shortcode.default\">\n\t\t\t\t<div class=\"elementor-widget-container\">\n\t\t\t\t\t\t\t<div class=\"elementor-shortcode\">    \n    <form method=\"get\" action=\"\/property-search\/\" enctype=\"application\/x-www-form-urlencoded\">\n\n\t\t<div class=\"row\">\n\t\t\t<div class=\"col-md-2\">\n\t\t\t\t<input type=\"text\" name=\"keyword\" class=\"search-home\" placeholder=\"Suche\">\n\t\t\t<\/div>\n\t\t\t\t\t\t\t<div class=\"col-md-2\">\n\t\t\t\t\t<select name=\"type\">\n\t\t\t\t\t\t<option value=\"0\">Typ<\/option>\n\t\t\t\t\t\t<option class=\"level-0\" value=\"geschaefte\" >Gesch\u00e4fte<\/option>\n\t\t\t\t\t\t<option class=\"level-0\" value=\"hauser\" >H\u00e4user y Wohnungen<\/option>\n\t\t\t\t\t\t<option class=\"level-0\" value=\"luxury-houses-de\" >Luxury Houses<\/option>\n\t\t\t\t\t\t<option class=\"level-0\" value=\"rural-houses-de\" >Rural Houses<\/option>\n\t\t\t\t\t\t<option class=\"level-0\" value=\"wohnungen\" >Wohnungen<\/option>\n\t\t\t\t\t<\/select>\n\t\t\t\t<\/div>\n\t\t\t\n\t\t\t<div class=\"col-md-2\">\n\t\t\t\t<select name=\"areas\">\n\t\t\t\t\t<option value=\"0\">Gebiet<\/option>\n\t\t\t\t\t<option class=\"level-0\" value=\"formentera\" >Formentera<\/option>\n\t\t\t\t\t<option class=\"level-0\" value=\"ibiza\" >Ibiza<\/option>\n\t\t\t\t\t<option class=\"level-0\" value=\"san-antonio\" >San Antonio<\/option>\n\t\t\t\t\t<option class=\"level-0\" value=\"san-carlos\" >San Carlos<\/option>\n\t\t\t\t\t<option class=\"level-0\" value=\"san-jose\" >San Jose<\/option>\n\t\t\t\t\t<option class=\"level-0\" value=\"san-juan\" >San Juan<\/option>\n\t\t\t\t\t<option class=\"level-0\" value=\"san-lorenzo\" >San Lorenzo<\/option>\n\t\t\t\t\t<option class=\"level-0\" value=\"san-miguel\" >San Miguel<\/option>\n\t\t\t\t\t<option class=\"level-0\" value=\"san-rafael\" >San Rafael<\/option>\n\t\t\t\t\t<option class=\"level-0\" value=\"san-vicente\" >San Vicente<\/option>\n\t\t\t\t\t<option class=\"level-0\" value=\"santa-eulalia\" >Santa Eulalia<\/option>\n\t\t\t\t\t<option class=\"level-0\" value=\"santa-gertrudis\" >Santa Gertrudis<\/option>\n\t\t\t\t<\/select>\n\t\t\t<\/div>\n\n\t\t\t<div class=\"col-md-2\">\n\n\t\t\t\t<select name=\"pricerange\">\n\t\t\t\t\t<option value=\"0\">Preis<\/option>\n\t\t\t\t\t<option class=\"level-0\" value=\"under-500000\" >weniger als \u20ac 500.000<\/option>\n\t\t\t\t\t<option class=\"level-0\" value=\"500000-1000000\" >&euro; 500.000 - &euro; 1.000.000<\/option>\n\t\t\t\t\t<option class=\"level-0\" value=\"1000000-2000000\" >&euro; 1.000.000 - &euro; 2.000.000<\/option>\n\t\t\t\t\t<option class=\"level-0\" value=\"2000000-3000000\" >&euro; 2.000.000 - &euro; 3.000.000<\/option>\n\t\t\t\t\t<option class=\"level-0\" value=\"3000000-5999999\" >&euro; 3.000.000 - &euro; 6.000.000<\/option>\n\t\t\t\t\t<option class=\"level-0\" value=\"6000000-higher\" >&euro; 6.000.000 plus <\/option>\n\t\t\t\t<\/select>\n\n\t\t\t<\/div>\n\n\t\t\t<div class=\"col-md-4\" style=\"padding: 0;\">\n\n\t\t\t\t<div class=\"row\">\n\t\t\t\t\t<div class=\"col-md-5\">\n\t\t\t\t\t\t<select name=\"spacerequirements\">\n\t\t\t\t\t\t\t<option value=\"0\">Schlafr\u00e4ume<\/option>\n\n\t\t\t\t\t\t\t<option class=\"level-0\" value=\"1-bedrooms\" >1 Schlafr\u00e4ume<\/option>\n\n\t\t\t\t\t\t\t<option class=\"level-0\" value=\"2-bedrooms\" >2 Schlafr\u00e4ume<\/option>\n\n\t\t\t\t\t\t\t<option class=\"level-0\" value=\"3-bedrooms\" >3 Schlafr\u00e4ume<\/option>\n\n\t\t\t\t\t\t\t<option class=\"level-0\" value=\"4-bedrooms\" >4 Schlafr\u00e4ume<\/option>\n\n\t\t\t\t\t\t\t<option class=\"level-0\" value=\"5-bedrooms\" >5 Schlafr\u00e4ume<\/option>\n\n\t\t\t\t\t\t\t<option class=\"level-0\" value=\"larger\" >6+<\/option>\n\t\t\t\t\t\t<\/select>\n\t\t\t\t\t<\/div>\n\n\t\t\t\t\t<div class=\"col-md-7 clearfix\">\n\n\t\t\t\t\t\t<div style=\"width:67%; float:left; padding-right: 4px;\">\n\t\t\t\t\t\t\t<input type=\"submit\" onclick=\"javascript: jQuery('#loader').show();\" value=\"GO\">\n\t\t\t\t\t\t<\/div>\n\t\t\t\t\t<\/div>\n\t\t\t\t<\/div>\n\n\t\t\t<\/div>\n\t\t<\/div>\n\n\t<\/form>\n    \n    <\/div>\n\t\t\t\t\t\t<\/div>\n\t\t\t\t<\/div>\n\t\t\t\t<div class=\"elementor-element elementor-element-62a02a5 elementor-widget-divider--view-line elementor-widget elementor-widget-divider\" data-id=\"62a02a5\" data-element_type=\"widget\" data-e-type=\"widget\" data-widget_type=\"divider.default\">\n\t\t\t\t<div class=\"elementor-widget-container\">\n\t\t\t\t\t\t\t<div class=\"elementor-divider\">\n\t\t\t<span class=\"elementor-divider-separator\">\n\t\t\t\t\t\t<\/span>\n\t\t<\/div>\n\t\t\t\t\t\t<\/div>\n\t\t\t\t<\/div>\n\t\t\t\t\t<\/div>\n\t\t\t\t<\/div>\n\t\t\t\t<\/div>\n\t\t<div class=\"elementor-element elementor-element-f3c4e48 e-flex e-con-boxed e-con e-parent\" data-id=\"f3c4e48\" data-element_type=\"container\" data-e-type=\"container\">\n\t\t\t\t\t<div class=\"e-con-inner\">\n\t\t<div class=\"elementor-element elementor-element-0577d65 e-con-full e-flex e-con e-parent\" data-id=\"0577d65\" data-element_type=\"container\" data-e-type=\"container\">\n\t\t\t\t<div class=\"elementor-element elementor-element-e956e23 elementor-widget elementor-widget-heading\" data-id=\"e956e23\" data-element_type=\"widget\" data-e-type=\"widget\" data-widget_type=\"heading.default\">\n\t\t\t\t<div class=\"elementor-widget-container\">\n\t\t\t\t\t<h1 class=\"elementor-heading-title elementor-size-default\">KONTAKT<\/h1>\t\t\t\t<\/div>\n\t\t\t\t<\/div>\n\t\t\t\t<div class=\"elementor-element elementor-element-27cea39 elementor-widget elementor-widget-text-editor\" data-id=\"27cea39\" data-element_type=\"widget\" data-e-type=\"widget\" data-widget_type=\"text-editor.default\">\n\t\t\t\t<div class=\"elementor-widget-container\">\n\t\t\t\t\t\t\t\t\t<p style=\"text-align: center;\">Solana Ibiza Real Estate &#8211; Inmobiliaria Ibiza<\/p>\n<p><a href=\"https:\/\/www.solanaibiza.com\/wp-content\/uploads\/2023\/01\/solana-ibiza-office-window-1.jpg\"><img fetchpriority=\"high\" decoding=\"async\" class=\"wp-image-19108 aligncenter\" src=\"https:\/\/www.solanaibiza.com\/wp-content\/uploads\/2023\/01\/solana-ibiza-office-window-1.jpg\" alt=\"Solana Ibiza Office Window\" width=\"500\" height=\"325\"><\/a><\/p>\n<p>F\u00fcr weitere Informationen \u00fcber eine der auf dieser Website angebotenen <a href=\"https:\/\/www.solanaibiza.com\/de\/verkaufen\/\">Immobilie<\/a>, oder um sich \u00fcber die Verf\u00fcgbarkeit von <a href=\"https:\/\/www.solanaibiza.com\/de\/vermietung\/\">anderen<\/a> zu erkundigen, f\u00fcllen Sie bitte dieses Formular aus und senden Sie es ab.<\/p>\n\t\t\t\t\t\t\t\t<\/div>\n\t\t\t\t<\/div>\n\t\t\t\t<div class=\"elementor-element elementor-element-6d210e8 elementor-button-align-stretch elementor-widget elementor-widget-form\" data-id=\"6d210e8\" data-element_type=\"widget\" data-e-type=\"widget\" data-settings=\"{&quot;step_next_label&quot;:&quot;Next&quot;,&quot;step_previous_label&quot;:&quot;Previous&quot;,&quot;button_width&quot;:&quot;100&quot;,&quot;step_type&quot;:&quot;number_text&quot;,&quot;step_icon_shape&quot;:&quot;circle&quot;}\" data-widget_type=\"form.default\">\n\t\t\t\t<div class=\"elementor-widget-container\">\n\t\t\t\t\t\t\t<form class=\"elementor-form\" method=\"post\" name=\"New Form\" aria-label=\"New Form\">\n\t\t\t<input type=\"hidden\" name=\"post_id\" value=\"23740\"\/>\n\t\t\t<input type=\"hidden\" name=\"form_id\" value=\"6d210e8\"\/>\n\t\t\t<input type=\"hidden\" name=\"referer_title\" value=\"Kontakt - Immobilien Ibiza\" \/>\n\n\t\t\t\t\t\t\t<input type=\"hidden\" name=\"queried_id\" value=\"23740\"\/>\n\t\t\t\n\t\t\t<div class=\"elementor-form-fields-wrapper elementor-labels-above\">\n\t\t\t\t\t\t\t\t<div class=\"elementor-field-type-email elementor-field-group elementor-column elementor-field-group-email elementor-col-100 elementor-field-required elementor-mark-required\">\n\t\t\t\t\t\t\t\t\t\t\t\t<label for=\"form-field-email\" class=\"elementor-field-label\">\n\t\t\t\t\t\t\t\tEmail\t\t\t\t\t\t\t<\/label>\n\t\t\t\t\t\t\t\t\t\t\t\t\t\t<input size=\"1\" type=\"email\" name=\"form_fields[email]\" id=\"form-field-email\" class=\"elementor-field elementor-size-sm  elementor-field-textual\" placeholder=\"Email\" required=\"required\">\n\t\t\t\t\t\t\t\t\t\t\t<\/div>\n\t\t\t\t\t\t\t\t<div class=\"elementor-field-type-text elementor-field-group elementor-column elementor-field-group-name elementor-col-50 elementor-field-required elementor-mark-required\">\n\t\t\t\t\t\t\t\t\t\t\t\t<label for=\"form-field-name\" class=\"elementor-field-label\">\n\t\t\t\t\t\t\t\tName\t\t\t\t\t\t\t<\/label>\n\t\t\t\t\t\t\t\t\t\t\t\t\t\t<input size=\"1\" type=\"text\" name=\"form_fields[name]\" id=\"form-field-name\" class=\"elementor-field elementor-size-sm  elementor-field-textual\" placeholder=\"Name\" required=\"required\">\n\t\t\t\t\t\t\t\t\t\t\t<\/div>\n\t\t\t\t\t\t\t\t<div class=\"elementor-field-type-text elementor-field-group elementor-column elementor-field-group-field_5cd7fd1 elementor-col-50 elementor-field-required elementor-mark-required\">\n\t\t\t\t\t\t\t\t\t\t\t\t<label for=\"form-field-field_5cd7fd1\" class=\"elementor-field-label\">\n\t\t\t\t\t\t\t\tSurname\t\t\t\t\t\t\t<\/label>\n\t\t\t\t\t\t\t\t\t\t\t\t\t\t<input size=\"1\" type=\"text\" name=\"form_fields[field_5cd7fd1]\" id=\"form-field-field_5cd7fd1\" class=\"elementor-field elementor-size-sm  elementor-field-textual\" placeholder=\"Surname\" required=\"required\">\n\t\t\t\t\t\t\t\t\t\t\t<\/div>\n\t\t\t\t\t\t\t\t<div class=\"elementor-field-type-tel elementor-field-group elementor-column elementor-field-group-field_548ce8d elementor-col-50 elementor-field-required elementor-mark-required\">\n\t\t\t\t\t\t\t\t\t\t\t\t<label for=\"form-field-field_548ce8d\" class=\"elementor-field-label\">\n\t\t\t\t\t\t\t\tPhone\t\t\t\t\t\t\t<\/label>\n\t\t\t\t\t\t\t\t<input size=\"1\" type=\"tel\" name=\"form_fields[field_548ce8d]\" id=\"form-field-field_548ce8d\" class=\"elementor-field elementor-size-sm  elementor-field-textual\" placeholder=\"Phone\" required=\"required\" pattern=\"[0-9()#&amp;+*-=.]+\" title=\"Nur Nummern oder Telefon-Zeichen (#, -, *, etc) werden akzeptiert.\">\n\n\t\t\t\t\t\t<\/div>\n\t\t\t\t\t\t\t\t<div class=\"elementor-field-type-tel elementor-field-group elementor-column elementor-field-group-field_1f9d6a5 elementor-col-50\">\n\t\t\t\t\t\t\t\t\t\t\t\t<label for=\"form-field-field_1f9d6a5\" class=\"elementor-field-label\">\n\t\t\t\t\t\t\t\tMobile\t\t\t\t\t\t\t<\/label>\n\t\t\t\t\t\t\t\t<input size=\"1\" type=\"tel\" name=\"form_fields[field_1f9d6a5]\" id=\"form-field-field_1f9d6a5\" class=\"elementor-field elementor-size-sm  elementor-field-textual\" placeholder=\"Mobile\" pattern=\"[0-9()#&amp;+*-=.]+\" title=\"Nur Nummern oder Telefon-Zeichen (#, -, *, etc) werden akzeptiert.\">\n\n\t\t\t\t\t\t<\/div>\n\t\t\t\t\t\t\t\t<div class=\"elementor-field-type-text elementor-field-group elementor-column elementor-field-group-field_ebc21b4 elementor-col-50\">\n\t\t\t\t\t\t\t\t\t\t\t\t<label for=\"form-field-field_ebc21b4\" class=\"elementor-field-label\">\n\t\t\t\t\t\t\t\tAddress\t\t\t\t\t\t\t<\/label>\n\t\t\t\t\t\t\t\t\t\t\t\t\t\t<input size=\"1\" type=\"text\" name=\"form_fields[field_ebc21b4]\" id=\"form-field-field_ebc21b4\" class=\"elementor-field elementor-size-sm  elementor-field-textual\" placeholder=\"Address\">\n\t\t\t\t\t\t\t\t\t\t\t<\/div>\n\t\t\t\t\t\t\t\t<div class=\"elementor-field-type-text elementor-field-group elementor-column elementor-field-group-field_55c1fd4 elementor-col-50\">\n\t\t\t\t\t\t\t\t\t\t\t\t<label for=\"form-field-field_55c1fd4\" class=\"elementor-field-label\">\n\t\t\t\t\t\t\t\tPostal Code\t\t\t\t\t\t\t<\/label>\n\t\t\t\t\t\t\t\t\t\t\t\t\t\t<input size=\"1\" type=\"text\" name=\"form_fields[field_55c1fd4]\" id=\"form-field-field_55c1fd4\" class=\"elementor-field elementor-size-sm  elementor-field-textual\" placeholder=\"Postal Code\">\n\t\t\t\t\t\t\t\t\t\t\t<\/div>\n\t\t\t\t\t\t\t\t<div class=\"elementor-field-type-text elementor-field-group elementor-column elementor-field-group-field_e9769b3 elementor-col-50\">\n\t\t\t\t\t\t\t\t\t\t\t\t<label for=\"form-field-field_e9769b3\" class=\"elementor-field-label\">\n\t\t\t\t\t\t\t\tCity\t\t\t\t\t\t\t<\/label>\n\t\t\t\t\t\t\t\t\t\t\t\t\t\t<input size=\"1\" type=\"text\" name=\"form_fields[field_e9769b3]\" id=\"form-field-field_e9769b3\" class=\"elementor-field elementor-size-sm  elementor-field-textual\" placeholder=\"City\">\n\t\t\t\t\t\t\t\t\t\t\t<\/div>\n\t\t\t\t\t\t\t\t<div class=\"elementor-field-type-text elementor-field-group elementor-column elementor-field-group-field_2239893 elementor-col-50\">\n\t\t\t\t\t\t\t\t\t\t\t\t<label for=\"form-field-field_2239893\" class=\"elementor-field-label\">\n\t\t\t\t\t\t\t\tCountry\t\t\t\t\t\t\t<\/label>\n\t\t\t\t\t\t\t\t\t\t\t\t\t\t<input size=\"1\" type=\"text\" name=\"form_fields[field_2239893]\" id=\"form-field-field_2239893\" class=\"elementor-field elementor-size-sm  elementor-field-textual\" placeholder=\"Country\">\n\t\t\t\t\t\t\t\t\t\t\t<\/div>\n\t\t\t\t\t\t\t\t<div class=\"elementor-field-type-textarea elementor-field-group elementor-column elementor-field-group-message elementor-col-100\">\n\t\t\t\t\t\t\t\t\t\t\t\t<label for=\"form-field-message\" class=\"elementor-field-label\">\n\t\t\t\t\t\t\t\tMessage\t\t\t\t\t\t\t<\/label>\n\t\t\t\t\t\t<textarea class=\"elementor-field-textual elementor-field  elementor-size-sm\" name=\"form_fields[message]\" id=\"form-field-message\" rows=\"4\" placeholder=\"Message\"><\/textarea>\t\t\t\t<\/div>\n\t\t\t\t\t\t\t\t<div class=\"elementor-field-type-checkbox elementor-field-group elementor-column elementor-field-group-field_4147748 elementor-col-100\">\n\t\t\t\t\t<div class=\"elementor-field-subgroup  \"><span class=\"elementor-field-option\"><input type=\"checkbox\" value=\"Would you like to receive our newsletter with news?\" id=\"form-field-field_4147748-0\" name=\"form_fields[field_4147748]\"> <label for=\"form-field-field_4147748-0\">Would you like to receive our newsletter with news?<\/label><\/span><\/div>\t\t\t\t<\/div>\n\t\t\t\t\t\t\t\t<div class=\"elementor-field-type-recaptcha_v3 elementor-field-group elementor-column elementor-field-group-field_eb72e64 elementor-col-100 recaptcha_v3-bottomright\">\n\t\t\t\t\t<div class=\"elementor-field\" id=\"form-field-field_eb72e64\"><div class=\"elementor-g-recaptcha\" data-sitekey=\"6Ld7IggoAAAAAOxLYorZ4ZXw5Ni_ky7KAgsmvERt\" data-type=\"v3\" data-action=\"Form\" data-badge=\"bottomright\" data-size=\"invisible\"><\/div><\/div>\t\t\t\t<\/div>\n\t\t\t\t\t\t\t\t<div class=\"elementor-field-group elementor-column elementor-field-type-submit elementor-col-100 e-form__buttons\">\n\t\t\t\t\t<button class=\"elementor-button elementor-size-sm\" type=\"submit\">\n\t\t\t\t\t\t<span class=\"elementor-button-content-wrapper\">\n\t\t\t\t\t\t\t\t\t\t\t\t\t\t\t\t\t\t\t\t\t\t<span class=\"elementor-button-text\">Send<\/span>\n\t\t\t\t\t\t\t\t\t\t\t\t\t<\/span>\n\t\t\t\t\t<\/button>\n\t\t\t\t<\/div>\n\t\t\t<\/div>\n\t\t<\/form>\n\t\t\t\t\t\t<\/div>\n\t\t\t\t<\/div>\n\t\t\t\t<div class=\"elementor-element elementor-element-a24a1b5 elementor-widget elementor-widget-spacer\" data-id=\"a24a1b5\" data-element_type=\"widget\" data-e-type=\"widget\" data-widget_type=\"spacer.default\">\n\t\t\t\t<div class=\"elementor-widget-container\">\n\t\t\t\t\t\t\t<div class=\"elementor-spacer\">\n\t\t\t<div class=\"elementor-spacer-inner\"><\/div>\n\t\t<\/div>\n\t\t\t\t\t\t<\/div>\n\t\t\t\t<\/div>\n\t\t\t\t<div class=\"elementor-element elementor-element-ce94c31 elementor-widget elementor-widget-text-editor\" data-id=\"ce94c31\" data-element_type=\"widget\" data-e-type=\"widget\" data-widget_type=\"text-editor.default\">\n\t\t\t\t<div class=\"elementor-widget-container\">\n\t\t\t\t\t\t\t\t\t<p><strong>Solana Ibiza, S.L.<\/strong><br \/>Real Estate \/ Gesti\u00f3n inmobiliaria<\/p>\n<p>Via Romana 17, bajos<br \/>07800, Ibiza, Islas Baleares, (Espa\u00f1a)<\/p>\n<p>Tel: <a href=\"tel:+34971190709\">+34 971 190 709<\/a><br \/>Whatsapp: <a href=\"https:\/\/wa.me\/34607902612\" target=\"_blank\" rel=\"noopener\">+34 607 902 612<\/a><\/p>\n\t\t\t\t\t\t\t\t<\/div>\n\t\t\t\t<\/div>\n\t\t\t\t<div class=\"elementor-element elementor-element-143e46a elementor-shape-square elementor-grid-0 e-grid-align-center elementor-widget elementor-widget-social-icons\" data-id=\"143e46a\" data-element_type=\"widget\" data-e-type=\"widget\" data-widget_type=\"social-icons.default\">\n\t\t\t\t<div class=\"elementor-widget-container\">\n\t\t\t\t\t\t\t<div class=\"elementor-social-icons-wrapper elementor-grid\" role=\"list\">\n\t\t\t\t\t\t\t<span class=\"elementor-grid-item\" role=\"listitem\">\n\t\t\t\t\t<a class=\"elementor-icon elementor-social-icon elementor-social-icon-facebook elementor-repeater-item-caf4101\" href=\"https:\/\/www.facebook.com\/solanaibiza\/\" target=\"_blank\" rel=\"noopener\">\n\t\t\t\t\t\t<span class=\"elementor-screen-only\">Facebook<\/span>\n\t\t\t\t\t\t<i aria-hidden=\"true\" class=\"fab fa-facebook\"><\/i>\t\t\t\t\t<\/a>\n\t\t\t\t<\/span>\n\t\t\t\t\t\t\t<span class=\"elementor-grid-item\" role=\"listitem\">\n\t\t\t\t\t<a class=\"elementor-icon elementor-social-icon elementor-social-icon-twitter elementor-repeater-item-5211571\" href=\"https:\/\/twitter.com\/solanaibiza\" target=\"_blank\" rel=\"noopener\">\n\t\t\t\t\t\t<span class=\"elementor-screen-only\">Twitter<\/span>\n\t\t\t\t\t\t<i aria-hidden=\"true\" class=\"fab fa-twitter\"><\/i>\t\t\t\t\t<\/a>\n\t\t\t\t<\/span>\n\t\t\t\t\t\t\t<span class=\"elementor-grid-item\" role=\"listitem\">\n\t\t\t\t\t<a class=\"elementor-icon elementor-social-icon elementor-social-icon-instagram elementor-repeater-item-d01cf80\" href=\"https:\/\/www.instagram.com\/solanaibiza\/\" target=\"_blank\" rel=\"noopener\">\n\t\t\t\t\t\t<span class=\"elementor-screen-only\">Instagram<\/span>\n\t\t\t\t\t\t<i aria-hidden=\"true\" class=\"fab fa-instagram\"><\/i>\t\t\t\t\t<\/a>\n\t\t\t\t<\/span>\n\t\t\t\t\t\t\t<span class=\"elementor-grid-item\" role=\"listitem\">\n\t\t\t\t\t<a class=\"elementor-icon elementor-social-icon elementor-social-icon-pinterest elementor-repeater-item-8132bd2\" href=\"https:\/\/es.pinterest.com\/solanaibiza\/\" target=\"_blank\" rel=\"noopener\">\n\t\t\t\t\t\t<span class=\"elementor-screen-only\">Pinterest<\/span>\n\t\t\t\t\t\t<i aria-hidden=\"true\" class=\"fab fa-pinterest\"><\/i>\t\t\t\t\t<\/a>\n\t\t\t\t<\/span>\n\t\t\t\t\t\t\t<span class=\"elementor-grid-item\" role=\"listitem\">\n\t\t\t\t\t<a class=\"elementor-icon elementor-social-icon elementor-social-icon-youtube elementor-repeater-item-dd3f6e8\" href=\"https:\/\/www.youtube.com\/channel\/UCImGpNa5VqOapel3TjGGE_w\" target=\"_blank\" rel=\"noopener\">\n\t\t\t\t\t\t<span class=\"elementor-screen-only\">Youtube<\/span>\n\t\t\t\t\t\t<i aria-hidden=\"true\" class=\"fab fa-youtube\"><\/i>\t\t\t\t\t<\/a>\n\t\t\t\t<\/span>\n\t\t\t\t\t\t\t<span class=\"elementor-grid-item\" role=\"listitem\">\n\t\t\t\t\t<a class=\"elementor-icon elementor-social-icon elementor-social-icon-linkedin elementor-repeater-item-b458fff\" href=\"https:\/\/www.linkedin.com\/company\/solana-ibiza\/\" target=\"_blank\" rel=\"noopener\">\n\t\t\t\t\t\t<span class=\"elementor-screen-only\">Linkedin<\/span>\n\t\t\t\t\t\t<i aria-hidden=\"true\" class=\"fab fa-linkedin\"><\/i>\t\t\t\t\t<\/a>\n\t\t\t\t<\/span>\n\t\t\t\t\t<\/div>\n\t\t\t\t\t\t<\/div>\n\t\t\t\t<\/div>\n\t\t\t\t<div class=\"elementor-element elementor-element-7af96d5 elementor-widget elementor-widget-image\" data-id=\"7af96d5\" data-element_type=\"widget\" data-e-type=\"widget\" data-widget_type=\"image.default\">\n\t\t\t\t<div class=\"elementor-widget-container\">\n\t\t\t\t\t\t\t\t\t\t\t\t\t\t\t<img decoding=\"async\" width=\"400\" height=\"58\" src=\"https:\/\/www.solanaibiza.com\/wp-content\/uploads\/2023\/07\/api-pimeef-ok.jpg\" class=\"attachment-large size-large wp-image-66021\" alt=\"\" srcset=\"https:\/\/www.solanaibiza.com\/wp-content\/uploads\/2023\/07\/api-pimeef-ok.jpg 400w, https:\/\/www.solanaibiza.com\/wp-content\/uploads\/2023\/07\/api-pimeef-ok-300x44.jpg 300w, https:\/\/www.solanaibiza.com\/wp-content\/uploads\/2023\/07\/api-pimeef-ok-391x58.jpg 391w, https:\/\/www.solanaibiza.com\/wp-content\/uploads\/2023\/07\/api-pimeef-ok-390x58.jpg 390w\" sizes=\"(max-width: 400px) 100vw, 400px\" \/>\t\t\t\t\t\t\t\t\t\t\t\t\t\t\t<\/div>\n\t\t\t\t<\/div>\n\t\t\t\t<\/div>\n\t\t\t\t\t<\/div>\n\t\t\t\t<\/div>\n\t\t<div class=\"elementor-element elementor-element-d524bc9 e-con-full e-flex e-con e-parent\" data-id=\"d524bc9\" data-element_type=\"container\" data-e-type=\"container\">\n\t\t\t\t<div class=\"elementor-element elementor-element-30af629 elementor-widget elementor-widget-google_maps\" data-id=\"30af629\" data-element_type=\"widget\" data-e-type=\"widget\" data-widget_type=\"google_maps.default\">\n\t\t\t\t<div class=\"elementor-widget-container\">\n\t\t\t\t\t\t\t<div class=\"elementor-custom-embed\">\n\t\t\t<iframe loading=\"lazy\"\n\t\t\t\t\tsrc=\"https:\/\/maps.google.com\/maps?q=Inmobiliaria%20Solana%20Ibiza%20Real&#038;t=m&#038;z=17&#038;output=embed&#038;iwloc=near\"\n\t\t\t\t\ttitle=\"Inmobiliaria Solana Ibiza Real\"\n\t\t\t\t\taria-label=\"Inmobiliaria Solana Ibiza Real\"\n\t\t\t><\/iframe>\n\t\t<\/div>\n\t\t\t\t\t\t<\/div>\n\t\t\t\t<\/div>\n\t\t\t\t<\/div>\n\t\t\t\t<\/div>\n\t\t","protected":false},"excerpt":{"rendered":"<p>EINE EINFACHE SUCHE NACH IHRER IMMOBILIE KONTAKT Solana Ibiza Real Estate &#8211; Inmobiliaria Ibiza F\u00fcr weitere Informationen \u00fcber eine der auf dieser Website angebotenen Immobilie, oder um sich \u00fcber die Verf\u00fcgbarkeit von anderen zu erkundigen, f\u00fcllen Sie bitte dieses Formular aus und senden Sie es ab. Solana Ibiza, S.L.Real Estate \/ Gesti\u00f3n inmobiliaria Via Romana [&hellip;]<\/p>\n","protected":false},"author":2,"featured_media":45413,"parent":0,"menu_order":0,"comment_status":"closed","ping_status":"closed","template":"","meta":{"_acf_changed":false,"footnotes":""},"class_list":["post-23740","page","type-page","status-publish","has-post-thumbnail","hentry"],"acf":[],"_links":{"self":[{"href":"https:\/\/www.solanaibiza.com\/de\/wp-json\/wp\/v2\/pages\/23740","targetHints":{"allow":["GET"]}}],"collection":[{"href":"https:\/\/www.solanaibiza.com\/de\/wp-json\/wp\/v2\/pages"}],"about":[{"href":"https:\/\/www.solanaibiza.com\/de\/wp-json\/wp\/v2\/types\/page"}],"author":[{"embeddable":true,"href":"https:\/\/www.solanaibiza.com\/de\/wp-json\/wp\/v2\/users\/2"}],"replies":[{"embeddable":true,"href":"https:\/\/www.solanaibiza.com\/de\/wp-json\/wp\/v2\/comments?post=23740"}],"version-history":[{"count":0,"href":"https:\/\/www.solanaibiza.com\/de\/wp-json\/wp\/v2\/pages\/23740\/revisions"}],"wp:featuredmedia":[{"embeddable":true,"href":"https:\/\/www.solanaibiza.com\/de\/wp-json\/wp\/v2\/media\/45413"}],"wp:attachment":[{"href":"https:\/\/www.solanaibiza.com\/de\/wp-json\/wp\/v2\/media?parent=23740"}],"curies":[{"name":"wp","href":"https:\/\/api.w.org\/{rel}","templated":true}]}}